{"id":167,"date":"2017-02-14T15:23:04","date_gmt":"2017-02-14T14:23:04","guid":{"rendered":"https:\/\/www.itobuke.rs\/opis-programa\/"},"modified":"2018-11-14T08:22:04","modified_gmt":"2018-11-14T07:22:04","slug":"opis-programa","status":"publish","type":"page","link":"https:\/\/itobuke.rs\/rs\/opis-programa\/","title":{"rendered":"Opis programa"},"content":{"rendered":"<p>Program obuke osmi\u0161ljen je sa ciljem da brzo doprinese ponudi talenata na tr\u017ei\u0161tu rada. Program za nezaposlena lica sprovodi Nacionalna slu\u017eba za zapo\u0161ljavanje, dok za zaposlena lica obuke sprovodi Kancelarija za infomacione tehnologije i elektronsku Upravu u saradnji sa programom Ujedinjenih nacija za razvoj (UNDP).<\/p>\n<p>Potencijalni kandidati \u0107e polagati test IT sposobnosti i potencijala za rad u IT-u, na osnovu kog \u0107e biti rangirani. Cilj programa je da obu\u010di ljude koji odgovaraju potrebama industrije, koje \u0107e biti utvr\u0111ene na osnovu anketiranja kompanija.<\/p>\n<p>Program je vrlo isplativ, jer \u0107e novozaposleni programer kroz poreze vratiti iznos ulo\u017een u obuke za oko 6 meseci. Prose\u010dna po\u010detna plata zaposlenih iz prve pilot faze je oko 45.000 dinara. Sa vi\u0161e od 30% zaposlenih na pozicijama programera iz prve pilot faze prekvalifikacija, investicija se vra\u0107a dr\u017eavi kroz poreze i doprinose za manje od godinu dana, dok je celokupan efekat na ekonomiju Srbije mnogo ve\u0107i.<\/p>\n<p>Prethodni pilot program je ura\u0111en u saradnji sa Programom Ujedinjenih nacija za razvoj (UNDP). Projekat se sastoji od dve faze \u2013 u prvoj pilot fazi je u\u010destvovalo 100 polaznika i 4 organizatora obuka. U drugoj fazi u\u010destvuje jo\u0161 700 polaznika, \u010dije se obuke zavr\u0161avaju tokom leta 2018. godine.<\/p>\n","protected":false},"excerpt":{"rendered":"<p>Program obuke osmi\u0161ljen je sa ciljem da brzo doprinese ponudi talenata na tr\u017ei\u0161tu rada. Program za nezaposlena lica sprovodi Nacionalna slu\u017eba za zapo\u0161ljavanje, dok za zaposlena lica obuke sprovodi Kancelarija za infomacione tehnologije i elektronsku Upravu u saradnji sa programom Ujedinjenih nacija za razvoj (UNDP). Potencijalni kandidati \u0107e polagati test IT sposobnosti i potencijala za rad u IT-u, na osnovu &#8230; <\/p>\n<div><a href=\"https:\/\/itobuke.rs\/rs\/opis-programa\/\" class=\"more-link\">Op\u0161irnije&#8230;<\/a><\/div>\n","protected":false},"author":2,"featured_media":0,"parent":0,"menu_order":0,"comment_status":"closed","ping_status":"closed","template":"template-layout-full-width.php","meta":[],"_links":{"self":[{"href":"https:\/\/itobuke.rs\/rs\/wp-json\/wp\/v2\/pages\/167"}],"collection":[{"href":"https:\/\/itobuke.rs\/rs\/wp-json\/wp\/v2\/pages"}],"about":[{"href":"https:\/\/itobuke.rs\/rs\/wp-json\/wp\/v2\/types\/page"}],"author":[{"embeddable":true,"href":"https:\/\/itobuke.rs\/rs\/wp-json\/wp\/v2\/users\/2"}],"replies":[{"embeddable":true,"href":"https:\/\/itobuke.rs\/rs\/wp-json\/wp\/v2\/comments?post=167"}],"version-history":[{"count":7,"href":"https:\/\/itobuke.rs\/rs\/wp-json\/wp\/v2\/pages\/167\/revisions"}],"predecessor-version":[{"id":2622,"href":"https:\/\/itobuke.rs\/rs\/wp-json\/wp\/v2\/pages\/167\/revisions\/2622"}],"wp:attachment":[{"href":"https:\/\/itobuke.rs\/rs\/wp-json\/wp\/v2\/media?parent=167"}],"curies":[{"name":"wp","href":"https:\/\/api.w.org\/{rel}","templated":true}]}}