{"id":173,"date":"2017-02-14T15:42:21","date_gmt":"2017-02-14T14:42:21","guid":{"rendered":"https:\/\/www.itobuke.rs\/pocetna\/"},"modified":"2022-05-23T14:04:59","modified_gmt":"2022-05-23T13:04:59","slug":"pocetna","status":"publish","type":"page","link":"https:\/\/itobuke.rs\/rs\/","title":{"rendered":"Po\u010detna"},"content":{"rendered":"<div id=\"cs-content\" class=\"cs-content\"><div id=\"x-section-1\" class=\"x-section cs-hide-lg cs-hide-xl cs-ta-center\" style=\"margin: 0px;padding: 0 1%; background-color: transparent;\" ><div id=\"\" class=\"x-container cs-hide-lg cs-hide-xl max width\" style=\"margin: 0px auto;padding: 0px;\" ><div  class=\"x-column x-sm okvir x-1-1\" style=\"padding: 0px;\" ><h2  class=\"h-custom-headline h3\" style=\"color: hsl(0, 0%, 100%);color: #000;padding: 10px 10px 10px 10px;\"><span><\/span><\/h2><\/div><\/div><\/div><div id=\"x-section-2\" class=\"x-section cs-ta-center bg-image parallax\" style=\"margin: 0px;padding: 5% 5; background-image: url(http:\/\/itobuke.rs\/wp-content\/uploads\/2019\/10\/komp-bg-3.jpg); background-color: #272727;\" data-x-element=\"section\" data-x-params=\"{&quot;type&quot;:&quot;image&quot;,&quot;parallax&quot;:true}\"><div id=\"\" class=\"x-container max width\" style=\"margin: 0px auto;padding: 0px;\" ><div  class=\"x-column x-sm okvir x-1-1\" style=\"padding: 0px;\" ><h2  class=\"h-custom-headline h5\" style=\"color: hsl(0, 0%, 100%);color: #fff;padding: 5px 10px 0px 10px;\"><span>Dobrodo\u0161li na sajt posve\u0107en prekvalifikacijama za IT<\/span><\/h2><\/div><\/div><div id=\"\" class=\"x-container okvir max width\" style=\"margin: 0px auto;padding: 0px;\" ><div  class=\"x-column x-sm x-1-1\" style=\"padding: 0px;\" ><div id=\"\" class=\"x-text cs-ta-left\" style=\"color: #fff;font-size:18px;padding: 5px 10px 0px 10px;\" ><p>IKT sektor je najve\u0107a neto izvozna grana sa ogromnim potencijalom za budu\u0107i rast. Taj sektor trenutno zapo\u0161ljava preko 40.000 radnika. Prose\u010dna plata po radniku u IT sektoru je skoro trostruko vi\u0161a nego u drugim privrednim granama .<br \/><span style=\"color: #ffcc00;\"><strong><a style=\"color: #ffcc00;\" href=\"https:\/\/itobuke.rs\/rs\/dobrodosli-na-sajt-posvecen-prekvalifikacijama-za-it\/\">Vi\u0161e o tome<\/a><\/strong><\/span><\/p>\n<\/div><\/div><\/div><\/div><div id=\"x-section-3\" class=\"x-section cs-ta-center\" style=\"margin: 0px;padding: 65px 0px 0; background-color: hsl(210, 50%, 98%);\" ><div id=\"\" class=\"x-container max width\" style=\"margin: 0px auto;padding: 0px;\" ><div  class=\"x-column x-sm x-1-1\" style=\"padding: 0px;\" ><h3  class=\"h-custom-headline cs-ta-center resp-h man accent\" ><span>PREKVALIFIKACIJE ZA IT ZA ZAPOSLENE I NEZAPOSLENE<\/span><\/h3><hr  class=\"x-gap\" style=\"margin: 15px 0 0 0;\"><div id=\"\" class=\"x-text\" style=\"\" ><p>Kancelarija predsednice Vlade , u partnerstvu sa Ministarstvom za rad, zapo\u0161ljavanje, bora\u010dka i socijalna pitanja i Kancelarijom za informacione tehnologije i elektronsku upravu i Programom Ujedinjenih nacija za razvoj (UNDP), poziva zaposlene i nezaposlene gra\u0107ane\/gra\u0107anke iz \u010ditave Srbije da se prijave za program prekvalifikacija za IT.<\/p>\n<\/div><hr  class=\"x-gap\" style=\"margin: 15px 0 0 0;\"><img  class=\"x-img man x-img-none\" style=\"width:70%;\" src=\"http:\/\/itobuke.rs\/wp-content\/uploads\/2021\/02\/zavrsetak-selekcije.jpg\" alt=\"Placeholder\"><\/div><\/div><\/div><div id=\"x-section-4\" class=\"x-section cs-ta-center\" style=\"margin: 0px;padding: 65px 0px;border-style: solid;border-width: 1px 0px;border-color: #e5e5e5; background-color: hsl(240, 27%, 41%);\" ><div id=\"\" class=\"x-container max width\" style=\"margin: 0px auto;padding: 0px;\" ><div  class=\"x-column x-sm x-1-1\" style=\"padding: 0px;\" ><h2  class=\"h-custom-headline h3 accent\" style=\"color: hsl(0, 0%, 100%);\"><span>Naj\u010de\u0161\u0107e postavljana pitanja<\/span><\/h2><hr  class=\"x-gap\" style=\"margin: 10px 0 0 0;\"> <div  class=\"x-accordion\" ><div  class=\"x-accordion-group\" ><div class=\"x-accordion-heading\"><a id=\"tab-69d5d8cd24c01\" class=\"x-accordion-toggle\" role=\"tab\" data-x-toggle=\"collapse-b\" data-x-toggleable=\"69d5d8cd24c01\" aria-selected=\"true\" aria-expanded=\"true\" aria-controls=\"panel-69d5d8cd24c01\">Kako se prijaviti?<\/a><\/div><div id=\"panel-69d5d8cd24c01\" class=\"x-accordion-body\" role=\"tabpanel\" data-x-toggle-collapse=\"1\" data-x-toggleable=\"69d5d8cd24c01\" aria-hidden=\"false\" aria-labelledby=\"tab-69d5d8cd24c01\"><div class=\"x-accordion-inner\">Svi zainteresovani gra\u0107ani\/gra\u0107anke koji ispunjavaju uslove definisane Programom mogu da se prijave popunjavanjem kratkog prijavnog formulara, dostupnog preko http:\/\/itobuke.rs\/prijava-2022\/<\/div><\/div><\/div><div  class=\"x-accordion-group\" ><div class=\"x-accordion-heading\"><a id=\"tab-69d5d8cd24c10\" class=\"x-accordion-toggle collapsed\" role=\"tab\" data-x-toggle=\"collapse-b\" data-x-toggleable=\"69d5d8cd24c10\" aria-selected=\"false\" aria-expanded=\"false\" aria-controls=\"panel-69d5d8cd24c10\">Do kad su prijave?<\/a><\/div><div id=\"panel-69d5d8cd24c10\" class=\"x-accordion-body x-collapsed\" role=\"tabpanel\" data-x-toggle-collapse=\"1\" data-x-toggleable=\"69d5d8cd24c10\" aria-hidden=\"true\" aria-labelledby=\"tab-69d5d8cd24c10\"><div class=\"x-accordion-inner\"> Rok za podno\u0161enje prijava je do 30.05.2022. godine.<\/div><\/div><\/div><div  class=\"x-accordion-group\" ><div class=\"x-accordion-heading\"><a id=\"tab-69d5d8cd24c1c\" class=\"x-accordion-toggle collapsed\" role=\"tab\" data-x-toggle=\"collapse-b\" data-x-toggleable=\"69d5d8cd24c1c\" aria-selected=\"false\" aria-expanded=\"false\" aria-controls=\"panel-69d5d8cd24c1c\">Kada po\u010dinje obuka?<\/a><\/div><div id=\"panel-69d5d8cd24c1c\" class=\"x-accordion-body x-collapsed\" role=\"tabpanel\" data-x-toggle-collapse=\"1\" data-x-toggleable=\"69d5d8cd24c1c\" aria-hidden=\"true\" aria-labelledby=\"tab-69d5d8cd24c1c\"><div class=\"x-accordion-inner\">Planiran po\u010detak obuke je polovina juna 2022. godine.<\/div><\/div><\/div><div  class=\"x-accordion-group\" ><div class=\"x-accordion-heading\"><a id=\"tab-69d5d8cd24c28\" class=\"x-accordion-toggle collapsed\" role=\"tab\" data-x-toggle=\"collapse-b\" data-x-toggleable=\"69d5d8cd24c28\" aria-selected=\"false\" aria-expanded=\"false\" aria-controls=\"panel-69d5d8cd24c28\">Ko mo\u017ee da konkuri\u0161e?<\/a><\/div><div id=\"panel-69d5d8cd24c28\" class=\"x-accordion-body x-collapsed\" role=\"tabpanel\" data-x-toggle-collapse=\"1\" data-x-toggleable=\"69d5d8cd24c28\" aria-hidden=\"true\" aria-labelledby=\"tab-69d5d8cd24c28\"><div class=\"x-accordion-inner\">Obuka je namenjena svim zainteresovanim gra\u0111anima\/gra\u0107ankama sa teritorije \u010ditave Srbije, koji su motivisani da razviju znanje i ve\u0161tine za zapo\u0161ljavanje u IKT sektoru, bez obzira na uzrast, vrstu obrazovanja ili prethodno radno iskustvo.<br \/>Od ste\u010denih znanja potrebno je poznavanje engleskog jezika, kao i osnove poznavanja rada na ra\u010dunaru.<br \/>Na osnovu dostavljenih prijava, bi\u0107e obavljeno testiranje i intervjui, nakon \u010dega \u0107e biti odabrano 400 u\u010desnika\/u\u010desnica.<\/div><\/div><\/div><div  class=\"x-accordion-group\" ><div class=\"x-accordion-heading\"><a id=\"tab-69d5d8cd24c32\" class=\"x-accordion-toggle collapsed\" role=\"tab\" data-x-toggle=\"collapse-b\" data-x-toggleable=\"69d5d8cd24c32\" aria-selected=\"false\" aria-expanded=\"false\" aria-controls=\"panel-69d5d8cd24c32\">Koliko traje obuka?<\/a><\/div><div id=\"panel-69d5d8cd24c32\" class=\"x-accordion-body x-collapsed\" role=\"tabpanel\" data-x-toggle-collapse=\"1\" data-x-toggleable=\"69d5d8cd24c32\" aria-hidden=\"true\" aria-labelledby=\"tab-69d5d8cd24c32\"><div class=\"x-accordion-inner\">Preporu\u010dena dinamika realizacije programa obuke je 6 meseci, dinamikom 3 puta nedeljno po 3 sata, ali \u0107e ista biti prilago\u0107ena u zavisnosti od samog pru\u017eaoca obuke i potreba polaznika\/polaznica. <\/div><\/div><\/div><div  class=\"x-accordion-group\" ><div class=\"x-accordion-heading\"><a id=\"tab-69d5d8cd24c3d\" class=\"x-accordion-toggle collapsed\" role=\"tab\" data-x-toggle=\"collapse-b\" data-x-toggleable=\"69d5d8cd24c3d\" aria-selected=\"false\" aria-expanded=\"false\" aria-controls=\"panel-69d5d8cd24c3d\">Mesto odr\u017eavanja Programa obuke?<\/a><\/div><div id=\"panel-69d5d8cd24c3d\" class=\"x-accordion-body x-collapsed\" role=\"tabpanel\" data-x-toggle-collapse=\"1\" data-x-toggleable=\"69d5d8cd24c3d\" aria-hidden=\"true\" aria-labelledby=\"tab-69d5d8cd24c3d\"><div class=\"x-accordion-inner\">Na\u010din realizacije: Online<\/div><\/div><\/div><div  class=\"x-accordion-group\" ><div class=\"x-accordion-heading\"><a id=\"tab-69d5d8cd24c48\" class=\"x-accordion-toggle collapsed\" role=\"tab\" data-x-toggle=\"collapse-b\" data-x-toggleable=\"69d5d8cd24c48\" aria-selected=\"false\" aria-expanded=\"false\" aria-controls=\"panel-69d5d8cd24c48\">\u0160ta polaznici treba da obezbede?<\/a><\/div><div id=\"panel-69d5d8cd24c48\" class=\"x-accordion-body x-collapsed\" role=\"tabpanel\" data-x-toggle-collapse=\"1\" data-x-toggleable=\"69d5d8cd24c48\" aria-hidden=\"true\" aria-labelledby=\"tab-69d5d8cd24c48\"><div class=\"x-accordion-inner\">Stabilnu internet konekciju i ra\u010dunar.<\/div><\/div><\/div><div  class=\"x-accordion-group\" ><div class=\"x-accordion-heading\"><a id=\"tab-69d5d8cd24c52\" class=\"x-accordion-toggle collapsed\" role=\"tab\" data-x-toggle=\"collapse-b\" data-x-toggleable=\"69d5d8cd24c52\" aria-selected=\"false\" aria-expanded=\"false\" aria-controls=\"panel-69d5d8cd24c52\">Da li se obuka pla\u0107a?<\/a><\/div><div id=\"panel-69d5d8cd24c52\" class=\"x-accordion-body x-collapsed\" role=\"tabpanel\" data-x-toggle-collapse=\"1\" data-x-toggleable=\"69d5d8cd24c52\" aria-hidden=\"true\" aria-labelledby=\"tab-69d5d8cd24c52\"><div class=\"x-accordion-inner\">Obuka je besplatna za sve polaznike\/polaznice koji uspe\u0161no pro\u0111u proces selekcije.<\/div><\/div><\/div><div  class=\"x-accordion-group\" ><div class=\"x-accordion-heading\"><a id=\"tab-69d5d8cd24c5c\" class=\"x-accordion-toggle collapsed\" role=\"tab\" data-x-toggle=\"collapse-b\" data-x-toggleable=\"69d5d8cd24c5c\" aria-selected=\"false\" aria-expanded=\"false\" aria-controls=\"panel-69d5d8cd24c5c\">Koji je sadr\u017eaj programa?<\/a><\/div><div id=\"panel-69d5d8cd24c5c\" class=\"x-accordion-body x-collapsed\" role=\"tabpanel\" data-x-toggle-collapse=\"1\" data-x-toggleable=\"69d5d8cd24c5c\" aria-hidden=\"true\" aria-labelledby=\"tab-69d5d8cd24c5c\"><div class=\"x-accordion-inner\">Program nudi mogu\u0107nost obuke iz slede\u0107ih oblasti:<br \/>Java Script, PHP, Python, Java, .NET, Sistem administracija<\/p>\n<p>Nakon obuke, svi polaznici\/polaznice \u0107e dobiti mogu\u0107nost da poha\u0111aju organizovanu praksu u trajanju od minimum 120 sati, u okviru IKT firme ili IKT sektora firme i 40 sati mentorskog programa. <\/div><\/div><\/div><div  class=\"x-accordion-group\" ><div class=\"x-accordion-heading\"><a id=\"tab-69d5d8cd24c67\" class=\"x-accordion-toggle collapsed\" role=\"tab\" data-x-toggle=\"collapse-b\" data-x-toggleable=\"69d5d8cd24c67\" aria-selected=\"false\" aria-expanded=\"false\" aria-controls=\"panel-69d5d8cd24c67\">Da li je neophodno imati predznanje iz neke oblasti?<\/a><\/div><div id=\"panel-69d5d8cd24c67\" class=\"x-accordion-body x-collapsed\" role=\"tabpanel\" data-x-toggle-collapse=\"1\" data-x-toggleable=\"69d5d8cd24c67\" aria-hidden=\"true\" aria-labelledby=\"tab-69d5d8cd24c67\"><div class=\"x-accordion-inner\">Od ste\u010denih znanja potrebno je poznavanje engleskog jezika, kao i osnove poznavanja rada na ra\u010dunaru.<\/div><\/div><\/div><div  class=\"x-accordion-group\" ><div class=\"x-accordion-heading\"><a id=\"tab-69d5d8cd24c70\" class=\"x-accordion-toggle collapsed\" role=\"tab\" data-x-toggle=\"collapse-b\" data-x-toggleable=\"69d5d8cd24c70\" aria-selected=\"false\" aria-expanded=\"false\" aria-controls=\"panel-69d5d8cd24c70\">Kada \u0107e biti odr\u017eano testiranje?<\/a><\/div><div id=\"panel-69d5d8cd24c70\" class=\"x-accordion-body x-collapsed\" role=\"tabpanel\" data-x-toggle-collapse=\"1\" data-x-toggleable=\"69d5d8cd24c70\" aria-hidden=\"true\" aria-labelledby=\"tab-69d5d8cd24c70\"><div class=\"x-accordion-inner\">Testiranje \u0107e se realizovati tokom juna 2022. Svi prijavljeni gra\u0107ani\/gra\u0107anke \u0107e nakon isteka roka za prijavu dobiti putem e-maila obave\u0161tenje o terminima testiranja.<\/div><\/div><\/div><div  class=\"x-accordion-group\" ><div class=\"x-accordion-heading\"><a id=\"tab-69d5d8cd24c7b\" class=\"x-accordion-toggle collapsed\" role=\"tab\" data-x-toggle=\"collapse-b\" data-x-toggleable=\"69d5d8cd24c7b\" aria-selected=\"false\" aria-expanded=\"false\" aria-controls=\"panel-69d5d8cd24c7b\">Kome se obratiti za dodatne informacije?<\/a><\/div><div id=\"panel-69d5d8cd24c7b\" class=\"x-accordion-body x-collapsed\" role=\"tabpanel\" data-x-toggle-collapse=\"1\" data-x-toggleable=\"69d5d8cd24c7b\" aria-hidden=\"true\" aria-labelledby=\"tab-69d5d8cd24c7b\"><div class=\"x-accordion-inner\">Za sve dodatne informacije mo\u017eete se obratiti putem mejla kontakt@itobuke.rs. <\/div><\/div><\/div><\/div> <\/div><\/div><\/div>\n<div id=\"x-section-5\" class=\"x-section\" style=\"margin: 0px;padding: 45px 0px; background-color: transparent;\" ><div id=\"\" class=\"x-container max width\" style=\"margin: 0px auto;padding: 0px;\" ><div  class=\"x-column x-sm x-1-2\" style=\"padding: 0px;\" ><script type=\"text\/javascript\">var gform;gform||(document.addEventListener(\"gform_main_scripts_loaded\",function(){gform.scriptsLoaded=!0}),window.addEventListener(\"DOMContentLoaded\",function(){gform.domLoaded=!0}),gform={domLoaded:!1,scriptsLoaded:!1,initializeOnLoaded:function(o){gform.domLoaded&&gform.scriptsLoaded?o():!gform.domLoaded&&gform.scriptsLoaded?window.addEventListener(\"DOMContentLoaded\",o):document.addEventListener(\"gform_main_scripts_loaded\",o)},hooks:{action:{},filter:{}},addAction:function(o,n,r,t){gform.addHook(\"action\",o,n,r,t)},addFilter:function(o,n,r,t){gform.addHook(\"filter\",o,n,r,t)},doAction:function(o){gform.doHook(\"action\",o,arguments)},applyFilters:function(o){return gform.doHook(\"filter\",o,arguments)},removeAction:function(o,n){gform.removeHook(\"action\",o,n)},removeFilter:function(o,n,r){gform.removeHook(\"filter\",o,n,r)},addHook:function(o,n,r,t,i){null==gform.hooks[o][n]&&(gform.hooks[o][n]=[]);var e=gform.hooks[o][n];null==i&&(i=n+\"_\"+e.length),gform.hooks[o][n].push({tag:i,callable:r,priority:t=null==t?10:t})},doHook:function(n,o,r){var t;if(r=Array.prototype.slice.call(r,1),null!=gform.hooks[n][o]&&((o=gform.hooks[n][o]).sort(function(o,n){return o.priority-n.priority}),o.forEach(function(o){\"function\"!=typeof(t=o.callable)&&(t=window[t]),\"action\"==n?t.apply(null,r):r[0]=t.apply(null,r)})),\"filter\"==n)return r[0]},removeHook:function(o,n,t,i){var r;null!=gform.hooks[o][n]&&(r=(r=gform.hooks[o][n]).filter(function(o,n,r){return!!(null!=i&&i!=o.tag||null!=t&&t!=o.priority)}),gform.hooks[o][n]=r)}});<\/script>\n                <div class='gf_browser_gecko gform_wrapper gform_legacy_markup_wrapper' id='gform_wrapper_1' ><div id='gf_1' class='gform_anchor' tabindex='-1'><\/div>\n                        <div class='gform_heading'>\n                            <h3 class=\"gform_title\">\u041a\u043e\u043d\u0442\u0430\u043a\u0442<\/h3>\n                        <\/div><form method='post' enctype='multipart\/form-data' target='gform_ajax_frame_1' id='gform_1'  action='\/rs\/wp-json\/wp\/v2\/pages\/173#gf_1' >\n                        <div class='gform_body gform-body'><ul id='gform_fields_1' class='gform_fields top_label form_sublabel_below description_below'><li id=\"field_1_4\" class=\"gfield gfield_contains_required field_sublabel_below field_description_below gfield_visibility_visible\" ><label class='gfield_label' for='input_1_4' >\u0418\u043c\u0435 \u0438  \u041f\u0440\u0435\u0437\u0438\u043c\u0435<span class=\"gfield_required\"><span class=\"gfield_required gfield_required_asterisk\">*<\/span><\/span><\/label><div class='ginput_container ginput_container_text'><input name='input_4' id='input_1_4' type='text' value='' class='medium'   tabindex='1'  aria-required=\"true\" aria-invalid=\"false\"   \/> <\/div><\/li><li id=\"field_1_2\" class=\"gfield gfield_contains_required field_sublabel_below field_description_below gfield_visibility_visible\" ><label class='gfield_label' for='input_1_2' >\u0415-\u043c\u0430\u0438\u043b<span class=\"gfield_required\"><span class=\"gfield_required gfield_required_asterisk\">*<\/span><\/span><\/label><div class='ginput_container ginput_container_email'>\n                            <input name='input_2' id='input_1_2' type='text' value='' class='medium' tabindex='2'   aria-required=\"true\" aria-invalid=\"false\"  \/>\n                        <\/div><\/li><li id=\"field_1_3\" class=\"gfield gfield_contains_required field_sublabel_below field_description_below gfield_visibility_visible\" ><label class='gfield_label' for='input_1_3' >\u041f\u043e\u0440\u0443\u043a\u0430<span class=\"gfield_required\"><span class=\"gfield_required gfield_required_asterisk\">*<\/span><\/span><\/label><div class='ginput_container ginput_container_textarea'><textarea name='input_3' id='input_1_3' class='textarea medium' tabindex='3'    aria-required=\"true\" aria-invalid=\"false\"   rows='10' cols='50'><\/textarea><\/div><\/li><\/ul><\/div>\n        <div class='gform_footer top_label'> <input type='submit' id='gform_submit_button_1' class='gform_button button' value='\u041f\u043e\u0448\u0430\u0459\u0438' tabindex='4' onclick='if(window[\"gf_submitting_1\"]){return false;}  window[\"gf_submitting_1\"]=true;  ' onkeypress='if( event.keyCode == 13 ){ if(window[\"gf_submitting_1\"]){return false;} window[\"gf_submitting_1\"]=true;  jQuery(\"#gform_1\").trigger(\"submit\",[true]); }' \/> <input type='hidden' name='gform_ajax' value='form_id=1&amp;title=1&amp;description=&amp;tabindex=1' \/>\n            <input type='hidden' class='gform_hidden' name='is_submit_1' value='1' \/>\n            <input type='hidden' class='gform_hidden' name='gform_submit' value='1' \/>\n            \n            <input type='hidden' class='gform_hidden' name='gform_unique_id' value='' \/>\n            <input type='hidden' class='gform_hidden' name='state_1' value='WyJbXSIsImFhNTY1NDlhYWZjYzZkY2FkYmY2MmRjNWEwNmRiM2VkIl0=' \/>\n            <input type='hidden' class='gform_hidden' name='gform_target_page_number_1' id='gform_target_page_number_1' value='0' \/>\n            <input type='hidden' class='gform_hidden' name='gform_source_page_number_1' id='gform_source_page_number_1' value='1' \/>\n            <input type='hidden' name='gform_field_values' value='' \/>\n            \n        <\/div>\n                        <p style=\"display: none !important;\"><label>&#916;<textarea name=\"ak_hp_textarea\" cols=\"45\" rows=\"8\" maxlength=\"100\"><\/textarea><\/label><input type=\"hidden\" id=\"ak_js_1\" name=\"ak_js\" value=\"52\"\/><script>document.getElementById( \"ak_js_1\" ).setAttribute( \"value\", ( new Date() ).getTime() );<\/script><\/p><\/form>\n                        <\/div>\n                <iframe style='display:none;width:0px;height:0px;' src='about:blank' name='gform_ajax_frame_1' id='gform_ajax_frame_1' title='This iframe contains the logic required to handle Ajax powered Gravity Forms.'><\/iframe>\n                <script type=\"text\/javascript\">\ngform.initializeOnLoaded( function() {gformInitSpinner( 1, 'https:\/\/itobuke.rs\/wp-content\/plugins\/gravityforms\/images\/spinner.svg' );jQuery('#gform_ajax_frame_1').on('load',function(){var contents = jQuery(this).contents().find('*').html();var is_postback = contents.indexOf('GF_AJAX_POSTBACK') >= 0;if(!is_postback){return;}var form_content = jQuery(this).contents().find('#gform_wrapper_1');var is_confirmation = jQuery(this).contents().find('#gform_confirmation_wrapper_1').length > 0;var is_redirect = contents.indexOf('gformRedirect(){') >= 0;var is_form = form_content.length > 0 && ! is_redirect && ! is_confirmation;var mt = parseInt(jQuery('html').css('margin-top'), 10) + parseInt(jQuery('body').css('margin-top'), 10) + 100;if(is_form){jQuery('#gform_wrapper_1').html(form_content.html());if(form_content.hasClass('gform_validation_error')){jQuery('#gform_wrapper_1').addClass('gform_validation_error');} else {jQuery('#gform_wrapper_1').removeClass('gform_validation_error');}setTimeout( function() { \/* delay the scroll by 50 milliseconds to fix a bug in chrome *\/ jQuery(document).scrollTop(jQuery('#gform_wrapper_1').offset().top - mt); }, 50 );if(window['gformInitDatepicker']) {gformInitDatepicker();}if(window['gformInitPriceFields']) {gformInitPriceFields();}var current_page = jQuery('#gform_source_page_number_1').val();gformInitSpinner( 1, 'https:\/\/itobuke.rs\/wp-content\/plugins\/gravityforms\/images\/spinner.svg' );jQuery(document).trigger('gform_page_loaded', [1, current_page]);window['gf_submitting_1'] = false;}else if(!is_redirect){var confirmation_content = jQuery(this).contents().find('.GF_AJAX_POSTBACK').html();if(!confirmation_content){confirmation_content = contents;}setTimeout(function(){jQuery('#gform_wrapper_1').replaceWith(confirmation_content);jQuery(document).scrollTop(jQuery('#gf_1').offset().top - mt);jQuery(document).trigger('gform_confirmation_loaded', [1]);window['gf_submitting_1'] = false;wp.a11y.speak(jQuery('#gform_confirmation_message_1').text());}, 50);}else{jQuery('#gform_1').append(contents);if(window['gformRedirect']) {gformRedirect();}}jQuery(document).trigger('gform_post_render', [1, current_page]);} );} );\n<\/script>\n<\/div><div  class=\"x-column x-sm x-1-2\" style=\"padding: 0px;\" ><h2  class=\"h-custom-headline h4\" ><span>mejl: kontakt@itobuke.rs<br \/><\/span><\/h2><\/div><\/div><\/div><\/div>\n\n\n<pre class=\"wp-block-code\"><code><\/code><\/pre>\n","protected":false},"excerpt":{"rendered":"","protected":false},"author":2,"featured_media":0,"parent":0,"menu_order":0,"comment_status":"closed","ping_status":"closed","template":"template-blank-4.php","meta":[],"_links":{"self":[{"href":"https:\/\/itobuke.rs\/rs\/wp-json\/wp\/v2\/pages\/173"}],"collection":[{"href":"https:\/\/itobuke.rs\/rs\/wp-json\/wp\/v2\/pages"}],"about":[{"href":"https:\/\/itobuke.rs\/rs\/wp-json\/wp\/v2\/types\/page"}],"author":[{"embeddable":true,"href":"https:\/\/itobuke.rs\/rs\/wp-json\/wp\/v2\/users\/2"}],"replies":[{"embeddable":true,"href":"https:\/\/itobuke.rs\/rs\/wp-json\/wp\/v2\/comments?post=173"}],"version-history":[{"count":10,"href":"https:\/\/itobuke.rs\/rs\/wp-json\/wp\/v2\/pages\/173\/revisions"}],"predecessor-version":[{"id":3436,"href":"https:\/\/itobuke.rs\/rs\/wp-json\/wp\/v2\/pages\/173\/revisions\/3436"}],"wp:attachment":[{"href":"https:\/\/itobuke.rs\/rs\/wp-json\/wp\/v2\/media?parent=173"}],"curies":[{"name":"wp","href":"https:\/\/api.w.org\/{rel}","templated":true}]}}