{"id":1994,"date":"2018-07-06T09:14:49","date_gmt":"2018-07-06T08:14:49","guid":{"rendered":"http:\/\/itobuke.rs\/?page_id=1994"},"modified":"2018-07-09T16:48:12","modified_gmt":"2018-07-09T15:48:12","slug":"prijava_nsz","status":"publish","type":"page","link":"https:\/\/itobuke.rs\/rs\/prijava_nsz\/","title":{"rendered":"Prijava NSZ"},"content":{"rendered":"<p>&nbsp;<\/p>\n<table style=\"height: 310px; border-style: none;\" width=\"100%\">\n<tbody style=\"border-style: none;\">\n<tr>\n<td style=\"border-style: none;\" colspan=\"3\" align=\"center\"><img title=\"Specijalisti\u010dke informati\u010dke obuke u organizaciji NSZ\" src=\"http:\/\/itobuke.rs\/wp-content\/uploads\/2018\/07\/NSZ-lat.png\" alt=\"IT obuke - NSZ\" \/><\/td>\n<\/tr>\n<tr style=\"border-style: none;\">\n<td style=\"border-style: none; text-align: center;\" colspan=\"3\"><span style=\"color: #ba3f3f; font-size: 40px;\"><strong>PRIJAVA<\/strong><\/span><\/td>\n<\/tr>\n<tr style=\"border-style: none;\">\n<td style=\"border-style: none; text-align: center; font-size: 22px;\" colspan=\"3\"><strong>za ukl\u0458u\u010divanje u specijalisti\u010dke informati\u010dke obuke<\/strong><\/td>\n<\/tr>\n<tr style=\"border-style: none;\">\n<td style=\"border-style: none; text-align: center; font-size: 22px;\" colspan=\"3\">\n<div align=\"center\">\n<div style=\"color: black; background-color: #f0aaaa; font-size: 18px; width: 60%; text-align: center; border: medium dotted #ba3f3f;\" align=\"center\"><strong>Obave\u0161tavamo Vas da popunjavanjem ove prijave dajete saglasnost da Va\u0161i li\u010dni podaci budu dostupni Nacionalnoj slu\u017ebi za zapo\u0161l\u0458avanje.<\/strong><br \/>\n<strong><a href=\"http:\/\/itobuke.rs\/wp-content\/uploads\/2018\/07\/Obave\u0161tenje-za-kandidate-SAJT-Specijalisti\u010dke-informati\u010dke-obuke.pdf\" target=\"_blank\" rel=\"noopener\">Informacije i uslovi<\/a><\/strong><\/div>\n<\/div>\n<\/td>\n<\/tr>\n<tr style=\"border-style: none;\">\n<td style=\"border-style: none; background-image: url('http:\/\/itobuke.rs\/wp-content\/uploads\/2018\/07\/NSZ-side-1.png'); background-repeat: repeat-y; text-align: center;\" rowspan=\"2\" width=\"7%\"><\/td>\n<td style=\"border-style: none; text-align: center;\" width=\"86%\"><\/td>\n<td style=\"border-style: none; background-image: url('http:\/\/itobuke.rs\/wp-content\/uploads\/2018\/07\/NSZ-side-right-2.png'); background-repeat: repeat-y; text-align: left;\" rowspan=\"2\" width=\"7%\"><\/td>\n<\/tr>\n<tr>\n<td><img title=\"Specijalisti\u010dke informati\u010dke obuke u organizaciji NSZ\" src=\"http:\/\/itobuke.rs\/wp-content\/uploads\/2018\/07\/NSZ-donji-banner.png\" alt=\"IT obuke - NSZ\" width=\"100%\" \/><\/td>\n<\/tr>\n<\/tbody>\n<\/table>\n<p>&nbsp;<\/p>\n<p style=\"text-align: center;\"><a href=\"http:\/\/itobuke.rs\/wp-content\/uploads\/2018\/07\/Obave\u0161tenje-za-kandidate-SAJT-Specijalisti\u010dke-informati\u010dke-obuke.pdf\" target=\"_blank\" rel=\"noopener\">Informacije i uslovi<\/a><\/p>\n<p>&nbsp;<\/p>\n","protected":false},"excerpt":{"rendered":"<p>&nbsp; PRIJAVA za ukl\u0458u\u010divanje u specijalisti\u010dke informati\u010dke obuke Obave\u0161tavamo Vas da popunjavanjem ove prijave dajete saglasnost da Va\u0161i li\u010dni podaci budu dostupni Nacionalnoj slu\u017ebi za zapo\u0161l\u0458avanje. Informacije i uslovi &nbsp; Informacije i uslovi &nbsp;<\/p>\n","protected":false},"author":12,"featured_media":0,"parent":0,"menu_order":0,"comment_status":"closed","ping_status":"closed","template":"","meta":[],"_links":{"self":[{"href":"https:\/\/itobuke.rs\/rs\/wp-json\/wp\/v2\/pages\/1994"}],"collection":[{"href":"https:\/\/itobuke.rs\/rs\/wp-json\/wp\/v2\/pages"}],"about":[{"href":"https:\/\/itobuke.rs\/rs\/wp-json\/wp\/v2\/types\/page"}],"author":[{"embeddable":true,"href":"https:\/\/itobuke.rs\/rs\/wp-json\/wp\/v2\/users\/12"}],"replies":[{"embeddable":true,"href":"https:\/\/itobuke.rs\/rs\/wp-json\/wp\/v2\/comments?post=1994"}],"version-history":[{"count":8,"href":"https:\/\/itobuke.rs\/rs\/wp-json\/wp\/v2\/pages\/1994\/revisions"}],"predecessor-version":[{"id":2233,"href":"https:\/\/itobuke.rs\/rs\/wp-json\/wp\/v2\/pages\/1994\/revisions\/2233"}],"wp:attachment":[{"href":"https:\/\/itobuke.rs\/rs\/wp-json\/wp\/v2\/media?parent=1994"}],"curies":[{"name":"wp","href":"https:\/\/api.w.org\/{rel}","templated":true}]}}