{"id":2112,"date":"2018-07-06T17:16:52","date_gmt":"2018-07-06T16:16:52","guid":{"rendered":"http:\/\/itobuke.rs\/it-obuke-nsz\/"},"modified":"2018-07-25T23:27:44","modified_gmt":"2018-07-25T22:27:44","slug":"it-obuke-nsz","status":"publish","type":"page","link":"https:\/\/itobuke.rs\/rs\/it-obuke-nsz\/","title":{"rendered":"IT obuke NSZ"},"content":{"rendered":"<table style=\"height: 310px; border-style: none;\" width=\"100%\">\n<tbody style=\"border-style: none;\">\n<tr style=\"border-style: none;\">\n<td style=\"border-style: none;\" colspan=\"2\" align=\"center\"><img title=\"Specijalisti\u010dke informati\u010dke obuke u organizaciji NSZ\" src=\"https:\/\/itobuke.rs\/wp-content\/uploads\/2018\/07\/NSZ-gornji-banner.png\" alt=\"IT obuke - NSZ\" width=\"100%\" \/><\/td>\n<\/tr>\n<tr>\n<td style=\"border-style: none;\" colspan=\"2\" align=\"center\"><img title=\"Specijalisti\u010dke informati\u010dke obuke u organizaciji NSZ\" src=\"https:\/\/itobuke.rs\/wp-content\/uploads\/2018\/07\/NSZ-lat.png\" alt=\"IT obuke - NSZ\" \/><\/td>\n<\/tr>\n<tr style=\"border-style: none;\">\n<td style=\"border-style: none; text-align: center;\" colspan=\"2\"><span style=\"color: #ba3f3f; font-size: 40px;\"><strong>OBAVE\u0160TEN\u0458E<\/strong><\/span><\/td>\n<\/tr>\n<tr style=\"border-style: none;\">\n<td style=\"border-style: none; text-align: center; font-size: 22px;\" colspan=\"2\"><strong>zainteresovanim kandidatima za specijalisti\u010dke informati\u010dke obuke<\/strong><\/td>\n<\/tr>\n<tr style=\"border-style: none;\">\n<td style=\"border-style: none; background-image: url('https:\/\/itobuke.rs\/wp-content\/uploads\/2018\/07\/NSZ-side-1.png'); background-repeat: repeat-y; text-align: left;\" width=\"10%\"><\/td>\n<td style=\"border-style: none;\" width=\"90%\">\n<p><span style=\"color: #ba3f3f; font-size: 24px;\"><strong>OP\u0160TE INFORMACIJE<\/strong><\/span><\/p>\n<p>Nacionalna slu\u017eba za zapo\u0161l\u0458avanje u 2018. godini organizuje specijalisti\u010dke informati\u010dke obuke za 775 polaznika u prvom ciklusu:<\/p>\n<p><strong>1. Obuka za Java programiranje<\/strong><br \/>\nBeograd (75), Novi Sad (50), Ni\u0161 (50), \u010ca\u010dak (25), Val\u0458evo (25), Kragujevac (25), Novi Pazar (25) i U\u017eice (25)<\/p>\n<p><strong>2. Obuka za veb-aplikacije (Osnovi programiranja, Objektno-orijentisano programiranje, Baze podataka, Web Front-end development)<\/strong><br \/>\nBeograd (75)<\/p>\n<p><strong>3. Obuka za Front-End Web programiranje (JavaScript, HTML, CSS, jQuery, AJAX, SEO&#8230;)<\/strong><br \/>\nBeograd (75), Novi Sad (25), Subotica (25), Zrenjanin (25) i \u010ca\u010dak (25)<\/p>\n<p><strong>4. Obuka za JavaScript (Osnovi programiranja, tehnologije povezane sa JavaScript-om)<\/strong><br \/>\nBeograd (50)<\/p>\n<p><strong>5. Obuka za PHP programiranje<\/strong><br \/>\nBeograd (75)<\/p>\n<p><strong>6. Obuka za .Net programiranje<\/strong><br \/>\nBeograd (50), Novi Sad (25) i Ni\u0161 (25)<\/p>\n<p><strong>Zainteresovani kandidati, bez obzira u kojoj filijali Nacionalne slu\u017ebe za zapo\u0161l\u0458avanje su evidentirani, mogu se prijaviti samo za jednu obuku, na lokaciji koju procenjuju kao odgovaraju\u0107u.<\/strong><\/p>\n<p><strong>Pravo u\u010de\u0161\u0107a imaju nezaposleni koji su:<\/strong><br \/>\n&#8211; prijavl\u0458eni na evidenciju nezaposlenih Nacionalne slu\u017ebe za zapo\u0161l\u0458avanje Republike Srbije;<br \/>\n&#8211; imaju najmanje zavr\u0161enu srednju \u010detvorogodi\u0161nju \u0161kolu;<br \/>\n&#8211; poseduju osnovno znanje rada na ra\u010dunaru;<br \/>\n&#8211; poseduju znanje engleskog jezika najmanje na A2 nivou;<br \/>\n&#8211; poseduju sposobnosti i imaju sklonosti za obavl\u0458anje poslova u oblasti informati\u010dkog programiranja.<\/p>\n<p><span style=\"color: #ba3f3f; font-size: 24px;\"><strong>INFORMACIJE O OBUKAMA<\/strong><\/span><\/p>\n<p>Obuke \u0107e realizovati izvo\u0111a\u010di koji \u0107e biti izabrani na osnovu raspisane Javne nabavke za pru\u017eanje usluge izvo\u0111enja specijalisti\u010dkih informati\u010dkih obuka.<\/p>\n<p><strong>Fond \u010dasova:<\/strong><br \/>\n&#8211; 250-400 \u010dasova obuke i<br \/>\n&#8211; 20 radnih dana (80-160 \u010dasova) prakse kod poslodavca.<\/p>\n<p>Dnevna, nedel\u0458na i mese\u010dna dinamika, kao i sadr\u017eaj obuke, bi\u0107e definisani za svaku obuku nakon izbora izvo\u0111a\u010da. Najdu\u017ee vreme trajanja obuke sa praksom mo\u017ee da iznosi 9 meseci. Izvo\u0111a\u010d obuke \u0107e biti u obavezi da obezbedi praksu kod poslodavca za najmanje 50% polaznika.<\/p>\n<p><span style=\"color: #ba3f3f; font-size: 24px;\"><strong>PRIJAVLjIVAN\u0458E ZAINTERESOVANIH KANDIDATA<\/strong><\/span><\/p>\n<p>Nakon prihvatanja potvrde da ste informisani i uslova za ukl\u0458u\u010divanje na obuku u organizaciji Nacionalne slu\u017ebe za zapo\u0161l\u0458avanje, mo\u017eete pristupiti popunjavanju prijave.<\/p>\n<p><strong>Potrebni podaci za prijavl\u0458ivanje:<\/strong><br \/>\n&#8211; ime i prezime<br \/>\n&#8211; mati\u010dni broj<br \/>\n&#8211; mejl adresa<br \/>\n&#8211; broj telefona.<\/p>\n<p>Bi\u0107e Vam ponu\u0111eno 6 vrsta obuka. Izaberite jednu obuku, zatim u padaju\u0107em meniju ozna\u010dite na kojoj lokaciji \u017eelite da je poha\u0111ate.<\/p>\n<p><span style=\"color: #ba3f3f;\"><strong>Popunjavanjem prijave dajete saglasnost da Va\u0161i li\u010dni podaci budu dostupni Nacionalnoj slu\u017ebi za zapo\u0161l\u0458avanje.<\/strong><\/span><\/p>\n<p><strong>Nacionalna slu\u017eba za zapo\u0161l\u0458avanje \u0107e na osnovu dostavl\u0458enih podataka utvrditi da li ispunjavate osnovne uslove za ulazak u proces selekcije:<\/strong><br \/>\n&#8211; da ste prijavl\u0458eni na evidenciju nezaposlenih Nacionalne slu\u017ebe za zapo\u0161l\u0458avanje i<br \/>\n&#8211; imate najmanje zavr\u0161enu srednju \u010detvorogodi\u0161nju \u0161kolu.<\/p>\n<p>U slu\u010daju potrebe, Nacionalna slu\u017eba za zapo\u0161l\u0458avanje zadr\u017eava pravo da Vas li\u010dno kontaktira. Nakon provere prijava formira\u0107e se liste kandidata, za svaku obuku na svim planiranim lokacijama.<\/p>\n<p><strong>Kandidati koji ne ispunjavaju navedene uslove \u0107e biti obave\u0161teni.<\/strong><\/p>\n<p><span style=\"color: #ba3f3f; font-size: 24px;\"><strong>PRVA FAZA SELEKCIJE &#8211; PSIHOLO\u0160KA PROCENA KANDIDATA I TESTIRAN\u0458E ZNAN\u0458A ENGLESKOG JEZIKA<\/strong><\/span><\/p>\n<p>Kandidatima koji su ispunili osnovne uslove za ulazak u proces selekcije \u0107e biti prosle\u0111eno obave\u0161tenje sa pristupnim podacima za logovanje na platformu za onlajn testiranje.<\/p>\n<p>Psiholo\u0161ka procena podrazumeva testiranje sposobnosti, interesovanja, sklonosti, stavova i radnih stilova, radi izdvajanja najpodobnijih kandidata koji imaju potrebne karakteristike za bavl\u0458ene poslovima u oblasti IT programiranja.<\/p>\n<p>Testiranjem znanja engleskog jezika \u0107e se utvrditi da li posedujete znanje na najmanje A2 nivou.<\/p>\n<p>Obave\u0161tenje o rezultatima testiranja \u0107e biti dostupno na zvani\u010dnom sajtu programa &#8211; <a href=\"https:\/\/itobuke.rs\">https:\/\/itobuke.rs<\/a>, nakon zavr\u0161etka navedenog perioda testiranja.<\/p>\n<p><span style=\"color: #ba3f3f; font-size: 24px;\"><strong>DRUGA FAZA SELEKCIJE &#8211; TESTIRAN\u0458E PREDZNAN\u0458A RADA NA RA\u010cUNARIMA I ZNAN\u0458A ENGLESKOG JEZIKA<\/strong><\/span><\/p>\n<p>Ovu fazu selekcije \u0107e obaviti izvo\u0111a\u010di obuka koji \u0107e biti izabrani. U zavisnosti od procene, mogu\u0107nosti i planova izvo\u0111a\u010da, testiranje se mo\u017ee obaviti na razli\u010dite na\u010dine &#8211; online, u prostorijama izvo\u0111a\u010da, pismeno i\/ili usmeno, kroz testove i\/ili radne zadatke, kroz intervjue.<\/p>\n<p><strong>Napominjemo da se od Vas ne o\u010dekuje da ve\u0107 imate znanja iz oblasti IT programiranja.<\/strong><\/p>\n<p><span style=\"color: #ba3f3f; font-size: 24px;\"><strong>FORMIRAN\u0458E KONA\u010cNE RANG-LISTE<\/strong><\/span><\/p>\n<p>Kona\u010dne rang-liste \u0107e formirati Nacionalna slu\u017eba na osnovu pokazanih rezlutata u svim fazama selekcije. U slu\u010daju da dva ili vi\u0161e kandidata imaju iste rezultate, prednost \u0107e biti data kandidatima koji su du\u017ee evidentirani kao nezaposleni (datum prijave na evidenciju).<\/p>\n<p>Ukoliko se i nakon date prednosti pojave isti rezultati, prednost \u0107e imati kandidati mla\u0111i od 30 godina.<\/p>\n<p>Obave\u0161tenje o kona\u010dnim rang-listama sa informacijama za izabrane polaznike \u0107e biti objavl\u0458eno na sajtu: <a href=\"https:\/\/itobuke.rs\">https:\/\/itobuke.rs<\/a>.<\/p>\n<p>Sa svim izabranim polaznicima Nacionalna slu\u017eba \u0107e zakl\u0458u\u010diti ugovor o poha\u0111anju obuke.<\/p>\n<p><span style=\"color: #ba3f3f; font-size: 24px;\"><strong>PRAVA POLAZNIKA OBUKA<\/strong><\/span><\/p>\n<p>Obuke u koje \u0107e se ukl\u0458u\u010diti nezaposleni \u0107e biti finansirane do strane Nacionalne slu\u017ebe za zapo\u0161l\u0458avanje, iz sredstava namenjenih realizaciji mera aktivne politike zapo\u0161l\u0458avanja.<\/p>\n<p>Za vreme poha\u0111anja obuke i prakse kod poslodavca, polaznici \u0107e imati pravo na nadoknadu tro\u0161kova prevoza u visini najvi\u0161e do 10.000 dinara na mese\u010dnom nivou.<\/p>\n<p>Da biste realizovali navedeno pravo, potrebno je da imate otvoren teku\u0107i ra\u010dun i adekvatne dokaze o kori\u0161\u0107enju prevoza.<\/p>\n<p>Na osnovu izve\u0161taja o prisutnosti na obuci i dostavl\u0458enih dokaza vr\u0161i\u0107e se refundacija tro\u0161kova prevoza.<\/p>\n<p>Tako\u0111e, za vreme obuke svi polaznici \u0107e biti osigurani u slu\u010daju povrede na radu i profesionalne bolesti.<\/p>\n<p><span style=\"color: #ba3f3f; font-size: 24px;\"><strong>NACIONALNA SLU\u017dBA ZA ZAPO\u0160LjAVAN\u0458E ZADR\u017dAVA PRAVO DA KONTAKTIRA KANDIDATE NAKON PRIJAVLjIVAN\u0458A I\/ILI U TOKU PROCESA SELEKCIJE, UKOLIKO SE POKA\u017dE POTREBA.<\/strong><\/span><\/p>\n<div align=\"center\">\n<div style=\"color: black; background-color: #f0aaaa; font-size: 18px; width: 60%; text-align: center; border: medium dotted #ba3f3f;\" align=\"center\"><strong>Prijavl\u0458ivanje zainteresovanih kandidata mo\u017ee se vr\u0161iti iskl\u0458u\u010divo online na sajtu <a href=\"https:\/\/itobuke.rs\">https:\/\/itobuke.rs<\/a><\/strong><\/div>\n<\/div>\n<p>&nbsp;<\/p>\n<p><strong>Za sva detal\u0458nija obja\u0161njenja i pitanja mo\u017eete se obratiti Nacionalnoj slu\u017ebi za zapo\u0161l\u0458avanje, na mejl adresu:<\/strong><br \/>\n<strong><a href=\"mailto:itobuke@nsz.gov.rs\">itobuke@nsz.gov.rs<\/a>.<\/strong><\/p>\n<p>Molimo Vas da potvrdite da ste informisani, prihvatate uslove za ukl\u0458u\u010divanje u proces selekcije i da ste saglasni da poha\u0111ate odabranu specijalisti\u010dku informati\u010dku obuku. Potvrdom \u0107ete pre\u0107i na formular prijave za ukl\u0458u\u010divanje u specijalisti\u010dke informati\u010dke obuke.<\/p>\n<div align=\"center\">\n<div style=\"color: black; background-color: #f0aaaa; font-size: 18px; width: 60%; text-align: center; border: medium dotted #ba3f3f;\" align=\"center\">\n<p><strong>Da, saglasan\/a sam sa uslovima i prihvatam ulazak u selekciju i poha\u0111anje obuke.<\/strong><\/p>\n<\/div>\n<p>&nbsp;<\/p>\n<\/div>\n<p><img title=\"Specijalisti\u010dke informati\u010dke obuke u organizaciji NSZ\" src=\"https:\/\/itobuke.rs\/wp-content\/uploads\/2018\/07\/NSZ-donji-banner.png\" alt=\"IT obuke - NSZ\" width=\"100%\" \/><\/td>\n<\/tr>\n<\/tbody>\n<\/table>\n<p><\/p>\n","protected":false},"excerpt":{"rendered":"<p>OBAVE\u0160TEN\u0458E zainteresovanim kandidatima za specijalisti\u010dke informati\u010dke obuke OP\u0160TE INFORMACIJE Nacionalna slu\u017eba za zapo\u0161l\u0458avanje u 2018. godini organizuje specijalisti\u010dke informati\u010dke obuke za 775 polaznika u prvom ciklusu: 1. Obuka za Java programiranje Beograd (75), Novi Sad (50), Ni\u0161 (50), \u010ca\u010dak (25), Val\u0458evo (25), Kragujevac (25), Novi Pazar (25) i U\u017eice (25) 2. Obuka za veb-aplikacije (Osnovi programiranja, Objektno-orijentisano programiranje, Baze podataka, &#8230; <\/p>\n<div><a href=\"https:\/\/itobuke.rs\/rs\/it-obuke-nsz\/\" class=\"more-link\">Op\u0161irnije&#8230;<\/a><\/div>\n","protected":false},"author":12,"featured_media":0,"parent":0,"menu_order":0,"comment_status":"closed","ping_status":"closed","template":"","meta":[],"_links":{"self":[{"href":"https:\/\/itobuke.rs\/rs\/wp-json\/wp\/v2\/pages\/2112"}],"collection":[{"href":"https:\/\/itobuke.rs\/rs\/wp-json\/wp\/v2\/pages"}],"about":[{"href":"https:\/\/itobuke.rs\/rs\/wp-json\/wp\/v2\/types\/page"}],"author":[{"embeddable":true,"href":"https:\/\/itobuke.rs\/rs\/wp-json\/wp\/v2\/users\/12"}],"replies":[{"embeddable":true,"href":"https:\/\/itobuke.rs\/rs\/wp-json\/wp\/v2\/comments?post=2112"}],"version-history":[{"count":9,"href":"https:\/\/itobuke.rs\/rs\/wp-json\/wp\/v2\/pages\/2112\/revisions"}],"predecessor-version":[{"id":2272,"href":"https:\/\/itobuke.rs\/rs\/wp-json\/wp\/v2\/pages\/2112\/revisions\/2272"}],"wp:attachment":[{"href":"https:\/\/itobuke.rs\/rs\/wp-json\/wp\/v2\/media?parent=2112"}],"curies":[{"name":"wp","href":"https:\/\/api.w.org\/{rel}","templated":true}]}}