{"id":2276,"date":"2018-07-31T12:49:24","date_gmt":"2018-07-31T11:49:24","guid":{"rendered":"http:\/\/itobuke.rs\/?page_id=2276"},"modified":"2018-07-31T12:58:16","modified_gmt":"2018-07-31T11:58:16","slug":"nsz-obavestenje-selekcija","status":"publish","type":"page","link":"https:\/\/itobuke.rs\/rs\/nsz-obavestenje-selekcija\/","title":{"rendered":"NSZ &#8211; obave\u0161tenje selekcija"},"content":{"rendered":"<p><span style=\"color: #ba3f3f; font-size: 40px;\">OBAVE\u0160TENjE<\/span><\/p>\n<p><span style=\"font-size: 22px;\">Obave\u0161tavamo sve kandidate, koji su ispunili osnovne uslove za uklju\u010divanje u specijalisti\u010dke informati\u010dke obuke, da \u0107e u periodu <strong>do 03.08.2018. godine<\/strong> dobiti obave\u0161tenje na mejl, koji je naveden u prijavi, o prvoj fazi selekcije. Tako\u0111e, na broj telefona naveden u prijavi kandidati \u0107e dobiti SMS sa kodom za prijavu na platformu za testiranje, \u010diji link \u0107e se nalaziti u mejlu.<\/span><\/p>\n<p><span style=\"font-size: 22px;\">Testiranje \u0107e se obaviti u periodu <strong><u>od 06. do 19.08.2018. godine<\/u><\/strong> isklju\u010divo <i>on-line<\/i>, logovanjem na link koji \u0107ete dobiti u mejlu.<\/span><\/p>\n<p><span style=\"font-size: 22px;\">Prva faza testiranja obuhvata psiholo\u0161ku procenu kandidata (testiranje sposobnosti, interesovanja, sklonosti, stavova i radnih stilova) i testiranje znanja engleskog jezika.<\/span><\/p>\n<p><span style=\"font-size: 22px;\">Molimo sve kandidate da postupaju u skladu sa dobijenim informacijama.<\/span><\/p>\n<p><span style=\"font-size: 22px;\">Po zavr\u0161etku testiranja, Nacionalna slu\u017eba za zapo\u0161ljavanje \u0107e u periodu <strong><u>od 20. do 27.08.2018. godine<\/u><\/strong> objaviti prvu rang listu sa rezultatima prve faze testiranja na sajtu <a href=\"http:\/\/www.itobuke.rs\">www.itobuke.rs<\/a> , kao i informacije o daljim koracima u selekciji kandidata.<\/span><\/p>\n<p><span style=\"font-size: 22px;\">Podaci o rezultatima testiranja na rang listi \u0107e biti dostupni po ID broju Va\u0161e prijave.<\/span><\/p>\n","protected":false},"excerpt":{"rendered":"<p>OBAVE\u0160TENjE Obave\u0161tavamo sve kandidate, koji su ispunili osnovne uslove za uklju\u010divanje u specijalisti\u010dke informati\u010dke obuke, da \u0107e u periodu do 03.08.2018. godine dobiti obave\u0161tenje na mejl, koji je naveden u prijavi, o prvoj fazi selekcije. Tako\u0111e, na broj telefona naveden u prijavi kandidati \u0107e dobiti SMS sa kodom za prijavu na platformu za testiranje, \u010diji link \u0107e se nalaziti u &#8230; <\/p>\n<div><a href=\"https:\/\/itobuke.rs\/rs\/nsz-obavestenje-selekcija\/\" class=\"more-link\">Op\u0161irnije&#8230;<\/a><\/div>\n","protected":false},"author":12,"featured_media":0,"parent":0,"menu_order":0,"comment_status":"closed","ping_status":"closed","template":"","meta":[],"_links":{"self":[{"href":"https:\/\/itobuke.rs\/rs\/wp-json\/wp\/v2\/pages\/2276"}],"collection":[{"href":"https:\/\/itobuke.rs\/rs\/wp-json\/wp\/v2\/pages"}],"about":[{"href":"https:\/\/itobuke.rs\/rs\/wp-json\/wp\/v2\/types\/page"}],"author":[{"embeddable":true,"href":"https:\/\/itobuke.rs\/rs\/wp-json\/wp\/v2\/users\/12"}],"replies":[{"embeddable":true,"href":"https:\/\/itobuke.rs\/rs\/wp-json\/wp\/v2\/comments?post=2276"}],"version-history":[{"count":2,"href":"https:\/\/itobuke.rs\/rs\/wp-json\/wp\/v2\/pages\/2276\/revisions"}],"predecessor-version":[{"id":2282,"href":"https:\/\/itobuke.rs\/rs\/wp-json\/wp\/v2\/pages\/2276\/revisions\/2282"}],"wp:attachment":[{"href":"https:\/\/itobuke.rs\/rs\/wp-json\/wp\/v2\/media?parent=2276"}],"curies":[{"name":"wp","href":"https:\/\/api.w.org\/{rel}","templated":true}]}}