{"id":2321,"date":"2018-09-09T19:53:52","date_gmt":"2018-09-09T18:53:52","guid":{"rendered":"http:\/\/itobuke.rs\/nsz-druga-faza-obavestenje\/"},"modified":"2018-09-09T23:12:55","modified_gmt":"2018-09-09T22:12:55","slug":"nsz-druga-faza-obavestenje","status":"publish","type":"page","link":"https:\/\/itobuke.rs\/rs\/nsz-druga-faza-obavestenje\/","title":{"rendered":"NSZ &#8211; Druga faza &#8211; Obave\u0161tenje"},"content":{"rendered":"<p><span style=\"color: #ba3f3f; font-size: 50px;\">OBAVE\u0160TENjE KANDIDATIMA O PO\u010cETKU DRUGE FAZE SELEKCIJE<\/span><\/p>\n<ol style=\"color: #ba3f3f; font-size: 20px; font-weight: bold;\">\n<li><span style=\"color: #ba3f3f; font-size: 25px;\"><strong>Beograd \u2013 Obuka za Java programiranje<\/strong><\/span><\/li>\n<\/ol>\n<p style=\"padding-left: 60px;\"><span style=\"color: #ba3f3f; font-size: 20px;\"><strong>Izvo\u0111a\u010d obuke: LINK GROUP DOO<\/strong><\/span><\/p>\n<ul>\n<li>Testiranje kandidata u drugoj fazi selekcije \u0107e se obaviti u prostorijama izvo\u0111a\u010da obuke, u Zemunu, Cara Du\u0161ana 34.<\/li>\n<li>Period testiranja je od <strong>09.2018. do 18.09.2018<\/strong>. godine<\/li>\n<li>Prvi deo testiranja \u2013 test iz IT oblasti i test engleskog jezika \u0107e se obaviti dana 11.09.2018. godine u terminima od 09.00, 12.00 i 15.00 \u010dasova. Testiranje \u0107e se obaviti putem online platforme za testiranje.<\/li>\n<li>Drugi deo testiranja \u2013 intervju \u2013 obavi\u0107e se u prostorijama izvo\u0111a\u010da obuke u periodu od 13.09.2018. do 18.09.2018. godine u terminima koji \u0107e biti dogovoreni sa svakim kandidatom pojedina\u010dno u sredu 12.09.2018. godine<\/li>\n<li>Petak, 07.09.2018. godine kandidati \u0107e biti kontaktirani od strane izvo\u0111a\u010da obuke radi informisanja o grupi i terminu testiranja, putem poruke na telefonu (SMS). Kandidati treba da potvrdno odgovore na primljenu poruku, ukoliko to ne urade bi\u0107e im prosle\u0111en mejl. U ponedeljak \u0107e svi kandidati koji nisu potvrdili svoje u\u010de\u0161\u0107e na testiranju biti kontaktirani telefonom.<\/li>\n<\/ul>\n<p>&nbsp;<\/p>\n<ol style=\"color: #ba3f3f; font-size: 20px; font-weight: bold;\" start=\"2\">\n<li><strong>Beograd \u2013 Obuka za <\/strong><strong>Web <\/strong><strong>aplikacije; Obuka za <\/strong><strong>Front-End Web <\/strong><strong>programiranje; Obuka za <\/strong><strong>JavaScript; <\/strong><strong>Obuka za <\/strong><strong>PHP <\/strong><strong>programiranje; Obuka za .<\/strong><strong>NET<\/strong><strong>programiranje<\/strong><\/li>\n<\/ol>\n<p style=\"padding-left: 60px;\"><span style=\"color: #ba3f3f; font-size: 20px;\"><strong>Izvo\u0111a\u010d obuke: CODE ACADEMY DOO, Informatika AD, Institut za nuklearne nauke \u201eVin\u010da\u201c i \u201eSeminari SEE\u201c doo<\/strong><\/span><\/p>\n<ul>\n<li>Testiranje kandidata u drugoj fazi selekcije obavi\u0107e se u poslovnim prostorijama kompanije Comtrade, adresa <strong>Savski nasip 7, Beograd<\/strong>.<\/li>\n<li>Period testiranja: <strong>09.2018. do 17.09.2018<\/strong>. godine , od 09.00 do 17.00 \u010dasova.<\/li>\n<li>Detaljan raspored testiranja, po grupama, bi\u0107e blagovremeno pojedina\u010dno komuniciran sa kandidatima putem mejla i\/ili telefona.<\/li>\n<\/ul>\n<p>&nbsp;<\/p>\n<ol style=\"color: #ba3f3f; font-size: 20px; font-weight: bold;\" start=\"3\">\n<li><strong>Novi Sad &#8211; Obuka za Front-End Web programiranje<\/strong><\/li>\n<\/ol>\n<p style=\"padding-left: 60px;\"><span style=\"color: #ba3f3f; font-size: 20px;\"><strong>Izvo\u0111a\u010d obuke: SMART DOO, Novi Sad<\/strong><\/span><\/p>\n<ul>\n<li>Testiranje kandidata \u0107e se obaviti u prostorijama izvo\u0111a\u010da obuke,<\/li>\n<li>Period testiranja je od <strong>09.2018. do 17.09.2018<\/strong>. godine<\/li>\n<li>Detaljan raspored testiranja, po grupama, bi\u0107e blagovremeno pojedina\u010dno komuniciran sa kandidatima putem mejla i\/ili telefona.<\/li>\n<\/ul>\n<p>&nbsp;<\/p>\n<ol style=\"color: #ba3f3f; font-size: 20px; font-weight: bold;\" start=\"4\">\n<li><strong>Lokacije i obuke: <\/strong><\/li>\n<\/ol>\n<ul style=\"color: #ba3f3f; font-size: 20px; font-weight: bold;\">\n<li><strong>Novi Sad<\/strong> &#8211; <strong>Obuka za Java programiranje, <\/strong><strong>Obuka za .<\/strong><strong>NET<\/strong><strong>programiranje <\/strong><\/li>\n<li><strong>Ni\u0161 &#8211; <\/strong><strong>Obuka za Java programiranje, <\/strong><strong>Obuka za .<\/strong><strong>NET<\/strong><strong>programiranje; <\/strong><\/li>\n<li><strong>Subotica i Zrenjanin &#8211; Obuka za Front-End Web programiranje; <\/strong><\/li>\n<li><strong>Valjevo, Kragujevac Novi Pazar i U\u017eice &#8211; <\/strong><strong>Obuka za Java programiranje<\/strong><\/li>\n<\/ul>\n<p style=\"padding-left: 60px;\"><span style=\"color: #ba3f3f; font-size: 20px;\"><strong>Izvo\u0111a\u010d obuke: Informatika AD, Institut za nuklearne nauke \u201eVin\u010da\u201c, \u201eSeminari SEE\u201c doo i CODE ACADEMY DOO<\/strong><\/span><\/p>\n<ul>\n<li>Za kandidate koji su konkurisali za obuke na slede\u0107im lokacijama: Novi Sad, Ni\u0161, Subotica, Zrenjanin, Valjevo, Kragujevac, Novi Pazar i U\u017eice testiranje \u0107e se odr\u017eati u periodu od <strong>09.2018. \u2013 17.09.2018<\/strong> godine.<\/li>\n<li>Ta\u010dne lokacije po gradovima, satnica, kao i detaljan raspored testiranja po grupama, bi\u0107e blagovremeno pojedina\u010dno komuniciran putem elektronske po\u0161te i\/ili telefona.<\/li>\n<\/ul>\n<p>&nbsp;<\/p>\n<ol style=\"color: #ba3f3f; font-size: 20px; font-weight: bold;\" start=\"5\">\n<li><strong>\u010ca\u010dak &#8211; Obuka za Java programiranje<\/strong><\/li>\n<\/ol>\n<p style=\"padding-left: 60px;\"><span style=\"color: #ba3f3f; font-size: 20px;\"><strong>Izvo\u0111a\u010d obuke: Agencija za obrazovanje \u201eAkademija\u201c Dragana Grbovi\u0107 PR, \u010ca\u010dak<\/strong><\/span><\/p>\n<ul>\n<li>Testiranje kandidata \u0107e se obaviti u prostorijama izvo\u0111a\u010da obuke<\/li>\n<li>Period testiranja : petak <strong>09.2018<\/strong>. godine u terminima od 15.30 i 17.15<\/li>\n<li>Detaljan raspored testiranja, po grupama, bi\u0107e blagovremeno pojedina\u010dno komuniciran sa kandidatima putem mejla i\/ili telefona.<\/li>\n<\/ul>\n<p>&nbsp;<\/p>\n<ol style=\"color: #ba3f3f; font-size: 20px; font-weight: bold;\" start=\"6\">\n<li><strong>\u010ca\u010dak &#8211; <\/strong><strong>Obuka za <\/strong><strong>Front-End Web <\/strong><strong>programiranje<\/strong><\/li>\n<\/ol>\n<p style=\"padding-left: 60px;\"><span style=\"color: #ba3f3f; font-size: 20px;\"><strong>Izvo\u0111a\u010d obuke: Agencija \u201eSveti Sava \u201c, \u010ca\u010dak<\/strong><\/span><\/p>\n<ul>\n<li>Testiranje kandidata \u0107e se obaviti u prostorijama izvo\u0111a\u010da obuke<\/li>\n<li>Period testiranja : petak <strong>09.2018<\/strong>. godine u terminima od 16.30 i 18.15<\/li>\n<li>Detaljan raspored testiranja, po grupama, bi\u0107e blagovremeno pojedina\u010dno komuniciran sa kandidatima putem mejla i\/ili telefona.<\/li>\n<\/ul>\n<p>&nbsp;<\/p>\n<p><span style=\"color: #ba3f3f; font-size: 40px; font-weight: bold;\">INFORMACIJE O TESTIRANjU KOD IZVO\u0110A\u010cA OBUKA<\/span><\/p>\n<table>\n<tbody>\n<tr>\n<td width=\"90%\">\n<p><strong>Druga faza selekcije kod izvo\u0111a\u010da obuke <\/strong><\/p>\n<p><strong>LINK Group DOO<\/strong><\/td>\n<td align=\"center\" valign=\"middle\" width=\"10%\"><a href=\"https:\/\/itobuke.rs\/rs\/nsz-druga-faza-obavestenje\/nsz-druga-faza-a\/\"><img src=\"http:\/\/itobuke.rs\/wp-content\/uploads\/2018\/09\/th_Next.png\" alt=\"Prika\u017ei\" \/><\/a><\/td>\n<\/tr>\n<tr>\n<td width=\"90%\">\n<p><strong>Druga faza selekcije kod izvo\u0111a\u010da obuke<\/strong><\/p>\n<p><strong>CODE ACADEMY DOO, Informatika AD, Institut za nuklearne nauke \u201eVin\u010da\u201c i \u201eSeminari SEE\u201c doo<\/strong><\/td>\n<td align=\"center\" valign=\"middle\" width=\"10%\"><a href=\"https:\/\/itobuke.rs\/rs\/nsz-druga-faza-b\/\"><img src=\"http:\/\/itobuke.rs\/wp-content\/uploads\/2018\/09\/th_Next.png\" alt=\"Prika\u017ei\" \/><\/a><\/td>\n<\/tr>\n<tr>\n<td width=\"90%\">\n<p><strong>Druga faza selekcije kod izvo\u0111a\u010da obuke<\/strong><\/p>\n<p><strong>INFORMATIKA AD, Institut za nuklearne nauke \u201eVin\u010da\u201c , \u201eSeminari SEE\u201c doo <\/strong><strong>i <\/strong><strong>CODE ACADEMY DOO,<\/strong><\/td>\n<td align=\"center\" valign=\"middle\" width=\"10%\"><a href=\"https:\/\/itobuke.rs\/rs\/nsz-druga-faza-c\/\"><img src=\"http:\/\/itobuke.rs\/wp-content\/uploads\/2018\/09\/th_Next.png\" alt=\"Prika\u017ei\" \/><\/a><\/td>\n<\/tr>\n<tr>\n<td width=\"90%\">\n<p><strong>Druga faza selekcije kod izvo\u0111a\u010da obuke<\/strong><\/p>\n<p><strong>SMART DOO, NOVI SAD<\/strong><\/td>\n<td align=\"center\" valign=\"middle\" width=\"10%\"><a href=\"https:\/\/itobuke.rs\/rs\/nsz-druga-faza-d\/\"><img src=\"http:\/\/itobuke.rs\/wp-content\/uploads\/2018\/09\/th_Next.png\" alt=\"Prika\u017ei\" \/><\/a><\/td>\n<\/tr>\n<tr>\n<td width=\"90%\">\n<p><strong>Druga faza selekcije kod izvo\u0111a\u010da obuke<\/strong><\/p>\n<p><strong>AGENCIJA ZA OBRAZOVANjE \u201eAKADEMIJA\u201c DRAGANA GRBOVI\u0106 PR<\/strong><\/td>\n<td align=\"center\" valign=\"middle\" width=\"10%\"><a href=\"https:\/\/itobuke.rs\/rs\/nsz-druga-faza-e\/\"><img src=\"http:\/\/itobuke.rs\/wp-content\/uploads\/2018\/09\/th_Next.png\" alt=\"Prika\u017ei\" \/><\/a><\/td>\n<\/tr>\n<tr>\n<td width=\"90%\">\n<p><strong>Druga faza selekcije kod izvo\u0111a\u010da obuke<\/strong><\/p>\n<p><strong>AGENCIJA \u201eSVETI SAVA \u201c \u010cA\u010cAK<\/strong><\/td>\n<td align=\"center\" valign=\"middle\" width=\"10%\"><a href=\"https:\/\/itobuke.rs\/rs\/nsz-druga-faza-f\/\"><img src=\"http:\/\/itobuke.rs\/wp-content\/uploads\/2018\/09\/th_Next.png\" alt=\"Prika\u017ei\" \/><\/a><\/td>\n<\/tr>\n<\/tbody>\n<\/table>\n<p>&nbsp;<\/p>\n<p><span style=\"color: #ba3f3f; font-size: 40px; font-weight: bold;\">INFORMACIJE O OBUKAMA I PROGRAMIMA<\/span><\/p>\n<table>\n<tbody>\n<tr>\n<td width=\"90%\"><strong>1. <\/strong><strong>Beograd \u2013 Obuka za Java programiranje <\/strong><\/p>\n<p style=\"padding-left: 30px;\"><strong><em>Izvo\u0111a\u010d obuke<\/em><\/strong><strong>: <\/strong><strong>LINK GROUP DOO<\/strong><\/p>\n<\/td>\n<td align=\"center\" valign=\"middle\" width=\"10%\"><a href=\"https:\/\/itobuke.rs\/rs\/nsz-druga-faza-01\/\"><img src=\"http:\/\/itobuke.rs\/wp-content\/uploads\/2018\/09\/th_Next.png\" alt=\"Prika\u017ei\" \/><\/a><\/td>\n<\/tr>\n<tr>\n<td width=\"90%\"><strong>2.<\/strong> <strong>Beograd \u2013 Obuka za <\/strong><strong>Web <\/strong><strong>aplikacije; <\/strong><\/p>\n<p style=\"padding-left: 30px;\"><strong><em>Izvo\u0111a\u010d obuke<\/em><\/strong><strong>: <\/strong><strong>CODE ACADEMY DOO, Informatika AD, Institut za nuklearne nauke \u201eVin\u010da\u201c i \u201eSeminari SEE\u201c doo<\/strong><\/p>\n<\/td>\n<td align=\"center\" valign=\"middle\" width=\"10%\"><a href=\"https:\/\/itobuke.rs\/rs\/nsz-druga-faza-02\/\"><img src=\"http:\/\/itobuke.rs\/wp-content\/uploads\/2018\/09\/th_Next.png\" alt=\"Prika\u017ei\" \/><\/a><\/td>\n<\/tr>\n<tr>\n<td width=\"90%\"><strong>3. <\/strong> <strong>Beograd \u2013 Obuka za <\/strong><strong>Front-End Web <\/strong><strong>programiranje; <\/strong><\/p>\n<p style=\"padding-left: 30px;\"><strong><em>Izvo\u0111a\u010d obuke<\/em><\/strong><strong>: <\/strong><strong>CODE ACADEMY DOO, Informatika AD, Institut za nuklearne nauke \u201eVin\u010da\u201c i \u201eSeminari SEE\u201c doo<\/strong><\/p>\n<\/td>\n<td align=\"center\" valign=\"middle\" width=\"10%\"><a href=\"https:\/\/itobuke.rs\/rs\/nsz-druga-faza-03\/\"><img src=\"http:\/\/itobuke.rs\/wp-content\/uploads\/2018\/09\/th_Next.png\" alt=\"Prika\u017ei\" \/><\/a><\/td>\n<\/tr>\n<tr>\n<td width=\"90%\"><strong>4. <\/strong> <strong>Beograd \u2013 Obuka za <\/strong><strong>JavaScript; <\/strong><\/p>\n<p style=\"padding-left: 30px;\"><strong><em>Izvo\u0111a\u010d obuke<\/em><\/strong><strong>: <\/strong><strong>CODE ACADEMY DOO, Informatika AD, Institut za nuklearne nauke \u201eVin\u010da\u201c i \u201eSeminari SEE\u201c doo<\/strong><\/p>\n<\/td>\n<td align=\"center\" valign=\"middle\" width=\"10%\"><a href=\"https:\/\/itobuke.rs\/rs\/nsz-druga-faza-04\/\"><img src=\"http:\/\/itobuke.rs\/wp-content\/uploads\/2018\/09\/th_Next.png\" alt=\"Prika\u017ei\" \/><\/a><\/td>\n<\/tr>\n<tr>\n<td width=\"90%\"><strong>5. <\/strong> <strong>Beograd \u2013<\/strong><strong>Obuka za <\/strong><strong>PHP <\/strong><strong>programiranje; <\/strong><\/p>\n<p style=\"padding-left: 30px;\"><strong><em>Izvo\u0111a\u010d obuke<\/em><\/strong><strong>: <\/strong><strong>CODE ACADEMY DOO, Informatika AD, Institut za nuklearne nauke \u201eVin\u010da\u201c i \u201eSeminari SEE\u201c doo<\/strong><\/p>\n<\/td>\n<td align=\"center\" valign=\"middle\" width=\"10%\"><a href=\"https:\/\/itobuke.rs\/rs\/nsz-druga-faza-05\/\"><img src=\"http:\/\/itobuke.rs\/wp-content\/uploads\/2018\/09\/th_Next.png\" alt=\"Prika\u017ei\" \/><\/a><\/td>\n<\/tr>\n<tr>\n<td width=\"90%\"><strong>6. <\/strong><strong>Beograd \u2013 Obuka za .<\/strong><strong>NET<\/strong> <strong>programiranje<\/strong><\/p>\n<p style=\"padding-left: 30px;\"><strong><em>Izvo\u0111a\u010d obuke<\/em><\/strong><strong>: <\/strong><strong>CODE ACADEMY DOO, Informatika AD, Institut za nuklearne nauke \u201eVin\u010da\u201c i \u201eSeminari SEE\u201c doo<\/strong><\/p>\n<\/td>\n<td align=\"center\" valign=\"middle\" width=\"10%\"><a href=\"https:\/\/itobuke.rs\/rs\/nsz-druga-faza-06\/\"><img src=\"http:\/\/itobuke.rs\/wp-content\/uploads\/2018\/09\/th_Next.png\" alt=\"Prika\u017ei\" \/><\/a><\/td>\n<\/tr>\n<tr>\n<td width=\"90%\"><strong>7. <\/strong> <strong>Novi Sad<\/strong> &#8211; <strong>Obuka za Java programiranje,<\/strong><\/p>\n<p style=\"padding-left: 30px;\"><strong><em>Izvo\u0111a\u010d obuke<\/em><\/strong><strong>:<\/strong><strong> Informatika AD, , Institut za nuklearne nauke \u201eVin\u010da\u201c<\/strong><strong>,<\/strong><strong> \u201eSeminari SEE\u201c doo<\/strong><strong> i<\/strong><strong> CODE ACADEMY DOO<\/strong><\/p>\n<\/td>\n<td align=\"center\" valign=\"middle\" width=\"10%\"><a href=\"https:\/\/itobuke.rs\/rs\/nsz-druga-faza-07\/\"><img src=\"http:\/\/itobuke.rs\/wp-content\/uploads\/2018\/09\/th_Next.png\" alt=\"Prika\u017ei\" \/><\/a><\/td>\n<\/tr>\n<tr>\n<td width=\"90%\"><strong>8. <\/strong><strong>Novi Sad &#8211; Obuka za Front-End Web programiranje<\/strong><\/p>\n<p style=\"padding-left: 30px;\"><strong><em>Izvo\u0111a\u010d obuke<\/em><\/strong><strong>: SMART DOO, Novi Sad<\/strong><\/p>\n<\/td>\n<td align=\"center\" valign=\"middle\" width=\"10%\"><a href=\"https:\/\/itobuke.rs\/rs\/nsz-druga-faza-08\/\"><img src=\"http:\/\/itobuke.rs\/wp-content\/uploads\/2018\/09\/th_Next.png\" alt=\"Prika\u017ei\" \/><\/a><\/td>\n<\/tr>\n<tr>\n<td width=\"90%\"><strong>9. <\/strong> <strong>Novi Sad<\/strong> &#8211; <strong>Obuka za .<\/strong><strong>NET<\/strong><strong>programiranje <\/strong><\/p>\n<p style=\"padding-left: 30px;\"><strong><em>Izvo\u0111a\u010d obuke<\/em><\/strong><strong>:<\/strong><strong> Informatika AD, , Institut za nuklearne nauke \u201eVin\u010da\u201c<\/strong><strong>,<\/strong><strong> \u201eSeminari SEE\u201c doo<\/strong><strong> i<\/strong><strong> CODE ACADEMY DOO<\/strong><\/p>\n<\/td>\n<td align=\"center\" valign=\"middle\" width=\"10%\"><a href=\"https:\/\/itobuke.rs\/rs\/nsz-druga-faza-09\/\"><img src=\"http:\/\/itobuke.rs\/wp-content\/uploads\/2018\/09\/th_Next.png\" alt=\"Prika\u017ei\" \/><\/a><\/td>\n<\/tr>\n<tr>\n<td width=\"90%\">\n<p><strong>10.<\/strong> <strong>Ni\u0161 &#8211; Obuka za Java programiranje<\/strong><\/p>\n<p><strong><em>Izvo\u0111a\u010d obuke<\/em><\/strong><strong>:<\/strong><strong> Informatika AD, , Institut za nuklearne nauke \u201eVin\u010da\u201c<\/strong><strong>,<\/strong><strong> \u201eSeminari SEE\u201c doo<\/strong><strong> i<\/strong><strong> CODE ACADEMY DOO<\/strong><\/td>\n<td align=\"center\" valign=\"middle\" width=\"10%\"><a href=\"https:\/\/itobuke.rs\/rs\/nsz-druga-faza-10\/\"><img src=\"http:\/\/itobuke.rs\/wp-content\/uploads\/2018\/09\/th_Next.png\" alt=\"Prika\u017ei\" \/><\/a><\/td>\n<\/tr>\n<tr>\n<td width=\"90%\"><strong>11. <\/strong> <strong> Ni\u0161 -, Obuka za .<\/strong><strong>NET<\/strong><strong>programiranje<\/strong><\/p>\n<p style=\"padding-left: 30px;\"><strong><em>Izvo\u0111a\u010d obuke<\/em><\/strong><strong>:<\/strong><strong> Informatika AD, , Institut za nuklearne nauke \u201eVin\u010da\u201c<\/strong><strong>,<\/strong><strong> \u201eSeminari SEE\u201c doo<\/strong><strong> i<\/strong><strong> CODE ACADEMY DOO<\/strong><\/p>\n<\/td>\n<td align=\"center\" valign=\"middle\" width=\"10%\"><a href=\"https:\/\/itobuke.rs\/rs\/nsz-druga-faza-11\/\"><img src=\"http:\/\/itobuke.rs\/wp-content\/uploads\/2018\/09\/th_Next.png\" alt=\"Prika\u017ei\" \/><\/a><\/td>\n<\/tr>\n<tr>\n<td width=\"90%\"><strong>12. Subotica Obuka za Front-End Web programiranje<\/strong><\/p>\n<p style=\"padding-left: 30px;\"><strong><em>Izvo\u0111a\u010d obuke<\/em><\/strong><strong>:<\/strong><strong> Informatika AD, , Institut za nuklearne nauke \u201eVin\u010da\u201c<\/strong><strong>,<\/strong><strong> \u201eSeminari SEE\u201c doo<\/strong><strong> i<\/strong><strong> CODE ACADEMY DOO<\/strong><\/p>\n<\/td>\n<td align=\"center\" valign=\"middle\" width=\"10%\"><a href=\"https:\/\/itobuke.rs\/rs\/nsz-druga-faza-12\/\"><img src=\"http:\/\/itobuke.rs\/wp-content\/uploads\/2018\/09\/th_Next.png\" alt=\"Prika\u017ei\" \/><\/a><\/td>\n<\/tr>\n<tr>\n<td width=\"90%\"><strong>13.<\/strong> <strong>Zrenjanin &#8211; Obuka za Front-End Web programiranje<\/strong><\/p>\n<p style=\"padding-left: 30px;\"><strong><em>Izvo\u0111a\u010d obuke<\/em><\/strong><strong>:<\/strong><strong> Informatika AD, , Institut za nuklearne nauke \u201eVin\u010da\u201c<\/strong><strong>,<\/strong><strong> \u201eSeminari SEE\u201c doo<\/strong><strong> i<\/strong><strong> CODE ACADEMY DOO<\/strong><\/p>\n<\/td>\n<td align=\"center\" valign=\"middle\" width=\"10%\"><a href=\"https:\/\/itobuke.rs\/rs\/nsz-druga-faza-13\/\"><img src=\"http:\/\/itobuke.rs\/wp-content\/uploads\/2018\/09\/th_Next.png\" alt=\"Prika\u017ei\" \/><\/a><\/td>\n<\/tr>\n<tr>\n<td width=\"90%\"><strong>14. <\/strong><strong>\u010ca\u010dak &#8211; Obuka za Java programiranje<\/strong><\/p>\n<p style=\"padding-left: 30px;\"><strong><em>Izvo\u0111a\u010d obuke<\/em><\/strong><strong>: Agencija za obrazovanje \u201eAkademija\u201cDragana Grbovi\u0107 PR, \u010ca\u010dak<\/strong><\/p>\n<\/td>\n<td align=\"center\" valign=\"middle\" width=\"10%\"><a href=\"https:\/\/itobuke.rs\/rs\/nsz-druga-faza-14\/\"><img src=\"http:\/\/itobuke.rs\/wp-content\/uploads\/2018\/09\/th_Next.png\" alt=\"Prika\u017ei\" \/><\/a><\/td>\n<\/tr>\n<tr>\n<td width=\"90%\"><strong>15. <\/strong><strong>\u010ca\u010dak &#8211; Obuka za <\/strong><strong>Front-End Web <\/strong><strong>programiranje<\/strong><\/p>\n<p style=\"padding-left: 30px;\"><strong><em>Izvo\u0111a\u010d obuke<\/em><\/strong><strong>: Agencija \u201eSveti Sava \u201c, \u010ca\u010dak<\/strong><\/p>\n<\/td>\n<td align=\"center\" valign=\"middle\" width=\"10%\"><a href=\"https:\/\/itobuke.rs\/rs\/nsz-druga-faza-15\/\"><img src=\"http:\/\/itobuke.rs\/wp-content\/uploads\/2018\/09\/th_Next.png\" alt=\"Prika\u017ei\" \/><\/a><\/td>\n<\/tr>\n<tr>\n<td width=\"90%\"><strong>16.<\/strong> <strong>Valjevo &#8211; Obuka za Java programiranje<\/strong><\/p>\n<p style=\"padding-left: 30px;\"><strong><em>Izvo\u0111a\u010d obuke<\/em><\/strong><strong>:<\/strong><strong> Informatika AD, , Institut za nuklearne nauke \u201eVin\u010da\u201c<\/strong><strong>,<\/strong><strong> \u201eSeminari SEE\u201c doo<\/strong><strong> i<\/strong><strong> CODE ACADEMY DOO<\/strong><\/p>\n<\/td>\n<td align=\"center\" valign=\"middle\" width=\"10%\"><a href=\"https:\/\/itobuke.rs\/rs\/nsz-druga-faza-16\/\"><img src=\"http:\/\/itobuke.rs\/wp-content\/uploads\/2018\/09\/th_Next.png\" alt=\"Prika\u017ei\" \/><\/a><\/td>\n<\/tr>\n<tr>\n<td width=\"90%\"><strong>17.<\/strong> <strong>Kragujevac &#8211; Obuka za Java programiranje<\/strong><\/p>\n<p style=\"padding-left: 30px;\"><strong><em>Izvo\u0111a\u010d obuke<\/em><\/strong><strong>:<\/strong><strong> Informatika AD, , Institut za nuklearne nauke \u201eVin\u010da\u201c<\/strong><strong>,<\/strong><strong> \u201eSeminari SEE\u201c doo<\/strong><strong> i<\/strong><strong> CODE ACADEMY DOO<\/strong><\/p>\n<\/td>\n<td align=\"center\" valign=\"middle\" width=\"10%\"><a href=\"https:\/\/itobuke.rs\/rs\/nsz-druga-faza-17\/\"><img src=\"http:\/\/itobuke.rs\/wp-content\/uploads\/2018\/09\/th_Next.png\" alt=\"Prika\u017ei\" \/><\/a><\/td>\n<\/tr>\n<tr>\n<td width=\"90%\"><strong>18. <\/strong> <strong>Novi Pazar &#8211; Obuka za Java programiranje<\/strong><\/p>\n<p style=\"padding-left: 30px;\"><strong><em>Izvo\u0111a\u010d obuke<\/em><\/strong><strong>:<\/strong><strong> Informatika AD, , Institut za nuklearne nauke \u201eVin\u010da\u201c<\/strong><strong>,<\/strong><strong> \u201eSeminari SEE\u201c doo<\/strong><strong> i<\/strong><strong> CODE ACADEMY DOO<\/strong><\/p>\n<\/td>\n<td align=\"center\" valign=\"middle\" width=\"10%\"><a href=\"https:\/\/itobuke.rs\/rs\/nsz-druga-faza-18\/\"><img src=\"http:\/\/itobuke.rs\/wp-content\/uploads\/2018\/09\/th_Next.png\" alt=\"Prika\u017ei\" \/><\/a><\/td>\n<\/tr>\n<tr>\n<td width=\"90%\"><strong>19.<\/strong> <strong>U\u017eice &#8211; Obuka za Java programiranje<\/strong><\/p>\n<p style=\"padding-left: 30px;\"><strong><em>Izvo\u0111a\u010d obuke<\/em><\/strong><strong>:<\/strong><strong> Informatika AD, , Institut za nuklearne nauke \u201eVin\u010da\u201c<\/strong><strong>,<\/strong><strong> \u201eSeminari SEE\u201c doo<\/strong><strong> i<\/strong><strong> CODE ACADEMY DOO<\/strong><\/p>\n<\/td>\n<td align=\"center\" valign=\"middle\" width=\"10%\"><a href=\"https:\/\/itobuke.rs\/rs\/nsz-druga-faza-19\/\"><img src=\"http:\/\/itobuke.rs\/wp-content\/uploads\/2018\/09\/th_Next.png\" alt=\"Prika\u017ei\" \/><\/a><\/td>\n<\/tr>\n<\/tbody>\n<\/table>\n<p>&nbsp;<\/p>\n","protected":false},"excerpt":{"rendered":"<p>OBAVE\u0160TENjE KANDIDATIMA O PO\u010cETKU DRUGE FAZE SELEKCIJE Beograd \u2013 Obuka za Java programiranje Izvo\u0111a\u010d obuke: LINK GROUP DOO Testiranje kandidata u drugoj fazi selekcije \u0107e se obaviti u prostorijama izvo\u0111a\u010da obuke, u Zemunu, Cara Du\u0161ana 34. Period testiranja je od 09.2018. do 18.09.2018. godine Prvi deo testiranja \u2013 test iz IT oblasti i test engleskog jezika \u0107e se obaviti dana &#8230; <\/p>\n<div><a href=\"https:\/\/itobuke.rs\/rs\/nsz-druga-faza-obavestenje\/\" class=\"more-link\">Op\u0161irnije&#8230;<\/a><\/div>\n","protected":false},"author":12,"featured_media":0,"parent":0,"menu_order":0,"comment_status":"closed","ping_status":"closed","template":"","meta":[],"_links":{"self":[{"href":"https:\/\/itobuke.rs\/rs\/wp-json\/wp\/v2\/pages\/2321"}],"collection":[{"href":"https:\/\/itobuke.rs\/rs\/wp-json\/wp\/v2\/pages"}],"about":[{"href":"https:\/\/itobuke.rs\/rs\/wp-json\/wp\/v2\/types\/page"}],"author":[{"embeddable":true,"href":"https:\/\/itobuke.rs\/rs\/wp-json\/wp\/v2\/users\/12"}],"replies":[{"embeddable":true,"href":"https:\/\/itobuke.rs\/rs\/wp-json\/wp\/v2\/comments?post=2321"}],"version-history":[{"count":5,"href":"https:\/\/itobuke.rs\/rs\/wp-json\/wp\/v2\/pages\/2321\/revisions"}],"predecessor-version":[{"id":2443,"href":"https:\/\/itobuke.rs\/rs\/wp-json\/wp\/v2\/pages\/2321\/revisions\/2443"}],"wp:attachment":[{"href":"https:\/\/itobuke.rs\/rs\/wp-json\/wp\/v2\/media?parent=2321"}],"curies":[{"name":"wp","href":"https:\/\/api.w.org\/{rel}","templated":true}]}}