{"id":2334,"date":"2018-09-09T20:20:24","date_gmt":"2018-09-09T19:20:24","guid":{"rendered":"http:\/\/itobuke.rs\/nsz-druga-faza-c\/"},"modified":"2018-09-09T23:01:51","modified_gmt":"2018-09-09T22:01:51","slug":"nsz-druga-faza-c","status":"publish","type":"page","link":"https:\/\/itobuke.rs\/rs\/nsz-druga-faza-c\/","title":{"rendered":"NSZ &#8211; druga faza &#8211; C"},"content":{"rendered":"<p><span style=\"color: #ba3f3f; font-size: 40px;\">Druga faza selekcije kod izvo\u0111a\u010da obuke<\/span><\/p>\n<p><span style=\"color: #ba3f3f; font-size: 40px;\">INFORMATIKA AD, Institut za nuklearne nauke \u201eVin\u010da\u201c , \u201eSeminari SEE\u201c doo i CODE ACADEMY DOO<\/span><\/p>\n<p><em>Lokacija<\/em>: <strong><u>Novi Sad, Ni\u0161, Subotica, Zrenjanin, Val\u0458evo,Kragujevac, Novi Pazar i U\u017eice<\/u><\/strong><\/p>\n<p><em>Izvo\u0111a\u010d obuke<\/em><strong>: <\/strong><strong>Informatika AD, Institut za nuklearne nauke \u201eVin\u010da\u201c  \u201eSeminari SEE\u201c  doo i CODE ACADEMY doo,<\/strong><\/p>\n<p><em>Adresa<\/em>: o mestu testiranja kandidati \u0107e biti pojedina\u010dno obave\u0161teni<\/p>\n<p><strong><em>Predznanja kandidata potrebna za drugu fazu selekcije<\/em><\/strong><strong>: <\/strong><\/p>\n<ul>\n<li><em>Minimalno osnovni nivo kori\u0161\u0107enja ra\u010dunara<\/em>:\n<ul>\n<li>razume osnovne koncepte ra\u010dunara, ure\u0111aja i softvera;<\/li>\n<li>ukl\u0458u\u010di i iskl\u0458u\u010di ra\u010dunar;<\/li>\n<li>radi efikasno na radnoj povr\u0161ini (desktop) koriste\u0107i ikone i prozore;<\/li>\n<li>prilagodi glavna pode\u0161avanja operativnog sistema i koristi ugra\u0111enu pomo\u0107;<\/li>\n<li>kreira i od\u0161tampa dokument;<\/li>\n<li>poznaje osnovne koncepte organizacije fajlova kao i da efikasno organizuje fajlove i foldere;<\/li>\n<li>razume osnovne koncepte skladi\u0161tenja podataka i kako da koristi programe za pakovanje i raspakivanje velikih fajlova;<\/li>\n<li>razume zna\u010daj za\u0161tite podataka i ure\u0111aja od zlonamernih programa i zna\u010daj pravl\u0458enja kopije podataka.<\/li>\n<\/ul>\n<\/li>\n<li><em>Minimalno osnovni nivo kori\u0161\u0107enja Interneta<\/em>:\n<ul>\n<li>razume pojav veb pretra\u017eiva\u010da i onlajn koncepte bezbednosti;<\/li>\n<li>koristi veb pretra\u017eiva\u010d i upravl\u0458a rezultatima pretrage;<\/li>\n<li>efikasno pronalazi informacije na internetu i procenjuje sadr\u017eaj sajta;<\/li>\n<li>razume osnovna pitanja autorskih prava i za\u0161tite podataka;<\/li>\n<li>razume koncept onlajn zajednica, komunikacije i e-mejla;<\/li>\n<li>\u0161al\u0458e, prima i upravl\u0458a e-mejl porukama i njihovim pode\u0161avanjima;<\/li>\n<li>organizuje i pretra\u017euje e-mejl poruke i koristi kalendare.<\/li>\n<\/ul>\n<\/li>\n<\/ul>\n<p><strong><em>Na\u010din testiranja:<\/em><\/strong><\/p>\n<p><em> <\/em>Oblast informacione tehnologije: Testiranje kandidata je vremenski ograni\u010deno i obuhvata tri vrste testa \u2013 test osnova ra\u010dunarstva, test logi\u010dkog rasu\u0111ivanja i test numeri\u010dkog rasu\u0111ivanja. Test ima za cil\u0458 proveru sposobnosti logi\u010dkog razmi\u0161l\u0458anja, kao i generalno poznavanje IT tehnologije i njihove primene.<\/p>\n<p>Engleski jezik: Testiranje kandidata je vremenski ograni\u010deno i podrazumeva test nivoa znanja engleskog jezika sa fokusom na razumevanju.<\/p>\n<p>&nbsp;<\/p>\n<p><strong><em>Op\u0161ti kriterijumi procene i rangiranja<\/em><\/strong><strong>: <\/strong><\/p>\n<p><strong> <\/strong>Svako pitanje nosi odre\u0111en broj poena prema slo\u017eenosti. Rangiranje se vr\u0161i prema ostvarenom ukupnom broju bodova prikazanim u procentima. Test engleskog jezika nosi 30% ukupnog broja bodova, a test iz logike i op\u0161teg IT znanja nosi 70% od ukupnog broja bodova.  Najbol\u0458e su rangirani kandidati sa najve\u0107im brojem poena na testovima. U slu\u010daju da dva ili vi\u0161e kandidata imaju isti postignuti procenat , prednost \u0107e imati oni kandidati koji su postigli bol\u0458e rezultate na testu logike i op\u0161teg IT znanja.<strong>   <\/strong><\/p>\n","protected":false},"excerpt":{"rendered":"<p>Druga faza selekcije kod izvo\u0111a\u010da obuke INFORMATIKA AD, Institut za nuklearne nauke \u201eVin\u010da\u201c , \u201eSeminari SEE\u201c doo i CODE ACADEMY DOO Lokacija: Novi Sad, Ni\u0161, Subotica, Zrenjanin, Val\u0458evo,Kragujevac, Novi Pazar i U\u017eice Izvo\u0111a\u010d obuke: Informatika AD, Institut za nuklearne nauke \u201eVin\u010da\u201c \u201eSeminari SEE\u201c doo i CODE ACADEMY doo, Adresa: o mestu testiranja kandidati \u0107e biti pojedina\u010dno obave\u0161teni Predznanja kandidata potrebna &#8230; <\/p>\n<div><a href=\"https:\/\/itobuke.rs\/rs\/nsz-druga-faza-c\/\" class=\"more-link\">Op\u0161irnije&#8230;<\/a><\/div>\n","protected":false},"author":12,"featured_media":0,"parent":0,"menu_order":0,"comment_status":"closed","ping_status":"closed","template":"","meta":[],"_links":{"self":[{"href":"https:\/\/itobuke.rs\/rs\/wp-json\/wp\/v2\/pages\/2334"}],"collection":[{"href":"https:\/\/itobuke.rs\/rs\/wp-json\/wp\/v2\/pages"}],"about":[{"href":"https:\/\/itobuke.rs\/rs\/wp-json\/wp\/v2\/types\/page"}],"author":[{"embeddable":true,"href":"https:\/\/itobuke.rs\/rs\/wp-json\/wp\/v2\/users\/12"}],"replies":[{"embeddable":true,"href":"https:\/\/itobuke.rs\/rs\/wp-json\/wp\/v2\/comments?post=2334"}],"version-history":[{"count":1,"href":"https:\/\/itobuke.rs\/rs\/wp-json\/wp\/v2\/pages\/2334\/revisions"}],"predecessor-version":[{"id":2335,"href":"https:\/\/itobuke.rs\/rs\/wp-json\/wp\/v2\/pages\/2334\/revisions\/2335"}],"wp:attachment":[{"href":"https:\/\/itobuke.rs\/rs\/wp-json\/wp\/v2\/media?parent=2334"}],"curies":[{"name":"wp","href":"https:\/\/api.w.org\/{rel}","templated":true}]}}