{"id":2338,"date":"2018-09-09T20:27:44","date_gmt":"2018-09-09T19:27:44","guid":{"rendered":"http:\/\/itobuke.rs\/nsz-druga-faza-d\/"},"modified":"2018-09-09T23:02:09","modified_gmt":"2018-09-09T22:02:09","slug":"nsz-druga-faza-d","status":"publish","type":"page","link":"https:\/\/itobuke.rs\/rs\/nsz-druga-faza-d\/","title":{"rendered":"NSZ &#8211; druga faza &#8211; D"},"content":{"rendered":"<p><span style=\"color: #ba3f3f; font-size: 40px;\">Druga faza selekcije kod izvo\u0111a\u010da obuke<\/span><\/p>\n<p><span style=\"color: #ba3f3f; font-size: 40px;\">SMART DOO, Novi Sad<\/span><\/p>\n<p><em>Lokacija<\/em>: <strong><u>Novi Sad<\/u><\/strong><\/p>\n<p><em>Izvo\u0111a\u010d obuke<\/em><strong>: SMART DOO, <\/strong><strong>Novi Sad<\/strong><\/p>\n<p><em>Adresa<\/em>: Kral\u0458a Aleksandra 12, Novi Sad<\/p>\n<p><strong><em>Predznanja kandidata potrebna za drugu fazu selekcije<\/em><\/strong><strong>: <\/strong><\/p>\n<ul>\n<li><u>IT tehnologije<\/u>:\n<ul>\n<li>Razume osnovne koncepte informacionih tehnologija :<\/li>\n<li>Ukl\u0458u\u010di i iskl\u0458u\u010di ra\u010dunar;<\/li>\n<li>Prepozna glavne ure\u0111aje na ra\u010dunaru kao \u0161to su: mi\u0161, tastatura, ku\u0107i\u0161te, monitor, \u0161tampa\u010d;<\/li>\n<li>Razume pojmove: hardver, softver;<\/li>\n<li>Radi efikasno na radnoj povr\u0161ini ra\u010dunara (desktop) koriste\u0107i ikone i prozore;<\/li>\n<li>Prilagodi glavna pode\u0161avanja operativnog sistema;<\/li>\n<li>Kreira i od\u0161tampa dokument;<\/li>\n<li>Poznaje osnovne koncepte organizacije fajlova kao i da efikasno organizuje fajlove i foldere;<\/li>\n<li>Razume osnovne koncepte \u010duvanja podataka;<\/li>\n<li>Koristi programe za pakovanje i raspakivanje velikih fajlova;<\/li>\n<li>Razume \u0161ta je Internet;<\/li>\n<li>Razume pojam elektronske po\u0161te (email) i mogu\u0107nosti njegovog kori\u0161\u0107enja;<\/li>\n<li>Razume razli\u010dite internet aktivnosti: pretraga informacija i u\u010denje;<\/li>\n<li>Razume pojam lokalne mre\u017ee<\/li>\n<\/ul>\n<\/li>\n<li><u>Engleski jezik<\/u>:\n<ul>\n<li>Kandidat treba da poseduje srednji nivo znanja engleskog jezika tj. \u201epre-intermediate level\u201c (A2 \u2013 ni\u017ei srednji nivo).  \u201ePre-intermediate level\u201c podrazumeva da osoba ima sposobnost kori\u0161\u0107enja jezika potrebnog u ograni\u010denom nizu jednostavnih, rutinskih ili poznatih situacija. Na primer, mo\u017ee da razume i prenese jednostavne poruke, mo\u017ee da odr\u017eava jednostavne razgovore licem-u-lice.  Mo\u017ee da zatra\u017ei informacije kako bi zadovol\u0458io rutinske potrebe &#8211; na primer kad su na poslu da re\u0161e uobi\u010dajene probleme preko telefona. \u0160to se ti\u010de poznavanja gramati\u010dkih pojmova, kandidat bi trebalo da poseduje znanje osnovnih glagolskih vremena i re\u010deni\u010dnih konstrukcija kao i znanje poznatih IT pojmova (copy, paste, find, insert&#8230;.)<\/li>\n<\/ul>\n<\/li>\n<\/ul>\n<p>&nbsp;<\/p>\n<p><strong><em>Na\u010din testiranja:<\/em><\/strong><\/p>\n<p><strong><em> <\/em><\/strong>U cil\u0458u provere predznanja kandidata iz oblasti informacionih tehnologija kandidati \u0107e dobiti test koji \u0107e da sadr\u017ei 30 pitanja  na zaokru\u017eivanje i dodavanje odgovora na pitanje. Pitanja \u0107e biti iz oblasti upravl\u0458anja fajlovima (datotekama) i rada sa web pretra\u017eiva\u010dima.<\/p>\n<p>U cil\u0458u provere znanja engleskog jezika kandidati \u0107e dobiti test koji \u0107e biti na zaokru\u017eivanje i dodavanje odgovora. Test \u0107e obuhvatati 30 pitanja sa ponu\u0111enim odgovorima i pitanjima na dopunjavanje. Pitanja \u0107e obuhvatiti osnovna glagolska vremena i re\u010deni\u010dne konstrukcije kao i osnovnu terminologiju informati\u010dkih pojmova.<\/p>\n<p>Sa svakim kandidatom \u0107e se obaviti kratak intervju kako bi se saznali kl\u0458u\u010dni motivi kandidata, fleksibilnost u pra\u0107enju nastave u toku radnog dana, kao i cil\u0458evi nakon zavr\u0161ene obuke.  Intervju slu\u017ei kandidatima da dobiju sve dodatne informacije o na\u010dinu realizacije obuke pre dono\u0161enja kona\u010dne odluke i ne\u0107e uticati na kona\u010dnu listu niti \u0107e se bodovati.<\/p>\n<p>&nbsp;<\/p>\n<p><strong><em>Op\u0161ti kriterijumi procene i rangiranja<\/em><\/strong><strong>: <\/strong><\/p>\n<p>Svako pitanje na testu \u0107e nositi po jedan bod. Kandidati \u0107e biti bodovani i rangirani na osnovu bodova koje osvoje na predtestu izra\u017eeno u procentima. Rang liste \u0107e se kreirati od najve\u0107eg do najmanjeg broja ostvarenih bodova na testu.<\/p>\n<p>U slu\u010daju da 2 ili vi\u0161e kandidata imaju jednak broj bodova na testu, od \u010dega zavisi ko \u0107e ste\u0107i pravo na poha\u0111anje obuke, prednost \u0107e imati onaj kandidat koji je osvojio ve\u0107i broj bodova na predtestu Poznavanja rada na ra\u010dunaru.<\/p>\n<p>Na osnovu pojedina\u010dno pregledanih testova iz Poznavanja rada na ra\u010dunaru i Engleskog jezika ostvareni bodovi izra\u017eeni u procentima \u0107e se sabirati i dobiti kona\u010dan rezultat ocene testova.<\/p>\n<p>U slu\u010daju da 2 ili vi\u0161e kandidata imaju jednak broj bodova na testu, od \u010dega zavisi ko \u0107e ste\u0107i pravo na poha\u0111anje obuke, prednost \u0107e imati onaj kandidat koji je osvojio ve\u0107i broj bodova na predtestu Poznavanja rada na ra\u010dunaru.<\/p>\n","protected":false},"excerpt":{"rendered":"<p>Druga faza selekcije kod izvo\u0111a\u010da obuke SMART DOO, Novi Sad Lokacija: Novi Sad Izvo\u0111a\u010d obuke: SMART DOO, Novi Sad Adresa: Kral\u0458a Aleksandra 12, Novi Sad Predznanja kandidata potrebna za drugu fazu selekcije: IT tehnologije: Razume osnovne koncepte informacionih tehnologija : Ukl\u0458u\u010di i iskl\u0458u\u010di ra\u010dunar; Prepozna glavne ure\u0111aje na ra\u010dunaru kao \u0161to su: mi\u0161, tastatura, ku\u0107i\u0161te, monitor, \u0161tampa\u010d; Razume pojmove: hardver, &#8230; <\/p>\n<div><a href=\"https:\/\/itobuke.rs\/rs\/nsz-druga-faza-d\/\" class=\"more-link\">Op\u0161irnije&#8230;<\/a><\/div>\n","protected":false},"author":12,"featured_media":0,"parent":0,"menu_order":0,"comment_status":"closed","ping_status":"closed","template":"","meta":[],"_links":{"self":[{"href":"https:\/\/itobuke.rs\/rs\/wp-json\/wp\/v2\/pages\/2338"}],"collection":[{"href":"https:\/\/itobuke.rs\/rs\/wp-json\/wp\/v2\/pages"}],"about":[{"href":"https:\/\/itobuke.rs\/rs\/wp-json\/wp\/v2\/types\/page"}],"author":[{"embeddable":true,"href":"https:\/\/itobuke.rs\/rs\/wp-json\/wp\/v2\/users\/12"}],"replies":[{"embeddable":true,"href":"https:\/\/itobuke.rs\/rs\/wp-json\/wp\/v2\/comments?post=2338"}],"version-history":[{"count":1,"href":"https:\/\/itobuke.rs\/rs\/wp-json\/wp\/v2\/pages\/2338\/revisions"}],"predecessor-version":[{"id":2339,"href":"https:\/\/itobuke.rs\/rs\/wp-json\/wp\/v2\/pages\/2338\/revisions\/2339"}],"wp:attachment":[{"href":"https:\/\/itobuke.rs\/rs\/wp-json\/wp\/v2\/media?parent=2338"}],"curies":[{"name":"wp","href":"https:\/\/api.w.org\/{rel}","templated":true}]}}