{"id":2342,"date":"2018-09-09T20:33:05","date_gmt":"2018-09-09T19:33:05","guid":{"rendered":"http:\/\/itobuke.rs\/nsz-druga-faza-e\/"},"modified":"2018-09-09T23:02:32","modified_gmt":"2018-09-09T22:02:32","slug":"nsz-druga-faza-e","status":"publish","type":"page","link":"https:\/\/itobuke.rs\/rs\/nsz-druga-faza-e\/","title":{"rendered":"NSZ &#8211; druga faza &#8211; E"},"content":{"rendered":"<p><span style=\"color: #ba3f3f; font-size: 40px;\">Druga faza selekcije kod izvo\u0111a\u010da obuke<\/span><\/p>\n<p><span style=\"color: #ba3f3f; font-size: 40px;\">AGENCIJA ZA OBRAZOVAN\u0458E \u201eAKADEMIJA\u201c DRAGANA GRBOVI\u0106 PR<\/span><\/p>\n<p><em>Lokacija<\/em>: <strong><u>\u010ca\u010dak <\/u><\/strong><\/p>\n<p><em>Izvo\u0111a\u010d obuke<\/em><strong>: Agencija za obrazovanje \u201eAkademija\u201c Dragana Grbovi\u0107 PR<\/strong><\/p>\n<p><em>Adresa<\/em>: Vojvode Stepe 44, \u010ca\u010dak<\/p>\n<p>&nbsp;<\/p>\n<p><strong><em>Predznanja kandidata potrebna za drugu fazu selekcije<\/em><\/strong><strong>: <\/strong><\/p>\n<p>Poznavanje rada na ra\u010dunaru, kreiranje, izmena i brisanje fajlova, Windows operativni sistem ; poznavanje makar jednog programa za obradu teksta i makar jednog pretra\u017eiva\u010da.<\/p>\n<p><strong><em>Na\u010din testiranja<\/em><\/strong><strong>: <\/strong><\/p>\n<p><u>IT oblast<\/u>: Pismeno testiranje, test sa 30 pitanja sa sitemom zaokru\u017eivanja jednog od ponu\u0111enih odgovora. Test obuhvata pitanja iz slede\u0107ih oblasti:<\/p>\n<ol>\n<li>Oblast Windows operativni sistem: poznavanje pode\u0161avanja parametara Windows okru\u017eenja ; kreiranja i rad sa folderima i fajlovima, upotreba pre\u010dica na tastaturi,instalacija dodatnih softvera (instalacija antivirus programa, instalacija drajvera&#8230;.\/ poznavanje eksternih medijima (USB flash, eksterni hard disk&#8230;..)<\/li>\n<li>Oblast MS Word Kreiranje i izmena dokumenata u Wordu, Formatiranje teksta, tabela i slika, \u010duvanje fajlova u razli\u010ditim formatima<\/li>\n<li>Oblast Internet Poznavanje vrste Internet protokola (HTTP, HTTPS, FTP&#8230;) Poznavanje rada Search Engine Rad sa mailovima Koriscenje Internet pretrazivaca<\/li>\n<\/ol>\n<p>&nbsp;<\/p>\n<p><u>Engleski jezik<\/u>: test sa 50 pitanja koji obuhvata nekoliko celina. Vokabular iz oblasti informacionih tehnologija. Sistemi zaokru\u017eivanja jednog od ponu\u0111enih odgovora i dodavanja re\u010di u re\u010denici.<\/p>\n<p>&nbsp;<\/p>\n<p><strong><em>Op\u0161ti kriterijumi procene i rangiranja<\/em><\/strong><strong>: <\/strong><\/p>\n<p>Test iz oblasti informatike koncipiran je tako da svako od pitanja nosi minimum 1 bod a maksimum 5 bodova, u zavisnosti od te\u017eine samog pitanja. Maksimalan broj bodova je 70. Polaznik mora da ostvariti minimum 60% (42 boda) na informati\u010dkom testu.<\/p>\n<p>Test engleskog jezika je koncipiran tako da svako pitanje nosi minimum 0,5 bodova a maksimum 1 bod, u zavisnosti od te\u017eine samog pitanja. Polaznici moraju imati minimum 50% (15 bodova) na testu engleskog jezika.<\/p>\n<p>Polaznik mo\u017ee ostvariti maksimalno 100 bodova. Polaznici na testu iz oblasti informatike mogu ostvariti maksimalno 70 bodova a na testu iz engleskog jezika mogu ostvariti maksimalno 30 bodova. Bodovi iz testa iz oblasti informatike se zbrajaju sa bodovima ostvarenim na testu engleskog jezika, na osnovu \u010dega se pravi rang lista polaznika.Bodovi u rang listi \u0107e biti prikazani procentualno. Ako vi\u0161e polaznika ima isti broj bodova, prednost imaju kandidati sa osvojenim ve\u0107im brojem bodova na testu iz informatike.<\/p>\n","protected":false},"excerpt":{"rendered":"<p>Druga faza selekcije kod izvo\u0111a\u010da obuke AGENCIJA ZA OBRAZOVAN\u0458E \u201eAKADEMIJA\u201c DRAGANA GRBOVI\u0106 PR Lokacija: \u010ca\u010dak Izvo\u0111a\u010d obuke: Agencija za obrazovanje \u201eAkademija\u201c Dragana Grbovi\u0107 PR Adresa: Vojvode Stepe 44, \u010ca\u010dak &nbsp; Predznanja kandidata potrebna za drugu fazu selekcije: Poznavanje rada na ra\u010dunaru, kreiranje, izmena i brisanje fajlova, Windows operativni sistem ; poznavanje makar jednog programa za obradu teksta i makar jednog &#8230; <\/p>\n<div><a href=\"https:\/\/itobuke.rs\/rs\/nsz-druga-faza-e\/\" class=\"more-link\">Op\u0161irnije&#8230;<\/a><\/div>\n","protected":false},"author":12,"featured_media":0,"parent":0,"menu_order":0,"comment_status":"closed","ping_status":"closed","template":"","meta":[],"_links":{"self":[{"href":"https:\/\/itobuke.rs\/rs\/wp-json\/wp\/v2\/pages\/2342"}],"collection":[{"href":"https:\/\/itobuke.rs\/rs\/wp-json\/wp\/v2\/pages"}],"about":[{"href":"https:\/\/itobuke.rs\/rs\/wp-json\/wp\/v2\/types\/page"}],"author":[{"embeddable":true,"href":"https:\/\/itobuke.rs\/rs\/wp-json\/wp\/v2\/users\/12"}],"replies":[{"embeddable":true,"href":"https:\/\/itobuke.rs\/rs\/wp-json\/wp\/v2\/comments?post=2342"}],"version-history":[{"count":1,"href":"https:\/\/itobuke.rs\/rs\/wp-json\/wp\/v2\/pages\/2342\/revisions"}],"predecessor-version":[{"id":2343,"href":"https:\/\/itobuke.rs\/rs\/wp-json\/wp\/v2\/pages\/2342\/revisions\/2343"}],"wp:attachment":[{"href":"https:\/\/itobuke.rs\/rs\/wp-json\/wp\/v2\/media?parent=2342"}],"curies":[{"name":"wp","href":"https:\/\/api.w.org\/{rel}","templated":true}]}}