{"id":2346,"date":"2018-09-09T20:46:49","date_gmt":"2018-09-09T19:46:49","guid":{"rendered":"http:\/\/itobuke.rs\/nsz-druga-faza-f\/"},"modified":"2018-09-09T23:02:55","modified_gmt":"2018-09-09T22:02:55","slug":"nsz-druga-faza-f","status":"publish","type":"page","link":"https:\/\/itobuke.rs\/rs\/nsz-druga-faza-f\/","title":{"rendered":"NSZ &#8211; druga faza &#8211; F"},"content":{"rendered":"<p><span style=\"color: #ba3f3f; font-size: 40px;\">Druga faza selekcije kod izvo\u0111a\u010da obuke<\/span><\/p>\n<p><span style=\"color: #ba3f3f; font-size: 40px;\">AGENCIJA \u201eSVETI SAVA \u201c \u010cA\u010cAK<\/span><\/p>\n<p><em>Lokacija<\/em>: <strong><u>\u010ca\u010dak <\/u><\/strong><\/p>\n<p><em>Izvo\u0111a\u010d obuke<\/em><strong>: Agencija \u201eSVETI SAVA \u201c \u010ca\u010dak<\/strong><\/p>\n<p><em>Adresa<\/em>: Lomina 59, \u010ca\u010dak<\/p>\n<p>&nbsp;<\/p>\n<p><strong><em>Predznanja kandidata potrebna za drugu fazu selekcije<\/em><\/strong><strong>: <\/strong><\/p>\n<p>Poznavanje rada na ra\u010dunaru, bliskost sa programima za ure\u0111enje teksta i slika, da su redovni korisnici internet servisa: Da znaju da preuzmu falj iz mejla, napi\u0161u poslovno pismo, umetnu sliku i tekst i odseku ne\u017eel\u0458eni deo slike,&#8230; Poznavanje rada u Windows-u.  Osnove poznavanja engleskog jezika.<\/p>\n<p><strong><em>Na\u010din testiranja<\/em><\/strong><strong>: <\/strong><\/p>\n<p><u>Oblast informacione tehnologije<\/u><\/p>\n<ol>\n<li>Oblast Windows operativni sistem :\n<ul>\n<li>poznavanje strukture i pode\u0161avanje parametara Windows okru\u017eenja;<\/li>\n<li>kreiranje i rad sa folderima i fajlovima;<\/li>\n<li>instalacija dodatnih softvera (instalacija antivirus programa, instalacija drajvera&#8230;.);<\/li>\n<li>rad sa eksternim medijima (USB flash, eksterni hard disk&#8230;..)<\/li>\n<\/ul>\n<\/li>\n<li>Oblast MS Word:\n<ul>\n<li>Kreiranje i izmena dokumenata u Word-u;<\/li>\n<li>Formatiranje teksta, tabela i slika;<\/li>\n<li>Kreiranja zaglavl\u0458a i podno\u017eja ;<\/li>\n<li>Kreiranje memoranduma;<\/li>\n<li>Dodavanje i oblikovanje objekata ;<\/li>\n<li>\u0160tampa ;<\/li>\n<li>\u010cuvanje fajlova u razli\u010ditim formatima<\/li>\n<\/ul>\n<\/li>\n<li>Oblast MS Excel:\n<ul>\n<li>Kreiranje i izmena dokumenata u Excel-u;<\/li>\n<li>Rad sa osnovnim matemati\u010dkim i tekstualnim funkcijama;<\/li>\n<li>Kreiranje novog lista;<\/li>\n<li>Formatiranje tabela;<\/li>\n<li>Izrada dijagrama;<\/li>\n<li>\u0160tampa;<\/li>\n<li>\u010cuvanje fajlova u razli\u010ditim formatima<\/li>\n<\/ul>\n<\/li>\n<li>Oblast MS PowerPoint :\n<ul>\n<li>Kreiranje i izmena dokumenata u  PowerPoint-u ;<\/li>\n<li>Kreiranje personalnog izgleda prezentacije;<\/li>\n<li>Ubacivanje slika;<\/li>\n<li>Dodavanje animacije objektima<\/li>\n<\/ul>\n<\/li>\n<li>Oblast Interneta:\n<ul>\n<li>Poznavanje vrste  Internet protokola (HTTP, HTTPS, FTP&#8230;);<\/li>\n<li>Poznavanje rada Search Engine  ;<\/li>\n<li>Rad sa mejlovima;<\/li>\n<li>Kori\u0161\u0107enje Internet pretra\u017eiva\u010da<\/li>\n<\/ul>\n<\/li>\n<\/ol>\n<p><u>Engleski jezik<\/u> Testiranje vokabulara \u2013 informati\u010dki pojmovi, testiranje osnova gramatike<\/p>\n<p>&nbsp;<\/p>\n<p><strong><em>Op\u0161ti kriterijumi procene i rangiranja<\/em><\/strong><strong>: <\/strong><\/p>\n<p>Test iz oblasti informatike koncipiran je tako da svako od pitanja nosi minimum 1 bod a maksimum 5 bodova, u zavisnosti od te\u017eine samog pitanja. Maksimalan broj bodova je 70. Polaznik mora da ostvariti minimum 60% (42 boda) na informati\u010dkom testu.<\/p>\n<p>Test engleskog jezika je koncipiran tako da svako pitanje nosi minimum 0,5 bodova a maksimum 1 bod, u zavisnosti od te\u017eine samog pitanja. Polaznici moraju imati minimum 50% (15 bodova) na testu engleskog jezika.<\/p>\n<p>Polaznik mo\u017ee ostvariti maksimalno 100 bodova. Polaznici na testu iz oblasti informatike mogu ostvariti maksimalno 70 bodova a na testu iz engleskog jezika mogu ostvariti maksimalno 30 bodova. Bodovi iz testa iz oblasti informatike se zbrajaju sa bodovima ostvarenim na testu engleskog jezika, na osnovu \u010dega se pravi rang lista polaznika. Ako vi\u0161e polaznika ima isti broj bodova, prednost imaju kandidati sa osvojenim ve\u0107im brojem bodova na testu iz informatike. Bodovi \u0107e biti prikazani procentualno.<\/p>\n","protected":false},"excerpt":{"rendered":"<p>Druga faza selekcije kod izvo\u0111a\u010da obuke AGENCIJA \u201eSVETI SAVA \u201c \u010cA\u010cAK Lokacija: \u010ca\u010dak Izvo\u0111a\u010d obuke: Agencija \u201eSVETI SAVA \u201c \u010ca\u010dak Adresa: Lomina 59, \u010ca\u010dak &nbsp; Predznanja kandidata potrebna za drugu fazu selekcije: Poznavanje rada na ra\u010dunaru, bliskost sa programima za ure\u0111enje teksta i slika, da su redovni korisnici internet servisa: Da znaju da preuzmu falj iz mejla, napi\u0161u poslovno pismo, &#8230; <\/p>\n<div><a href=\"https:\/\/itobuke.rs\/rs\/nsz-druga-faza-f\/\" class=\"more-link\">Op\u0161irnije&#8230;<\/a><\/div>\n","protected":false},"author":12,"featured_media":0,"parent":0,"menu_order":0,"comment_status":"closed","ping_status":"closed","template":"","meta":[],"_links":{"self":[{"href":"https:\/\/itobuke.rs\/rs\/wp-json\/wp\/v2\/pages\/2346"}],"collection":[{"href":"https:\/\/itobuke.rs\/rs\/wp-json\/wp\/v2\/pages"}],"about":[{"href":"https:\/\/itobuke.rs\/rs\/wp-json\/wp\/v2\/types\/page"}],"author":[{"embeddable":true,"href":"https:\/\/itobuke.rs\/rs\/wp-json\/wp\/v2\/users\/12"}],"replies":[{"embeddable":true,"href":"https:\/\/itobuke.rs\/rs\/wp-json\/wp\/v2\/comments?post=2346"}],"version-history":[{"count":1,"href":"https:\/\/itobuke.rs\/rs\/wp-json\/wp\/v2\/pages\/2346\/revisions"}],"predecessor-version":[{"id":2347,"href":"https:\/\/itobuke.rs\/rs\/wp-json\/wp\/v2\/pages\/2346\/revisions\/2347"}],"wp:attachment":[{"href":"https:\/\/itobuke.rs\/rs\/wp-json\/wp\/v2\/media?parent=2346"}],"curies":[{"name":"wp","href":"https:\/\/api.w.org\/{rel}","templated":true}]}}