{"id":2350,"date":"2018-09-09T20:50:36","date_gmt":"2018-09-09T19:50:36","guid":{"rendered":"http:\/\/itobuke.rs\/nsz-druga-faza-01\/"},"modified":"2018-09-09T22:58:53","modified_gmt":"2018-09-09T21:58:53","slug":"nsz-druga-faza-01","status":"publish","type":"page","link":"https:\/\/itobuke.rs\/rs\/nsz-druga-faza-01\/","title":{"rendered":"NSZ &#8211; druga faza &#8211; 01"},"content":{"rendered":"<p><span style=\"color: #ba3f3f; font-size: 40px;\">Obuka za JAVA programiranje<\/span><\/p>\n<p><em> <\/em><\/p>\n<p><em>Lokacija<\/em>: <strong><u>Beograd<\/u><\/strong><\/p>\n<p><em>Izvo\u0111a\u010d obuke<\/em>: <strong>LINK Group DOO<\/strong><\/p>\n<p><em>Adresa<\/em>: Cara Du\u0161ana 34, Beograd &#8211; Zemun<\/p>\n<p><em>Broj polaznika<\/em>: 75<\/p>\n<p><em>Fond \u010dasova<\/em>: 400<\/p>\n<p><em>Dinamika izvo\u0111enja obuke<\/em>: 4 \u2013 8 \u010dasova dnevno; 5 \u2013 6 dana u nedel\u0458i; 52 dana  &#8211; 3 meseca<\/p>\n<p><em>Oblasti u\u010denja: <\/em><\/p>\n<ul>\n<li>Osnovi Java programiranja<\/li>\n<li>MySQL programiranje i administracija<\/li>\n<li>Napredno Java programiranje<\/li>\n<li>Java GUI programiranje<\/li>\n<li>Uvod u HTML &amp; CSS<\/li>\n<li>Object\/relational mapping\/Hibernate<\/li>\n<li>Java Web programiranje<\/li>\n<li>Osnove JavaScript programiranja<\/li>\n<li>Java Web servisi i XML<\/li>\n<li>Softversko in\u017eenjerstvo<\/li>\n<li>Spring Framework<\/li>\n<li>Zavr\u0161ne konsultacije i mentorski rad<\/li>\n<li>Odbrana radova<\/li>\n<li>Obuka mekih ve\u0161tina (prezentacione ve\u0161tine \u2013 pravl\u0458enje prezentacija; ve\u0161tine samostalnog izlaganja, prezentovanje ideje, apliciranje za posao \u2013intervju; timski rad; ve\u0161tine komunikacije)<\/li>\n<\/ul>\n<p><em>Spisak poslodavaca koji \u0107e realizovati praksu:<\/em><\/p>\n<ol>\n<li>Acumenics doo \u2013 15 polaznika<\/li>\n<li>Golden Mine doo \u2013 10 polaznika<\/li>\n<li>Tnation doo \u2013 15 polaznika<\/li>\n<li>Web Bay agencija za razvoj softvera i promociju na internetu \u2013 10 polaznika<\/li>\n<li>NETCAST doo &#8211; 10 polaznika<\/li>\n<li>ENON Solutions &#8211; 20 polaznika<\/li>\n<\/ol>\n","protected":false},"excerpt":{"rendered":"<p>Obuka za JAVA programiranje Lokacija: Beograd Izvo\u0111a\u010d obuke: LINK Group DOO Adresa: Cara Du\u0161ana 34, Beograd &#8211; Zemun Broj polaznika: 75 Fond \u010dasova: 400 Dinamika izvo\u0111enja obuke: 4 \u2013 8 \u010dasova dnevno; 5 \u2013 6 dana u nedel\u0458i; 52 dana &#8211; 3 meseca Oblasti u\u010denja: Osnovi Java programiranja MySQL programiranje i administracija Napredno Java programiranje Java GUI programiranje Uvod u &#8230; <\/p>\n<div><a href=\"https:\/\/itobuke.rs\/rs\/nsz-druga-faza-01\/\" class=\"more-link\">Op\u0161irnije&#8230;<\/a><\/div>\n","protected":false},"author":12,"featured_media":0,"parent":0,"menu_order":0,"comment_status":"closed","ping_status":"closed","template":"","meta":[],"_links":{"self":[{"href":"https:\/\/itobuke.rs\/rs\/wp-json\/wp\/v2\/pages\/2350"}],"collection":[{"href":"https:\/\/itobuke.rs\/rs\/wp-json\/wp\/v2\/pages"}],"about":[{"href":"https:\/\/itobuke.rs\/rs\/wp-json\/wp\/v2\/types\/page"}],"author":[{"embeddable":true,"href":"https:\/\/itobuke.rs\/rs\/wp-json\/wp\/v2\/users\/12"}],"replies":[{"embeddable":true,"href":"https:\/\/itobuke.rs\/rs\/wp-json\/wp\/v2\/comments?post=2350"}],"version-history":[{"count":1,"href":"https:\/\/itobuke.rs\/rs\/wp-json\/wp\/v2\/pages\/2350\/revisions"}],"predecessor-version":[{"id":2351,"href":"https:\/\/itobuke.rs\/rs\/wp-json\/wp\/v2\/pages\/2350\/revisions\/2351"}],"wp:attachment":[{"href":"https:\/\/itobuke.rs\/rs\/wp-json\/wp\/v2\/media?parent=2350"}],"curies":[{"name":"wp","href":"https:\/\/api.w.org\/{rel}","templated":true}]}}