{"id":2362,"date":"2018-09-09T21:12:43","date_gmt":"2018-09-09T20:12:43","guid":{"rendered":"http:\/\/itobuke.rs\/nsz-druga-faza-03\/"},"modified":"2018-09-09T23:14:06","modified_gmt":"2018-09-09T22:14:06","slug":"nsz-druga-faza-03","status":"publish","type":"page","link":"https:\/\/itobuke.rs\/rs\/nsz-druga-faza-03\/","title":{"rendered":"NSZ &#8211; druga faza &#8211; 03"},"content":{"rendered":"<p><span style=\"color: #ba3f3f; font-size: 40px;\">Obuka za Front-end Web programiranje<\/span><\/p>\n<p><em> <\/em><\/p>\n<p><em>Lokacija<\/em>: <strong><u>Beograd<\/u><\/strong><\/p>\n<p><em>Izvo\u0111a\u010d obuke<\/em>: <strong>CODE ACADEMY DOO, Informatika AD, Institut za nuklearne nauke \u201eVin\u010da\u201c i \u201eSeminari SEE\u201c doo<\/strong><\/p>\n<p><em>Adresa<\/em>: Savski nasip 7, Beograd \u2013 Novi Beograd<\/p>\n<p><em>Broj polaznika<\/em>: 75<\/p>\n<p><em>Fond \u010dasova<\/em>: 400<\/p>\n<p><em>Dinamika izvo\u0111enja obuke<\/em>: 4 \u010dasa dnevno; 4 dana u nedel\u0458i; 96 dana  &#8211; 6 meseci<\/p>\n<p><em>Oblasti u\u010denja: <\/em><\/p>\n<ul>\n<li>Osnove programiranja i Web programiranja<\/li>\n<li>Instalacija i prilago\u0111avanje okru\u017eenja za rad i razvoj softvera (Visual Studio CODE i Notepad++)<\/li>\n<li>Kreiranje i odr\u017eavanje stati\u010dkih i dinami\u010dkih sajtova pomo\u0107u HTML-a i CSS-a<\/li>\n<li>SAAS &amp; Bootsrap<\/li>\n<li>JavaScript osnove<\/li>\n<li>Napredno JavaScript programiranje<\/li>\n<li>Arhitektura JavaScript aplikacija<\/li>\n<li>Rad sa JavaScript biblotekama i okvirima<\/li>\n<li>TypeScript<\/li>\n<li>JQuery<\/li>\n<li>SEO\/Accessibility\/Usability<\/li>\n<li>React &amp; REST API &amp; Webpack<\/li>\n<li>Revizija i reflektovanje koda<\/li>\n<li>\u010citanje i menjanje koda drugih programera<\/li>\n<li>Kori\u0161\u0107enje sistema za kontrolu verzija softvera (Git)<\/li>\n<li>Agile metodologija i SCRUM za programere<\/li>\n<li>Meke ve\u0161tine ( prezentacijske ve\u0161tine, asertivna komunikacija, timski rad)<\/li>\n<\/ul>\n<p><em>Spisak poslodavaca koji \u0107e realizovati praksu:<\/em><\/p>\n<ol>\n<li>GIGATRON doo \u2013 20 polaznika<\/li>\n<li>INTERNET GROUP \u2013 10 polaznika<\/li>\n<li>KUPI ME doo \u2013 20 polaznika<\/li>\n<\/ol>\n","protected":false},"excerpt":{"rendered":"<p>Obuka za Front-end Web programiranje Lokacija: Beograd Izvo\u0111a\u010d obuke: CODE ACADEMY DOO, Informatika AD, Institut za nuklearne nauke \u201eVin\u010da\u201c i \u201eSeminari SEE\u201c doo Adresa: Savski nasip 7, Beograd \u2013 Novi Beograd Broj polaznika: 75 Fond \u010dasova: 400 Dinamika izvo\u0111enja obuke: 4 \u010dasa dnevno; 4 dana u nedel\u0458i; 96 dana &#8211; 6 meseci Oblasti u\u010denja: Osnove programiranja i Web programiranja Instalacija &#8230; <\/p>\n<div><a href=\"https:\/\/itobuke.rs\/rs\/nsz-druga-faza-03\/\" class=\"more-link\">Op\u0161irnije&#8230;<\/a><\/div>\n","protected":false},"author":12,"featured_media":0,"parent":0,"menu_order":0,"comment_status":"closed","ping_status":"closed","template":"","meta":[],"_links":{"self":[{"href":"https:\/\/itobuke.rs\/rs\/wp-json\/wp\/v2\/pages\/2362"}],"collection":[{"href":"https:\/\/itobuke.rs\/rs\/wp-json\/wp\/v2\/pages"}],"about":[{"href":"https:\/\/itobuke.rs\/rs\/wp-json\/wp\/v2\/types\/page"}],"author":[{"embeddable":true,"href":"https:\/\/itobuke.rs\/rs\/wp-json\/wp\/v2\/users\/12"}],"replies":[{"embeddable":true,"href":"https:\/\/itobuke.rs\/rs\/wp-json\/wp\/v2\/comments?post=2362"}],"version-history":[{"count":1,"href":"https:\/\/itobuke.rs\/rs\/wp-json\/wp\/v2\/pages\/2362\/revisions"}],"predecessor-version":[{"id":2363,"href":"https:\/\/itobuke.rs\/rs\/wp-json\/wp\/v2\/pages\/2362\/revisions\/2363"}],"wp:attachment":[{"href":"https:\/\/itobuke.rs\/rs\/wp-json\/wp\/v2\/media?parent=2362"}],"curies":[{"name":"wp","href":"https:\/\/api.w.org\/{rel}","templated":true}]}}