{"id":2389,"date":"2018-09-09T21:51:48","date_gmt":"2018-09-09T20:51:48","guid":{"rendered":"http:\/\/itobuke.rs\/nsz-druga-faza-09\/"},"modified":"2018-09-09T23:16:00","modified_gmt":"2018-09-09T22:16:00","slug":"nsz-druga-faza-09","status":"publish","type":"page","link":"https:\/\/itobuke.rs\/rs\/nsz-druga-faza-09\/","title":{"rendered":"NSZ &#8211; druga faza &#8211; 09"},"content":{"rendered":"<p><span style=\"color: #ba3f3f; font-size: 40px;\">Obuka za .NET programiranje<\/span><\/p>\n<p><em> <\/em><\/p>\n<p><em>Lokacija<\/em>: <strong><u>Novi Sad<\/u><\/strong><\/p>\n<p><em>Izvo\u0111a\u010d obuke<\/em>: <strong>Informatika AD, , Institut za nuklearne nauke \u201eVin\u010da\u201c , \u201eSeminari SEE\u201c doo <\/strong><strong>i <\/strong><strong>CODE ACADEMY DOO<\/strong><\/p>\n<p><em>Adresa<\/em>: Poslovni centar Informatika AD Novi Sad, Bulevar oslobo\u0111enja 133, Edukativni centar, Industrijska 3<\/p>\n<p><em>Broj polaznika<\/em>: 25<\/p>\n<p><em>Fond \u010dasova<\/em>: 400<\/p>\n<p><em>Dinamika izvo\u0111enja obuke<\/em>: 4 \u010dasa dnevno; 4 dana u nedel\u0458i; 100 dana  &#8211; 6 meseci<\/p>\n<p><em>Oblasti u\u010denja: <\/em><\/p>\n<ul>\n<li>Osnove programiranja i Web programiranja<\/li>\n<li>Instalacija i prilago\u0111avanje okru\u017eenja za rad i razvoj softvera (Visual Studio)<\/li>\n<li>Programiranje u C++ i .NET<\/li>\n<li>HTML, CSS3, JavaScript<\/li>\n<li>Koncepti objektno orijentisanog programiranja<\/li>\n<li>Diznajniranje i razvoj aplikacija kori\u0161\u0107enje .NET framework-a<\/li>\n<li>Rad na dijazniranju i implementaciji Web API-a<\/li>\n<li>Rad sa ASP.NET MVC<\/li>\n<li>Razvoj WCF servera<\/li>\n<li>Entitety Framework<\/li>\n<li>MS SQL Server<\/li>\n<li>Kori\u0161\u0107enje sistema za kontrolu verzija softvera (Git)<\/li>\n<li>Poznavanje osnova testiranja softvera i ispravl\u0458anja gre\u0161aka<\/li>\n<li>Agile metodologija i SCRUM za programiranje<\/li>\n<li>Meke ve\u0161tine ( prezentacijske ve\u0161tine, asertivna komunikacija, timski rad)<\/li>\n<\/ul>\n<p><em>Spisak poslodavaca koji \u0107e realizovati praksu:<\/em><\/p>\n<ol>\n<li>NET COMPUTER ENGINEERING DOO \u2013 20 polaznika<\/li>\n<li>AssertQA \u2013 2 polaznika<\/li>\n<\/ol>\n","protected":false},"excerpt":{"rendered":"<p>Obuka za .NET programiranje Lokacija: Novi Sad Izvo\u0111a\u010d obuke: Informatika AD, , Institut za nuklearne nauke \u201eVin\u010da\u201c , \u201eSeminari SEE\u201c doo i CODE ACADEMY DOO Adresa: Poslovni centar Informatika AD Novi Sad, Bulevar oslobo\u0111enja 133, Edukativni centar, Industrijska 3 Broj polaznika: 25 Fond \u010dasova: 400 Dinamika izvo\u0111enja obuke: 4 \u010dasa dnevno; 4 dana u nedel\u0458i; 100 dana &#8211; 6 meseci &#8230; <\/p>\n<div><a href=\"https:\/\/itobuke.rs\/rs\/nsz-druga-faza-09\/\" class=\"more-link\">Op\u0161irnije&#8230;<\/a><\/div>\n","protected":false},"author":12,"featured_media":0,"parent":0,"menu_order":0,"comment_status":"closed","ping_status":"closed","template":"","meta":[],"_links":{"self":[{"href":"https:\/\/itobuke.rs\/rs\/wp-json\/wp\/v2\/pages\/2389"}],"collection":[{"href":"https:\/\/itobuke.rs\/rs\/wp-json\/wp\/v2\/pages"}],"about":[{"href":"https:\/\/itobuke.rs\/rs\/wp-json\/wp\/v2\/types\/page"}],"author":[{"embeddable":true,"href":"https:\/\/itobuke.rs\/rs\/wp-json\/wp\/v2\/users\/12"}],"replies":[{"embeddable":true,"href":"https:\/\/itobuke.rs\/rs\/wp-json\/wp\/v2\/comments?post=2389"}],"version-history":[{"count":1,"href":"https:\/\/itobuke.rs\/rs\/wp-json\/wp\/v2\/pages\/2389\/revisions"}],"predecessor-version":[{"id":2390,"href":"https:\/\/itobuke.rs\/rs\/wp-json\/wp\/v2\/pages\/2389\/revisions\/2390"}],"wp:attachment":[{"href":"https:\/\/itobuke.rs\/rs\/wp-json\/wp\/v2\/media?parent=2389"}],"curies":[{"name":"wp","href":"https:\/\/api.w.org\/{rel}","templated":true}]}}