{"id":2397,"date":"2018-09-09T22:03:06","date_gmt":"2018-09-09T21:03:06","guid":{"rendered":"http:\/\/itobuke.rs\/nsz-druga-faza-11\/"},"modified":"2018-09-09T23:16:31","modified_gmt":"2018-09-09T22:16:31","slug":"nsz-druga-faza-11","status":"publish","type":"page","link":"https:\/\/itobuke.rs\/rs\/nsz-druga-faza-11\/","title":{"rendered":"NSZ &#8211; druga faza &#8211; 11"},"content":{"rendered":"<p><span style=\"color: #ba3f3f; font-size: 40px;\">Obuka za .NET programiranje<\/span><\/p>\n<p><em> <\/em><\/p>\n<p><em>Lokacija<\/em>: <strong><u>Ni\u0161<\/u><\/strong><\/p>\n<p><em>Izvo\u0111a\u010d obuke<\/em>: <strong>Informatika AD, Institut za nuklearne nauke \u201eVin\u010da\u201c , \u201eSeminari SEE\u201c doo <\/strong><strong>I <\/strong><strong>CODE ACADEMY DOO<\/strong><\/p>\n<p><em>Adresa<\/em>: Regionalni centar za profesionalni razvoj zaposlenih, Pariske komune bb, Ni\u0161<\/p>\n<p><em>Broj polaznika<\/em>: 25<\/p>\n<p><em>Fond \u010dasova<\/em>: 400<\/p>\n<p><em>Dinamika izvo\u0111enja obuke<\/em>: 4 \u010dasa dnevno; 4 dana u nedel\u0458i; 100 dana  &#8211; 6 meseci<\/p>\n<p><em>Oblasti u\u010denja: <\/em><\/p>\n<ul>\n<li>Osnove programiranja i Web programiranja<\/li>\n<li>Instalacija i prilago\u0111avanje okru\u017eenja za rad i razvoj softvera (Visual Studio)<\/li>\n<li>Objektno orijentisano programiranje<\/li>\n<li>Dizajniranje i razvoj aplikacija kori\u0161\u0107enjem .NET frameworka<\/li>\n<li>Napredno programiranje u C++ programskom jeziku<\/li>\n<li>Dizajniranje i implementacija WEB API-a<\/li>\n<li>Uvod u HTML<\/li>\n<li>Uvod u CSS<\/li>\n<li>Uvod u JavaScript<\/li>\n<li>Rad sa ASP.NET MVC<\/li>\n<li>Razvoj WCF servisa<\/li>\n<li>Rad sa Entity Framework-om<\/li>\n<li>Administracija i rad sa SQL Server-om<\/li>\n<li>Agile metodologija i SCRUM za programere<\/li>\n<li>Meke ve\u0161tine ( prezentacijske ve\u0161tine, asertivna komunikacija, timski rad)<\/li>\n<\/ul>\n<p><em>Spisak poslodavaca koji \u0107e realizovati praksu:<\/em><\/p>\n<ol>\n<li>IT &amp; NETWORK SERVICES DOO \u2013 20 polaznika<\/li>\n<li>AssertQA \u2013 2 polaznika<\/li>\n<\/ol>\n","protected":false},"excerpt":{"rendered":"<p>Obuka za .NET programiranje Lokacija: Ni\u0161 Izvo\u0111a\u010d obuke: Informatika AD, Institut za nuklearne nauke \u201eVin\u010da\u201c , \u201eSeminari SEE\u201c doo I CODE ACADEMY DOO Adresa: Regionalni centar za profesionalni razvoj zaposlenih, Pariske komune bb, Ni\u0161 Broj polaznika: 25 Fond \u010dasova: 400 Dinamika izvo\u0111enja obuke: 4 \u010dasa dnevno; 4 dana u nedel\u0458i; 100 dana &#8211; 6 meseci Oblasti u\u010denja: Osnove programiranja i &#8230; <\/p>\n<div><a href=\"https:\/\/itobuke.rs\/rs\/nsz-druga-faza-11\/\" class=\"more-link\">Op\u0161irnije&#8230;<\/a><\/div>\n","protected":false},"author":12,"featured_media":0,"parent":0,"menu_order":0,"comment_status":"closed","ping_status":"closed","template":"","meta":[],"_links":{"self":[{"href":"https:\/\/itobuke.rs\/rs\/wp-json\/wp\/v2\/pages\/2397"}],"collection":[{"href":"https:\/\/itobuke.rs\/rs\/wp-json\/wp\/v2\/pages"}],"about":[{"href":"https:\/\/itobuke.rs\/rs\/wp-json\/wp\/v2\/types\/page"}],"author":[{"embeddable":true,"href":"https:\/\/itobuke.rs\/rs\/wp-json\/wp\/v2\/users\/12"}],"replies":[{"embeddable":true,"href":"https:\/\/itobuke.rs\/rs\/wp-json\/wp\/v2\/comments?post=2397"}],"version-history":[{"count":2,"href":"https:\/\/itobuke.rs\/rs\/wp-json\/wp\/v2\/pages\/2397\/revisions"}],"predecessor-version":[{"id":2444,"href":"https:\/\/itobuke.rs\/rs\/wp-json\/wp\/v2\/pages\/2397\/revisions\/2444"}],"wp:attachment":[{"href":"https:\/\/itobuke.rs\/rs\/wp-json\/wp\/v2\/media?parent=2397"}],"curies":[{"name":"wp","href":"https:\/\/api.w.org\/{rel}","templated":true}]}}