{"id":2401,"date":"2018-09-09T22:08:40","date_gmt":"2018-09-09T21:08:40","guid":{"rendered":"http:\/\/itobuke.rs\/nsz-druga-faza-12\/"},"modified":"2018-09-09T23:16:43","modified_gmt":"2018-09-09T22:16:43","slug":"nsz-druga-faza-12","status":"publish","type":"page","link":"https:\/\/itobuke.rs\/rs\/nsz-druga-faza-12\/","title":{"rendered":"NSZ &#8211; druga faza &#8211; 12"},"content":{"rendered":"<p><span style=\"color: #ba3f3f; font-size: 40px;\">Obuka za Front-END Web programiranje<\/span><\/p>\n<p><em> <\/em><\/p>\n<p><em>Lokacija<\/em>: <strong><u>Subotica<\/u><\/strong><\/p>\n<p><em>Izvo\u0111a\u010d obuke<\/em>: <strong>INFORMATIKA AD, Institut za nuklearne nauke \u201eVin\u010da\u201c \u201eSeminari SEE\u201c doo<\/strong><strong> i<\/strong><strong> CODE academy DOO,<\/strong><\/p>\n<p><em>Adresa<\/em>: Visoka tehni\u010dka \u0161kola strukovnih studija Subotica, Marka Ora\u0161kovi\u0107a 16, Subotica<\/p>\n<p><em>Broj polaznika<\/em>: 25<\/p>\n<p><em>Fond \u010dasova<\/em>: 400<\/p>\n<p><em>Dinamika izvo\u0111enja obuke<\/em>: 4 \u010dasa dnevno; 4 dana u nedel\u0458i; 100 dana  &#8211; 6 meseci<\/p>\n<p><em>Oblasti u\u010denja: <\/em><\/p>\n<ul>\n<li>Osnove programiranja i Web programiranja<\/li>\n<li>Instalacija i prilago\u0111avanje okru\u017eenja za rad i razvoj softvera (Visual Studio CODE i Notepad++)<\/li>\n<li>Kreiranje i odr\u017eavanje stati\u010dkih i dinami\u010dkih sajtova pomo\u0107u HTML-a i CSS-a<\/li>\n<li>SAAS &amp; Bootsrap<\/li>\n<li>JavaScript osnove<\/li>\n<li>Napredno JavaScript programiranje<\/li>\n<li>Arhitektura JavaScript aplikacija<\/li>\n<li>Rad sa JavaScript bibliotekama i okvirima<\/li>\n<li>TypeScript<\/li>\n<li>JQuery<\/li>\n<li>SEO\/Accessibility\/Usability<\/li>\n<li>React &amp; REST API &amp; Webpack<\/li>\n<li>Revizija i reflektovanje koda<\/li>\n<li>\u010citanje i menjanje koda drugih programera<\/li>\n<li>Kori\u0161\u0107enje sistema za kontrolu verzija softvera (Git)<\/li>\n<li>Agile metodologija i SCRUM za programere<\/li>\n<li>Meke ve\u0161tine ( prezentacijske ve\u0161tine, asertivna komunikacija, timski rad)<\/li>\n<\/ul>\n<p><em>Spisak poslodavaca koji \u0107e realizovati praksu:<\/em><\/p>\n<ol>\n<li>MANUFAKTURA DOO \u2013 20 polaznika<\/li>\n<li>ACTVEL DOO \u2013 13 polaznika<\/li>\n<li>BUS COMPUTERS DOO \u2013 13 polaznika<\/li>\n<li>AssertQA \u2013 2 polaznika<\/li>\n<\/ol>\n","protected":false},"excerpt":{"rendered":"<p>Obuka za Front-END Web programiranje Lokacija: Subotica Izvo\u0111a\u010d obuke: INFORMATIKA AD, Institut za nuklearne nauke \u201eVin\u010da\u201c \u201eSeminari SEE\u201c doo i CODE academy DOO, Adresa: Visoka tehni\u010dka \u0161kola strukovnih studija Subotica, Marka Ora\u0161kovi\u0107a 16, Subotica Broj polaznika: 25 Fond \u010dasova: 400 Dinamika izvo\u0111enja obuke: 4 \u010dasa dnevno; 4 dana u nedel\u0458i; 100 dana &#8211; 6 meseci Oblasti u\u010denja: Osnove programiranja i &#8230; <\/p>\n<div><a href=\"https:\/\/itobuke.rs\/rs\/nsz-druga-faza-12\/\" class=\"more-link\">Op\u0161irnije&#8230;<\/a><\/div>\n","protected":false},"author":12,"featured_media":0,"parent":0,"menu_order":0,"comment_status":"closed","ping_status":"closed","template":"","meta":[],"_links":{"self":[{"href":"https:\/\/itobuke.rs\/rs\/wp-json\/wp\/v2\/pages\/2401"}],"collection":[{"href":"https:\/\/itobuke.rs\/rs\/wp-json\/wp\/v2\/pages"}],"about":[{"href":"https:\/\/itobuke.rs\/rs\/wp-json\/wp\/v2\/types\/page"}],"author":[{"embeddable":true,"href":"https:\/\/itobuke.rs\/rs\/wp-json\/wp\/v2\/users\/12"}],"replies":[{"embeddable":true,"href":"https:\/\/itobuke.rs\/rs\/wp-json\/wp\/v2\/comments?post=2401"}],"version-history":[{"count":1,"href":"https:\/\/itobuke.rs\/rs\/wp-json\/wp\/v2\/pages\/2401\/revisions"}],"predecessor-version":[{"id":2402,"href":"https:\/\/itobuke.rs\/rs\/wp-json\/wp\/v2\/pages\/2401\/revisions\/2402"}],"wp:attachment":[{"href":"https:\/\/itobuke.rs\/rs\/wp-json\/wp\/v2\/media?parent=2401"}],"curies":[{"name":"wp","href":"https:\/\/api.w.org\/{rel}","templated":true}]}}