{"id":2409,"date":"2018-09-09T22:17:15","date_gmt":"2018-09-09T21:17:15","guid":{"rendered":"http:\/\/itobuke.rs\/nsz-druga-faza-14\/"},"modified":"2018-09-09T23:17:09","modified_gmt":"2018-09-09T22:17:09","slug":"nsz-druga-faza-14","status":"publish","type":"page","link":"https:\/\/itobuke.rs\/rs\/nsz-druga-faza-14\/","title":{"rendered":"NSZ &#8211; druga faza &#8211; 14"},"content":{"rendered":"<p><span style=\"color: #ba3f3f; font-size: 40px;\">Obuka za JAVA programiranje<\/span><\/p>\n<p>&nbsp;<\/p>\n<p><em>Lokacija<\/em>: <strong><u>\u010ca\u010dak<\/u><\/strong><\/p>\n<p><em>Izvo\u0111a\u010d obuke<\/em>: <strong>Agencija za obrazovanje \u201eAkademija\u201c Dragana Grbovi\u0107 PR \u010ca\u010dak<\/strong><\/p>\n<p><em>Adresa<\/em>: Vojvode Stepe 44, \u010ca\u010dak<\/p>\n<p><em>Broj polaznika<\/em>: 25<\/p>\n<p><em>Fond \u010dasova<\/em>: 400<\/p>\n<p><em>Dinamika izvo\u0111enja obuke<\/em>: 5 \u2013 6 \u010dasova dnevno; 3 dana u nedel\u0458i; 70 dana  &#8211; 6 meseci<\/p>\n<p><em>Oblasti u\u010denja: <\/em><\/p>\n<ul>\n<li>Algoritmi<\/li>\n<li>Java okru\u017eenje<\/li>\n<li>Osnovne programske strukture u jeziku Java<\/li>\n<li>Objekti i klase<\/li>\n<li>Nasle\u0111ivanje<\/li>\n<li>Interfejs i unutra\u0161nje klase<\/li>\n<li>Rukovanje doga\u0111ajima<\/li>\n<li>Izuzeci, pra\u0107enje i otklanjanje gre\u0161aka<\/li>\n<li>Rad sa fajlovima<\/li>\n<li>Baze podataka<\/li>\n<li>Modelovanje baze podataka<\/li>\n<li>SQL \/Structured Query Lenguage)<\/li>\n<li>Napredni MySQL<\/li>\n<li>Bezbednost<\/li>\n<li>Napredno objektno orijentisano programiranje<\/li>\n<li>Vi\u0161enitno programiranje<\/li>\n<li>Programiranje grafike<\/li>\n<li>Razvijanje veb aplikacija<\/li>\n<li>Savremene tehnologije i napredne tehnologije<\/li>\n<li>Napredne tehnologije za razvoj klijentske strane (korisni\u010dkog interfejsa) veb aplikacije<\/li>\n<li>Meke ve\u0161tine ( ve\u0161tine komunikacije, vo\u0111stvo, timski rad, organizacija vremena,re\u0161avanje problema,upoznavanje sa IT industrijom)<\/li>\n<\/ul>\n<p><em>Spisak poslodavaca koji \u0107e realizovati praksu:<\/em><\/p>\n<ol>\n<li>DOCUS doo \u2013 10 polaznika<\/li>\n<li>Quantox Technology doo \u2013 5 polaznika<\/li>\n<li>Winwin shop \u2013 10 polaznika<\/li>\n<\/ol>\n","protected":false},"excerpt":{"rendered":"<p>Obuka za JAVA programiranje &nbsp; Lokacija: \u010ca\u010dak Izvo\u0111a\u010d obuke: Agencija za obrazovanje \u201eAkademija\u201c Dragana Grbovi\u0107 PR \u010ca\u010dak Adresa: Vojvode Stepe 44, \u010ca\u010dak Broj polaznika: 25 Fond \u010dasova: 400 Dinamika izvo\u0111enja obuke: 5 \u2013 6 \u010dasova dnevno; 3 dana u nedel\u0458i; 70 dana &#8211; 6 meseci Oblasti u\u010denja: Algoritmi Java okru\u017eenje Osnovne programske strukture u jeziku Java Objekti i klase Nasle\u0111ivanje &#8230; <\/p>\n<div><a href=\"https:\/\/itobuke.rs\/rs\/nsz-druga-faza-14\/\" class=\"more-link\">Op\u0161irnije&#8230;<\/a><\/div>\n","protected":false},"author":12,"featured_media":0,"parent":0,"menu_order":0,"comment_status":"closed","ping_status":"closed","template":"","meta":[],"_links":{"self":[{"href":"https:\/\/itobuke.rs\/rs\/wp-json\/wp\/v2\/pages\/2409"}],"collection":[{"href":"https:\/\/itobuke.rs\/rs\/wp-json\/wp\/v2\/pages"}],"about":[{"href":"https:\/\/itobuke.rs\/rs\/wp-json\/wp\/v2\/types\/page"}],"author":[{"embeddable":true,"href":"https:\/\/itobuke.rs\/rs\/wp-json\/wp\/v2\/users\/12"}],"replies":[{"embeddable":true,"href":"https:\/\/itobuke.rs\/rs\/wp-json\/wp\/v2\/comments?post=2409"}],"version-history":[{"count":1,"href":"https:\/\/itobuke.rs\/rs\/wp-json\/wp\/v2\/pages\/2409\/revisions"}],"predecessor-version":[{"id":2410,"href":"https:\/\/itobuke.rs\/rs\/wp-json\/wp\/v2\/pages\/2409\/revisions\/2410"}],"wp:attachment":[{"href":"https:\/\/itobuke.rs\/rs\/wp-json\/wp\/v2\/media?parent=2409"}],"curies":[{"name":"wp","href":"https:\/\/api.w.org\/{rel}","templated":true}]}}