{"id":2413,"date":"2018-09-09T22:20:20","date_gmt":"2018-09-09T21:20:20","guid":{"rendered":"http:\/\/itobuke.rs\/nsz-druga-faza-15\/"},"modified":"2018-09-09T23:17:24","modified_gmt":"2018-09-09T22:17:24","slug":"nsz-druga-faza-15","status":"publish","type":"page","link":"https:\/\/itobuke.rs\/rs\/nsz-druga-faza-15\/","title":{"rendered":"NSZ &#8211; druga faza &#8211; 15"},"content":{"rendered":"<p><span style=\"color: #ba3f3f; font-size: 40px;\">Obuka za Front-END Web programiranje<\/span><\/p>\n<p><strong> <\/strong><\/p>\n<p><em>Lokacija<\/em>: <strong><u>\u010ca\u010dak<\/u><\/strong><\/p>\n<p><em>Izvo\u0111a\u010d obuke<\/em>: <strong>Agencija \u201eSveti Sava\u201e<\/strong> Katarina Krsti\u0107 PR, \u010ca\u010dak<\/p>\n<p><em>Adresa<\/em>: Lomina 59, \u010ca\u010dak<\/p>\n<p><em>Broj polaznika<\/em>: 25<\/p>\n<p><em>Fond \u010dasova<\/em>: 400<\/p>\n<p><em>Dinamika izvo\u0111enja obuke<\/em>: 5 \u010dasova dnevno; 5 dana u nedel\u0458i; 80 dana  &#8211; 4 meseca<\/p>\n<p><em>Oblasti u\u010denja: <\/em><\/p>\n<ul>\n<li>HTML<\/li>\n<li>CSS3<\/li>\n<li>JavaScript<\/li>\n<li>JQUERY<\/li>\n<li>AJAX<\/li>\n<li>SEO<\/li>\n<li>Obuka mekih ve\u0161tina (vo\u0111stvo, komunikacija, organizacija vremena, timski rad, re\u0161avanje problema)<\/li>\n<\/ul>\n<p><em>Spisak poslodavaca koji \u0107e realizovati praksu:<\/em><\/p>\n<ol>\n<li>Quantox Technology doo \u2013 5 polaznika<\/li>\n<li>S. Fashion Design doo \u2013 2 polaznika<\/li>\n<li>Stax Technologies \u2013 2  polaznika<\/li>\n<li>Uspon doo \u2013 13 polaznika<\/li>\n<li>COM \u2013 3 polaznika<\/li>\n<\/ol>\n<p>&nbsp;<\/p>\n","protected":false},"excerpt":{"rendered":"<p>Obuka za Front-END Web programiranje Lokacija: \u010ca\u010dak Izvo\u0111a\u010d obuke: Agencija \u201eSveti Sava\u201e Katarina Krsti\u0107 PR, \u010ca\u010dak Adresa: Lomina 59, \u010ca\u010dak Broj polaznika: 25 Fond \u010dasova: 400 Dinamika izvo\u0111enja obuke: 5 \u010dasova dnevno; 5 dana u nedel\u0458i; 80 dana &#8211; 4 meseca Oblasti u\u010denja: HTML CSS3 JavaScript JQUERY AJAX SEO Obuka mekih ve\u0161tina (vo\u0111stvo, komunikacija, organizacija vremena, timski rad, re\u0161avanje problema) &#8230; <\/p>\n<div><a href=\"https:\/\/itobuke.rs\/rs\/nsz-druga-faza-15\/\" class=\"more-link\">Op\u0161irnije&#8230;<\/a><\/div>\n","protected":false},"author":12,"featured_media":0,"parent":0,"menu_order":0,"comment_status":"closed","ping_status":"closed","template":"","meta":[],"_links":{"self":[{"href":"https:\/\/itobuke.rs\/rs\/wp-json\/wp\/v2\/pages\/2413"}],"collection":[{"href":"https:\/\/itobuke.rs\/rs\/wp-json\/wp\/v2\/pages"}],"about":[{"href":"https:\/\/itobuke.rs\/rs\/wp-json\/wp\/v2\/types\/page"}],"author":[{"embeddable":true,"href":"https:\/\/itobuke.rs\/rs\/wp-json\/wp\/v2\/users\/12"}],"replies":[{"embeddable":true,"href":"https:\/\/itobuke.rs\/rs\/wp-json\/wp\/v2\/comments?post=2413"}],"version-history":[{"count":1,"href":"https:\/\/itobuke.rs\/rs\/wp-json\/wp\/v2\/pages\/2413\/revisions"}],"predecessor-version":[{"id":2414,"href":"https:\/\/itobuke.rs\/rs\/wp-json\/wp\/v2\/pages\/2413\/revisions\/2414"}],"wp:attachment":[{"href":"https:\/\/itobuke.rs\/rs\/wp-json\/wp\/v2\/media?parent=2413"}],"curies":[{"name":"wp","href":"https:\/\/api.w.org\/{rel}","templated":true}]}}