{"id":2418,"date":"2018-09-09T22:25:40","date_gmt":"2018-09-09T21:25:40","guid":{"rendered":"http:\/\/itobuke.rs\/nsz-druga-faza-16\/"},"modified":"2018-09-09T23:17:37","modified_gmt":"2018-09-09T22:17:37","slug":"nsz-druga-faza-16","status":"publish","type":"page","link":"https:\/\/itobuke.rs\/rs\/nsz-druga-faza-16\/","title":{"rendered":"NSZ &#8211; druga faza &#8211; 16"},"content":{"rendered":"<p><span style=\"color: #ba3f3f; font-size: 40px;\">Obuka za JAVA programiranje<\/span><\/p>\n<p>&nbsp;<\/p>\n<p>&nbsp;<\/p>\n<p><em>Lokacija<\/em>: <strong><u>Val\u0458evo<\/u><\/strong><\/p>\n<p><em>Izvo\u0111a\u010d obuke<\/em>: <strong>Informatika AD, , Institut za nuklearne nauke \u201eVin\u010da\u201c , \u201eSeminari SEE\u201c doo <\/strong><strong>i <\/strong><strong>CODE ACADEMY DOO<\/strong><\/p>\n<p><em>Adresa<\/em>: Context education worldwide doo, Doktora Panti\u0107a 124\/1, Val\u0458evo<\/p>\n<p><em>Broj polaznika<\/em>: 25<\/p>\n<p><em>Fond \u010dasova<\/em>: 400<\/p>\n<p><em>Dinamika izvo\u0111enja obuke<\/em>: 4 \u010dasa dnevno; 4 dana u nedel\u0458i; 100 dana  &#8211; 6 meseci<\/p>\n<p><em>Oblasti u\u010denja: <\/em><\/p>\n<ul>\n<li>Osnove programiranja i Web programiranja<\/li>\n<li>Instalacija i prilago\u0111avanje okru\u017eenja za rad i razvoj softvera (NetBeans, Eclipse, Java SE RE, Notpad ++)<\/li>\n<li>Koncepti objektno orijentisanog programiranja<\/li>\n<li>Osnove Java programiranja<\/li>\n<li>Rad sa relacionim bazama podataka i MySQL bazom<\/li>\n<li>Administracija i rad sa web serverom (Apache)<\/li>\n<li>Front-End Web tehnologije<\/li>\n<li>HTML, CSS<\/li>\n<li>Programiranje u JavaScript-u<\/li>\n<li>Java FX i Java SWING (GUI)<\/li>\n<li>Design Patterns<\/li>\n<li>Desktop MVC<\/li>\n<li>Softwere Design<\/li>\n<li>Java EE Servlets<\/li>\n<li>Java Server Pages (JSP)<\/li>\n<li>JSPStandardTagLibrary (JSTL)<\/li>\n<li>Spring Framework<\/li>\n<li>Spring MVC<\/li>\n<li>Spring Data Access and Hibernate<\/li>\n<li>Kori\u0161\u0107enje sistema za kontrolu verzija softvera (Git)<\/li>\n<li>Agile metodologija i SCRUM za programiranje<\/li>\n<li>Meke ve\u0161tine ( prezentacijske ve\u0161tine, asertivna komunikacija, timski rad)<\/li>\n<\/ul>\n<p><em>Spisak poslodavaca koji \u0107e realizovati praksu:<\/em><\/p>\n<ol>\n<li>VAPOLI DOO \u2013 20 polaznika<\/li>\n<li>AssertQA \u2013 2 polaznika<\/li>\n<\/ol>\n","protected":false},"excerpt":{"rendered":"<p>Obuka za JAVA programiranje &nbsp; &nbsp; Lokacija: Val\u0458evo Izvo\u0111a\u010d obuke: Informatika AD, , Institut za nuklearne nauke \u201eVin\u010da\u201c , \u201eSeminari SEE\u201c doo i CODE ACADEMY DOO Adresa: Context education worldwide doo, Doktora Panti\u0107a 124\/1, Val\u0458evo Broj polaznika: 25 Fond \u010dasova: 400 Dinamika izvo\u0111enja obuke: 4 \u010dasa dnevno; 4 dana u nedel\u0458i; 100 dana &#8211; 6 meseci Oblasti u\u010denja: Osnove programiranja &#8230; <\/p>\n<div><a href=\"https:\/\/itobuke.rs\/rs\/nsz-druga-faza-16\/\" class=\"more-link\">Op\u0161irnije&#8230;<\/a><\/div>\n","protected":false},"author":12,"featured_media":0,"parent":0,"menu_order":0,"comment_status":"closed","ping_status":"closed","template":"","meta":[],"_links":{"self":[{"href":"https:\/\/itobuke.rs\/rs\/wp-json\/wp\/v2\/pages\/2418"}],"collection":[{"href":"https:\/\/itobuke.rs\/rs\/wp-json\/wp\/v2\/pages"}],"about":[{"href":"https:\/\/itobuke.rs\/rs\/wp-json\/wp\/v2\/types\/page"}],"author":[{"embeddable":true,"href":"https:\/\/itobuke.rs\/rs\/wp-json\/wp\/v2\/users\/12"}],"replies":[{"embeddable":true,"href":"https:\/\/itobuke.rs\/rs\/wp-json\/wp\/v2\/comments?post=2418"}],"version-history":[{"count":1,"href":"https:\/\/itobuke.rs\/rs\/wp-json\/wp\/v2\/pages\/2418\/revisions"}],"predecessor-version":[{"id":2419,"href":"https:\/\/itobuke.rs\/rs\/wp-json\/wp\/v2\/pages\/2418\/revisions\/2419"}],"wp:attachment":[{"href":"https:\/\/itobuke.rs\/rs\/wp-json\/wp\/v2\/media?parent=2418"}],"curies":[{"name":"wp","href":"https:\/\/api.w.org\/{rel}","templated":true}]}}