{"id":2509,"date":"2018-09-20T15:32:28","date_gmt":"2018-09-20T14:32:28","guid":{"rendered":"http:\/\/itobuke.rs\/nsz-rezultati-ii-faze\/"},"modified":"2018-09-28T11:36:17","modified_gmt":"2018-09-28T10:36:17","slug":"nsz-rezultati-ii-faze","status":"publish","type":"page","link":"https:\/\/itobuke.rs\/rs\/nsz-rezultati-ii-faze\/","title":{"rendered":"NSZ &#8211; rezultati II faze"},"content":{"rendered":"<p style=\"text-align: center;\"><span style=\"color: #ba3f3f; font-size: 50px;\">O B A V E \u0160 T E N\u0458 E<\/span><\/p>\n<p style=\"text-align: center;\"><span style=\"color: #ba3f3f; font-size: 30px;\">o zavr\u0161enoj selekciji kandidata <\/span><\/p>\n<p style=\"text-align: center;\"><span style=\"color: #ba3f3f; font-size: 30px;\">za ukl\u0458u\u010divanje na specijalisti\u010dke informati\u010dke obuke<\/span><\/p>\n<p>&nbsp;<\/p>\n<p>Obave\u0161tavamo sve kandidate da je druga faza selekcije zavr\u0161ena i u skladu sa ostvarenim rezultatima u prvoj i drugoj fazi, formirane su kona\u010dne rang liste, po vrsti obuke i lokaciji izvo\u0111enja obuke (19 rang lista).<\/p>\n<p><em>U slu\u010daju da se na potpisivanje ugovora izabrani kandidati ne jave, bi\u0107e pozivani kandidati \u201eispod crte\u201c po redosledu na tabeli a na osnovu postignutih ukupnih rezultata.<\/em><\/p>\n<p><strong>Kandidati mesto na rang listi pronalaze po ID broju prijave. <\/strong><\/p>\n<p><strong>U nastavku obave\u0161tenja nalazi se tabelarni prikaz svih obuka i lokacija sa informacijama gde i kada \u0107e se potpisati ugovori sa izabranim polaznicima. Prilikom potpisivanja ugovora potrebno je imati li\u010dnu kartu.<\/strong><\/p>\n<p><strong>Nacionalna slu\u017eba za zapo\u0161l\u0458avanje se zahval\u0458uje svim prijavl\u0458enim kandidatima koji su u\u010destvovali u procesu selekcije.<\/strong><\/p>\n<p><strong> <\/strong><\/p>\n<p style=\"text-align: center;\"><strong>OBAVE\u0160TEN\u0458E<\/strong><\/p>\n<p style=\"text-align: center;\"><strong>IZABRANIM POLAZNICIMA OBUKA <\/strong><\/p>\n<p style=\"text-align: center;\"><strong> O MESTU I VREMENU ZA POTPISIVAN\u0458E UGOVORA<\/strong><\/p>\n<table width=\"699\" align=\"center\">\n<tbody>\n<tr>\n<td style=\"color: white; width: 57px; text-align: center; background-color: #ba3f3f;\" width=\"57\"><strong>Red. br.<\/strong><\/td>\n<td style=\"color: white; width: 57px; text-align: center; background-color: #ba3f3f;\" width=\"104\"><strong>Lokacija izvo\u0111enja obuke<\/strong><\/td>\n<td style=\"color: white; width: 57px; text-align: center; background-color: #ba3f3f;\" width=\"217\"><strong>Naziv obuke<\/strong><\/td>\n<td style=\"color: white; width: 57px; text-align: center; background-color: #ba3f3f;\" width=\"321\"><strong>Lokacija, datum i termin za potpisivanje ugovora<\/strong><\/td>\n<td style=\"color: white; width: 57px; text-align: center; background-color: #ba3f3f;\" width=\"321\"><strong>Rang lista<\/strong><\/td>\n<\/tr>\n<tr>\n<td width=\"57\">\n<p style=\"text-align: center;\">1<\/p>\n<\/td>\n<td style=\"text-align: center;\" width=\"104\">Beograd<\/td>\n<td style=\"text-align: center;\" width=\"217\">Obuka za Java programiranje za 75 lica<\/td>\n<td style=\"text-align: center;\" width=\"321\">\n<p><strong>Filijala Beograd<\/strong><\/p>\n<p>Gunduli\u0107ev venac 23-25,  Velika sala , IV sprat<\/p>\n<p>dana <strong>27.09.2018. u 10.00  \u010dasova<\/strong><\/p>\n<p>&nbsp;<\/td>\n<td>\n<p style=\"text-align: center;\"><strong>Kona\u010dna rang lista<\/strong><\/p>\n<p style=\"text-align: center;\"><a href=\"http:\/\/itobuke.rs\/wp-content\/uploads\/2018\/09\/1.-Kona\u010dna-rang-lista-Java-Beograd-1.xlsx\"><img loading=\"lazy\" class=\"alignnone\" src=\"http:\/\/itobuke.rs\/wp-content\/uploads\/2018\/09\/th_Next.png\" alt=\"Prika\u017ei\" width=\"48\" height=\"48\" \/><\/a><\/p>\n<\/td>\n<\/tr>\n<tr>\n<td width=\"57\">\n<p style=\"text-align: center;\">2<\/p>\n<\/td>\n<td width=\"104\">\n<p style=\"text-align: center;\">Beograd<\/p>\n<\/td>\n<td style=\"text-align: center;\" width=\"217\">Obuka za Web aplikacije (Osnovi programiranja, Objektno-orijentisano programiranje, Baze podataka, Web Front-end development) za 75 lica<\/td>\n<td width=\"321\">\n<p style=\"text-align: center;\"><strong>Filijala Beograd<\/strong><\/p>\n<p style=\"text-align: center;\">Gunduli\u0107ev venac 23-25,  Velika sala , IV sprat<\/p>\n<p style=\"text-align: center;\">dana<strong> 25.09.2018. u 12.30 \u010dasova<\/strong><\/p>\n<\/td>\n<td>\n<p style=\"text-align: center;\"><strong>Kona\u010dna rang lista<\/strong><\/p>\n<p style=\"text-align: center;\"><a href=\"http:\/\/itobuke.rs\/wp-content\/uploads\/2018\/09\/2.-Kona\u010dna-rang-lista-Web-aplikacije-Beograd.xlsx\"><img src=\"http:\/\/itobuke.rs\/wp-content\/uploads\/2018\/09\/th_Next.png\" alt=\"Prika\u017ei\" \/><\/a><\/p>\n<\/td>\n<\/tr>\n<tr>\n<td width=\"57\">\n<p style=\"text-align: center;\">3<\/p>\n<\/td>\n<td style=\"text-align: center;\" width=\"104\">Beograd<\/td>\n<td style=\"text-align: center;\" width=\"217\">Obuka za Front-End Web programiranje (JavaScript, HTML, CSS, jQuery, AJAX, SEO&#8230;) za 75 lica<\/td>\n<td width=\"321\">\n<p style=\"text-align: center;\"><strong>Filijala Beograd<\/strong><\/p>\n<p style=\"text-align: center;\">Gunduli\u0107ev venac 23-25,  Velika sala , IV sprat<\/p>\n<p style=\"text-align: center;\">dana<strong> 27.09.2018. u 12.00 <\/strong><strong>h<\/strong><\/p>\n<\/td>\n<td>\n<p style=\"text-align: center;\"><strong>Kona\u010dna rang lista<\/strong><\/p>\n<p style=\"text-align: center;\"><a href=\"http:\/\/itobuke.rs\/wp-content\/uploads\/2018\/09\/3.-Kona\u010dna-rang-lista-Front-End-Web-Beograd.xlsx\"><img src=\"http:\/\/itobuke.rs\/wp-content\/uploads\/2018\/09\/th_Next.png\" alt=\"Prika\u017ei\" \/><\/a><\/p>\n<\/td>\n<\/tr>\n<tr>\n<td style=\"text-align: center;\" width=\"57\">4<\/td>\n<td style=\"text-align: center;\" width=\"104\">Beograd<\/td>\n<td style=\"text-align: center;\" width=\"217\">Obuka za JavaScript (Osnovi programiranja, tehnologije povezane sa JavaScript) za 50 lica<\/td>\n<td width=\"321\">\n<p style=\"text-align: center;\"><strong>Filijala Beograd<\/strong><\/p>\n<p style=\"text-align: center;\">Gunduli\u0107ev venac 23-25,  Velika sala , IV sprat<\/p>\n<p style=\"text-align: center;\">dana<strong> 25.09.2018. u 14.00 \u010dasova<\/strong><\/p>\n<\/td>\n<td>\n<p style=\"text-align: center;\"><strong>Kona\u010dna rang lista<\/strong><\/p>\n<p style=\"text-align: center;\"><a href=\"http:\/\/itobuke.rs\/wp-content\/uploads\/2018\/09\/4.-Kona\u010dna-rang-lista-JavaScript-Beograd-1.xlsx\"><img loading=\"lazy\" class=\"alignnone\" src=\"http:\/\/itobuke.rs\/wp-content\/uploads\/2018\/09\/th_Next.png\" alt=\"Prika\u017ei\" width=\"48\" height=\"48\" \/><\/a><\/p>\n<\/td>\n<\/tr>\n<tr>\n<td width=\"57\">\n<p style=\"text-align: center;\">5<\/p>\n<\/td>\n<td style=\"text-align: center;\" width=\"104\">Beograd<\/td>\n<td style=\"text-align: center;\" width=\"217\">Obuka za PHP programiranje za 75 lica<\/td>\n<td width=\"321\">\n<p style=\"text-align: center;\"><strong>Filijala Beograd<\/strong><\/p>\n<p style=\"text-align: center;\">Gunduli\u0107ev venac 23-25,  Velika sala , IV sprat<\/p>\n<p style=\"text-align: center;\">dana<strong> 24.09.2018. u 14.00 \u010dasova<\/strong><\/p>\n<\/td>\n<td>\n<p style=\"text-align: center;\"><strong>Kona\u010dna rang lista<\/strong><\/p>\n<p style=\"text-align: center;\"><a href=\"http:\/\/itobuke.rs\/wp-content\/uploads\/2018\/09\/5.-Kona\u010dna-rang-lista-PHP-Beograd-1.xlsx\"><img loading=\"lazy\" class=\"alignnone\" src=\"http:\/\/itobuke.rs\/wp-content\/uploads\/2018\/09\/th_Next.png\" alt=\"Prika\u017ei\" width=\"48\" height=\"48\" \/><\/a><\/p>\n<\/td>\n<\/tr>\n<tr>\n<td width=\"57\">\n<p style=\"text-align: center;\">6<\/p>\n<\/td>\n<td width=\"104\">\n<p style=\"text-align: center;\">Beograd<\/p>\n<\/td>\n<td style=\"text-align: center;\" width=\"217\">Obuka za .Net programiranje za 50 lica<\/td>\n<td width=\"321\">\n<p style=\"text-align: center;\"><strong>Filijala Beograd<\/strong><\/p>\n<p style=\"text-align: center;\">Gunduli\u0107ev venac 23-25,  Velika sala , IV sprat<\/p>\n<p style=\"text-align: center;\">dana<strong> 24.09.2018. u 12.30 \u010dasova<\/strong><\/p>\n<\/td>\n<td>\n<p style=\"text-align: center;\"><strong>Kona\u010dna rang lista<\/strong><\/p>\n<p style=\"text-align: center;\"><a href=\"http:\/\/itobuke.rs\/wp-content\/uploads\/2018\/09\/6.-Kona\u010dna-rang-lista-.NET-Beograd.xlsx\"><img loading=\"lazy\" class=\"alignnone\" src=\"http:\/\/itobuke.rs\/wp-content\/uploads\/2018\/09\/th_Next.png\" alt=\"Prika\u017ei\" width=\"48\" height=\"48\" \/><\/a><\/p>\n<\/td>\n<\/tr>\n<tr>\n<td width=\"57\">\n<p style=\"text-align: center;\">7<\/p>\n<\/td>\n<td style=\"text-align: center;\" width=\"104\">Novi Sad<\/td>\n<td style=\"text-align: center;\" width=\"217\">Obuka za Java programiranje za 50 lica<\/td>\n<td width=\"321\">\n<p style=\"text-align: center;\"><strong>Filijale Novi Sad<\/strong> , Alberta Tome 2,<\/p>\n<p style=\"text-align: center;\">velika sala na tre\u0107em spratu,<\/p>\n<p style=\"text-align: center;\">dana <strong>26.09.2018.godine u   9:00 sati<\/strong><\/p>\n<\/td>\n<td>\n<p style=\"text-align: center;\"><strong>Kona\u010dna rang lista<\/strong><\/p>\n<p style=\"text-align: center;\"><a href=\"http:\/\/itobuke.rs\/wp-content\/uploads\/2018\/09\/7.-Kona\u010dna-rang-lista-Java-Novi-Sad-1.xlsx\"><img loading=\"lazy\" class=\"alignnone\" src=\"http:\/\/itobuke.rs\/wp-content\/uploads\/2018\/09\/th_Next.png\" alt=\"Prika\u017ei\" width=\"48\" height=\"48\" \/><\/a><\/p>\n<\/td>\n<\/tr>\n<tr>\n<td style=\"text-align: center;\" width=\"57\">8<\/td>\n<td width=\"104\">\n<p style=\"text-align: center;\">Novi Sad<\/p>\n<\/td>\n<td style=\"text-align: center;\" width=\"217\">Obuka za Front-End Web programiranje (JavaScript, HTML, CSS, jQuery, AJAX, SEO&#8230;) za 25 lica<\/td>\n<td width=\"321\">\n<p style=\"text-align: center;\"><strong>Filijale Novi Sad<\/strong> , Alberta Tome 2,<\/p>\n<p style=\"text-align: center;\">velika sala na tre\u0107em spratu,<\/p>\n<p style=\"text-align: center;\">dana <strong>26.09.2018.godine u   10:00 \u010dasova<\/strong><\/p>\n<\/td>\n<td>\n<p style=\"text-align: center;\"><strong>Kona\u010dna rang lista<\/strong><\/p>\n<p style=\"text-align: center;\"><a href=\"http:\/\/itobuke.rs\/wp-content\/uploads\/2018\/09\/8.-Kona\u010dna-rang-lista-Front-End-Web-Novi-Sad.xlsx\"><img loading=\"lazy\" class=\"alignnone\" src=\"http:\/\/itobuke.rs\/wp-content\/uploads\/2018\/09\/th_Next.png\" alt=\"Prika\u017ei\" width=\"48\" height=\"48\" \/><\/a><\/p>\n<\/td>\n<\/tr>\n<tr>\n<td style=\"text-align: center;\" width=\"57\">9<\/td>\n<td style=\"text-align: center;\" width=\"104\">Novi Sad<\/td>\n<td style=\"text-align: center;\" width=\"217\">Obuka za .Net programiranje za 25 lica<\/td>\n<td width=\"321\">\n<p style=\"text-align: center;\"><strong>Filijale Novi Sad<\/strong> , Alberta Tome 2,<\/p>\n<p style=\"text-align: center;\">velika sala na tre\u0107em spratu,<\/p>\n<p style=\"text-align: center;\">dana <strong>26.09.2018.godine u   11:00 \u010dasova<\/strong><\/p>\n<\/td>\n<td>\n<p style=\"text-align: center;\"><strong>Kona\u010dna rang lista<\/strong><\/p>\n<p style=\"text-align: center;\"><a href=\"http:\/\/itobuke.rs\/wp-content\/uploads\/2018\/09\/9.-Kona\u010dna-rang-lista-.NET-Novi-Sad.xlsx\"><img loading=\"lazy\" class=\"alignnone\" src=\"http:\/\/itobuke.rs\/wp-content\/uploads\/2018\/09\/th_Next.png\" alt=\"Prika\u017ei\" width=\"48\" height=\"48\" \/><\/a><\/p>\n<\/td>\n<\/tr>\n<tr>\n<td style=\"text-align: center;\" width=\"57\">10<\/td>\n<td style=\"text-align: center;\" width=\"104\">Ni\u0161<\/td>\n<td style=\"text-align: center;\" width=\"217\">Obuka za Java programiranje za 50 lica<\/td>\n<td width=\"321\">\n<p style=\"text-align: center;\">U prostorijama<\/p>\n<p style=\"text-align: center;\"><strong>Regionalnog centra za profesionalni razvoj zaposlenih u obrazovanju<\/strong>,<\/p>\n<p style=\"text-align: center;\">Pariske komune bb, Ni\u0161<\/p>\n<p style=\"text-align: center;\">dana <strong>26.09.2018<\/strong>. godine u 13.00 \u010dasova<\/p>\n<\/td>\n<td>\n<p style=\"text-align: center;\"><strong>Kona\u010dna rang lista<\/strong><\/p>\n<p style=\"text-align: center;\"><a href=\"http:\/\/itobuke.rs\/wp-content\/uploads\/2018\/09\/10.-Kona\u010dna-rang-lista-Java-Ni\u0161.xlsx\"><img loading=\"lazy\" class=\"alignnone\" src=\"http:\/\/itobuke.rs\/wp-content\/uploads\/2018\/09\/th_Next.png\" alt=\"Prika\u017ei\" width=\"48\" height=\"48\" \/><\/a><\/p>\n<\/td>\n<\/tr>\n<tr>\n<td style=\"text-align: center;\" width=\"57\">11<\/td>\n<td style=\"text-align: center;\" width=\"104\">Ni\u0161<\/td>\n<td style=\"text-align: center;\" width=\"217\">Obuka za .Net programiranje za 25 lica<\/td>\n<td width=\"321\">\n<p style=\"text-align: center;\">U prostorijama<\/p>\n<p style=\"text-align: center;\"><strong>Regionalnog centra za profesionalni razvoj zaposlenih u obrazovanju<\/strong>,<\/p>\n<p style=\"text-align: center;\">Pariske komune bb, Ni\u0161<\/p>\n<p style=\"text-align: center;\">dana <strong>26.09.2018<\/strong>. godine u 13.00 \u010dasova<\/p>\n<\/td>\n<td>\n<p style=\"text-align: center;\"><strong>Kona\u010dna rang lista<\/strong><\/p>\n<p style=\"text-align: center;\"><a href=\"http:\/\/itobuke.rs\/wp-content\/uploads\/2018\/09\/11.-Kona\u010dna-rang-lista-.NET-Ni\u0161.xlsx\"><img loading=\"lazy\" class=\"alignnone\" src=\"http:\/\/itobuke.rs\/wp-content\/uploads\/2018\/09\/th_Next.png\" alt=\"Prika\u017ei\" width=\"48\" height=\"48\" \/><\/a><\/p>\n<\/td>\n<\/tr>\n<tr>\n<td style=\"text-align: center;\" width=\"57\">12<\/td>\n<td style=\"text-align: center;\" width=\"104\">Subotica<\/td>\n<td style=\"text-align: center;\" width=\"217\">Obuka za Front-End Web programiranje (JavaScript, HTML, CSS, jQuery, AJAX, SEO&#8230;) za 25 lica<\/td>\n<td width=\"321\">\n<p style=\"text-align: center;\"><strong>Filijala Subotica<\/strong><\/p>\n<p style=\"text-align: center;\">Trg slobode 3\/3, sala broj 65<\/p>\n<p style=\"text-align: center;\">Dana <strong>27.09.2018.<\/strong> godine u <strong>11.00<\/strong> \u010dasova<\/p>\n<\/td>\n<td>\n<p style=\"text-align: center;\"><strong>Kona\u010dna rang lista<\/strong><\/p>\n<p style=\"text-align: center;\"><a href=\"http:\/\/itobuke.rs\/wp-content\/uploads\/2018\/09\/12.-Kona\u010dna-rang-lista-Front-End-Web-Subotica.xlsx\"><img loading=\"lazy\" class=\"alignnone\" src=\"http:\/\/itobuke.rs\/wp-content\/uploads\/2018\/09\/th_Next.png\" alt=\"Prika\u017ei\" width=\"48\" height=\"48\" \/><\/a><\/p>\n<\/td>\n<\/tr>\n<tr>\n<td style=\"text-align: center;\" width=\"57\">13<\/td>\n<td style=\"text-align: center;\" width=\"104\">Zrenjanin<\/td>\n<td width=\"217\">\n<p style=\"text-align: center;\">Obuka za Front-End Web programiranje (JavaScript, HTML, CSS, jQuery, AJAX, SEO&#8230;) za 25 lica<\/p>\n<\/td>\n<td width=\"321\">\n<p style=\"text-align: center;\"><strong>Filijala Zrenjanin<\/strong><\/p>\n<p style=\"text-align: center;\">Sarajlijina 4 u sali<\/p>\n<p style=\"text-align: center;\">dana <strong>25.09.2018.<\/strong> u <strong>11.00<\/strong> \u010dasova<\/p>\n<p style=\"text-align: center;\">\n<\/td>\n<td>\n<p style=\"text-align: center;\"><strong>Kona\u010dna rang lista<\/strong><\/p>\n<p style=\"text-align: center;\"><a href=\"http:\/\/itobuke.rs\/wp-content\/uploads\/2018\/09\/13.-Kona\u010dna-rang-lista-Front-End-Web-Zrenjanin.xlsx\"><img loading=\"lazy\" class=\"alignnone\" src=\"http:\/\/itobuke.rs\/wp-content\/uploads\/2018\/09\/th_Next.png\" alt=\"Prika\u017ei\" width=\"48\" height=\"48\" \/><\/a><\/p>\n<\/td>\n<\/tr>\n<tr>\n<td style=\"text-align: center;\" width=\"57\">14<\/td>\n<td style=\"text-align: center;\" width=\"104\">\u010ca\u010dak<\/td>\n<td style=\"text-align: center;\" width=\"217\">Obuka za Java programiranje za 25 lica<\/td>\n<td width=\"321\">\n<p style=\"text-align: center;\"><strong>Filijala \u010ca\u010dak,<\/strong><\/p>\n<p style=\"text-align: center;\">\u017dupana Stracimira br. 35,<\/p>\n<p style=\"text-align: center;\">kancelarija br. 4<\/p>\n<p style=\"text-align: center;\">dana <strong>25.09.2018.<\/strong> u <strong>12.15<\/strong> \u010dasova<\/p>\n<p style=\"text-align: center;\">\n<\/td>\n<td>\n<p style=\"text-align: center;\"><strong>Kona\u010dna rang lista<\/strong><\/p>\n<p style=\"text-align: center;\"><a href=\"http:\/\/itobuke.rs\/wp-content\/uploads\/2018\/09\/14.-Kona\u010dna-rang-lista-\u010ca\u010dak-obuka-za-Java-programiranje-1.xlsx\"><img loading=\"lazy\" class=\"alignnone\" src=\"http:\/\/itobuke.rs\/wp-content\/uploads\/2018\/09\/th_Next.png\" alt=\"Prika\u017ei\" width=\"48\" height=\"48\" \/><\/a><\/p>\n<\/td>\n<\/tr>\n<tr>\n<td style=\"text-align: center;\" width=\"57\">15<\/td>\n<td style=\"text-align: center;\" width=\"104\">\u010ca\u010dak<\/td>\n<td style=\"text-align: center;\" width=\"217\">Obuka za Front-End Web programiranje (JavaScript, HTML, CSS, jQuery, AJAX, SEO&#8230;) za 25 lica<\/td>\n<td width=\"321\">\n<p style=\"text-align: center;\"><strong>Filijala \u010ca\u010dak,<\/strong><\/p>\n<p style=\"text-align: center;\">\u017dupana Stracimira br. 35,<\/p>\n<p style=\"text-align: center;\">kancelarija br. 4<\/p>\n<p style=\"text-align: center;\">dana <strong>25.09.2018<\/strong>. u <strong>13.15<\/strong> \u010dasova<\/p>\n<p style=\"text-align: center;\">\n<\/td>\n<td>\n<p style=\"text-align: center;\"><strong>Kona\u010dna rang lista<\/strong><\/p>\n<p style=\"text-align: center;\"><a href=\"http:\/\/itobuke.rs\/wp-content\/uploads\/2018\/09\/15.-Kona\u010dna-rang-lista-Front-End-Web-programiranje-\u010ca\u010dak.xlsx\"><img loading=\"lazy\" class=\"alignnone\" src=\"http:\/\/itobuke.rs\/wp-content\/uploads\/2018\/09\/th_Next.png\" alt=\"Prika\u017ei\" width=\"48\" height=\"48\" \/><\/a><\/p>\n<\/td>\n<\/tr>\n<tr>\n<td style=\"text-align: center;\" width=\"57\">16<\/td>\n<td style=\"text-align: center;\" width=\"104\">Val\u0458evo<\/td>\n<td style=\"text-align: center;\" width=\"217\">Obuka za Java programiranje za 25 lica<\/td>\n<td width=\"321\">\n<p style=\"text-align: center;\"><strong>Filijala Val\u0458evo,<\/strong><\/p>\n<p style=\"text-align: center;\">Vladike Nikolaja 1<\/p>\n<p style=\"text-align: center;\">dana <strong>27.09.2018<\/strong>. godine u <strong>13.00<\/strong> \u010dasova<\/p>\n<\/td>\n<td>\n<p style=\"text-align: center;\"><strong>Kona\u010dna rang lista<\/strong><\/p>\n<p style=\"text-align: center;\"><a href=\"http:\/\/itobuke.rs\/wp-content\/uploads\/2018\/09\/16.-Kona\u010dna-rang-lista-Java-Valjevo.xlsx\"><img loading=\"lazy\" class=\"alignnone\" src=\"http:\/\/itobuke.rs\/wp-content\/uploads\/2018\/09\/th_Next.png\" alt=\"Prika\u017ei\" width=\"48\" height=\"48\" \/><\/a><\/p>\n<\/td>\n<\/tr>\n<tr>\n<td style=\"text-align: center;\" width=\"57\">17<\/td>\n<td style=\"text-align: center;\" width=\"104\">Kragujevac<\/td>\n<td style=\"text-align: center;\" width=\"217\">Obuka za Java programiranje za 25 lica<\/td>\n<td width=\"321\">\n<p style=\"text-align: center;\"><strong>Filijala Kragujevac,<\/strong><\/p>\n<p style=\"text-align: center;\">Svetozara Markovi\u0107a 37<\/p>\n<p style=\"text-align: center;\">sala 33 na tre\u0107em spratu<\/p>\n<p style=\"text-align: center;\">dana <strong>26.09.2018.<\/strong> godine u <strong>09.00<\/strong> \u010dasova<\/p>\n<\/td>\n<td>\n<p style=\"text-align: center;\"><strong>Kona\u010dna rang lista<\/strong><\/p>\n<p style=\"text-align: center;\"><a href=\"http:\/\/itobuke.rs\/wp-content\/uploads\/2018\/09\/17.-Kona\u010dna-rang-lista-Java-Kragujevac.xlsx\"><img loading=\"lazy\" class=\"alignnone\" src=\"http:\/\/itobuke.rs\/wp-content\/uploads\/2018\/09\/th_Next.png\" alt=\"Prika\u017ei\" width=\"48\" height=\"48\" \/><\/a><\/p>\n<\/td>\n<\/tr>\n<tr>\n<td style=\"text-align: center;\" width=\"57\">18<\/td>\n<td style=\"text-align: center;\" width=\"104\">Novi Pazar<\/td>\n<td style=\"text-align: center;\" width=\"217\">Obuka za Java programiranje za 25 lica<\/td>\n<td width=\"321\">\n<p style=\"text-align: center;\"><strong>Filijala Novi Pazar<\/strong><\/p>\n<p style=\"text-align: center;\">\u0160abana Ko\u010de 18, prostorija broj 12<\/p>\n<p style=\"text-align: center;\">Dana <strong>25.09.2018<\/strong>. godine u <strong>12.00<\/strong> \u010dasova<\/p>\n<\/td>\n<td>\n<p style=\"text-align: center;\"><strong>Kona\u010dna rang lista<\/strong><\/p>\n<p style=\"text-align: center;\"><a href=\"http:\/\/itobuke.rs\/wp-content\/uploads\/2018\/09\/18.-Kona\u010dna-rang-lista-Java-Novi-Pazar.xlsx\"><img loading=\"lazy\" class=\"alignnone\" src=\"http:\/\/itobuke.rs\/wp-content\/uploads\/2018\/09\/th_Next.png\" alt=\"Prika\u017ei\" width=\"48\" height=\"48\" \/><\/a><\/p>\n<\/td>\n<\/tr>\n<tr>\n<td style=\"text-align: center;\" width=\"57\">19<\/td>\n<td style=\"text-align: center;\" width=\"104\">U\u017eice<\/td>\n<td style=\"text-align: center;\" width=\"217\">Obuka za Java programiranje za 25 lica<\/td>\n<td width=\"321\">\n<p style=\"text-align: center;\"><strong>Filijala U\u017eice<\/strong><\/p>\n<p style=\"text-align: center;\">\u017delezni\u010dka 22, prvi sprat, sala broj 22<\/p>\n<p style=\"text-align: center;\">dana <strong>27.09.2018.<\/strong> godine u <strong>11.00<\/strong> \u010dasova (od red. broja 1. zakl\u0458u\u010dno sa 10)<\/p>\n<p style=\"text-align: center;\">dana <strong>27.09.2018.<\/strong> godine u <strong>12.00<\/strong> \u010dasova, (od rednog broja 11, zakl\u0458u\u010dno sa 25)<\/p>\n<\/td>\n<td>\n<p style=\"text-align: center;\"><strong>Kona\u010dna rang lista<\/strong><\/p>\n<p style=\"text-align: center;\"><a href=\"http:\/\/itobuke.rs\/wp-content\/uploads\/2018\/09\/19.-Kona\u010dna-rang-lista-Java-U\u017eice.xlsx\"><img loading=\"lazy\" class=\"alignnone\" src=\"http:\/\/itobuke.rs\/wp-content\/uploads\/2018\/09\/th_Next.png\" alt=\"Prika\u017ei\" width=\"48\" height=\"48\" \/><\/a><\/p>\n<\/td>\n<\/tr>\n<\/tbody>\n<\/table>\n","protected":false},"excerpt":{"rendered":"<p>O B A V E \u0160 T E N\u0458 E o zavr\u0161enoj selekciji kandidata za ukl\u0458u\u010divanje na specijalisti\u010dke informati\u010dke obuke &nbsp; Obave\u0161tavamo sve kandidate da je druga faza selekcije zavr\u0161ena i u skladu sa ostvarenim rezultatima u prvoj i drugoj fazi, formirane su kona\u010dne rang liste, po vrsti obuke i lokaciji izvo\u0111enja obuke (19 rang lista). U slu\u010daju da se &#8230; <\/p>\n<div><a href=\"https:\/\/itobuke.rs\/rs\/nsz-rezultati-ii-faze\/\" class=\"more-link\">Op\u0161irnije&#8230;<\/a><\/div>\n","protected":false},"author":12,"featured_media":0,"parent":0,"menu_order":0,"comment_status":"closed","ping_status":"closed","template":"","meta":[],"_links":{"self":[{"href":"https:\/\/itobuke.rs\/rs\/wp-json\/wp\/v2\/pages\/2509"}],"collection":[{"href":"https:\/\/itobuke.rs\/rs\/wp-json\/wp\/v2\/pages"}],"about":[{"href":"https:\/\/itobuke.rs\/rs\/wp-json\/wp\/v2\/types\/page"}],"author":[{"embeddable":true,"href":"https:\/\/itobuke.rs\/rs\/wp-json\/wp\/v2\/users\/12"}],"replies":[{"embeddable":true,"href":"https:\/\/itobuke.rs\/rs\/wp-json\/wp\/v2\/comments?post=2509"}],"version-history":[{"count":4,"href":"https:\/\/itobuke.rs\/rs\/wp-json\/wp\/v2\/pages\/2509\/revisions"}],"predecessor-version":[{"id":2545,"href":"https:\/\/itobuke.rs\/rs\/wp-json\/wp\/v2\/pages\/2509\/revisions\/2545"}],"wp:attachment":[{"href":"https:\/\/itobuke.rs\/rs\/wp-json\/wp\/v2\/media?parent=2509"}],"curies":[{"name":"wp","href":"https:\/\/api.w.org\/{rel}","templated":true}]}}