{"id":2604,"date":"2018-11-08T13:10:36","date_gmt":"2018-11-08T12:10:36","guid":{"rendered":"http:\/\/itobuke.rs\/?page_id=2604"},"modified":"2018-11-26T07:42:33","modified_gmt":"2018-11-26T06:42:33","slug":"prijave-za-prekvalifikacije-za-zaposlena-lica","status":"publish","type":"page","link":"https:\/\/itobuke.rs\/rs\/prijave-za-prekvalifikacije-za-zaposlena-lica\/","title":{"rendered":"Prijave za prekvalifikacije za zaposlena lica"},"content":{"rendered":"<p>Prijavljivanje po\u010dinje 07.11.2018.<\/p>\n<p><a href=\"http:\/\/itobuke.rs\/wp-content\/uploads\/2018\/11\/Uslovi-konkursa-za-zaposlene2.pdf\">Uslovi konkursa za zaposlene<\/a><\/p>\n<p><a href=\"http:\/\/itobuke.rs\/wp-content\/uploads\/2018\/11\/uslovi-obrade-podataka-o-licnosti.pdf\" target=\"_blank\" rel=\"noopener\">Uslovi obrade podataka o li\u010dnosti<\/a><\/p>\n<p><strong>Zavr\u0161eno je prijavljivanje kandidata<\/strong><\/p>\n\n<style>\n.gform_title {display:none;}#gform_submit_button_18 {display:block;} .gform_button {display:block;} input {display:block;} .button {display:block;} body .gform_wrapper form .gform_footer input[type=submit].button, body .gform_wrapper form .gform_footer button {\tdisplay:block !important;}<\/style>\n<p><strong>Kontakt:<\/strong><\/p>\n<p>011 735 84 09<\/p>\n<p><a href=\"mailto:kontakt@itobuke.rs\">kontakt@itobuke.rs<\/a><\/p>\n<p>&nbsp;<\/p>\n","protected":false},"excerpt":{"rendered":"<p>Prijavljivanje po\u010dinje 07.11.2018. Uslovi konkursa za zaposlene Uslovi obrade podataka o li\u010dnosti Zavr\u0161eno je prijavljivanje kandidata Kontakt: 011 735 84 09 kontakt@itobuke.rs &nbsp;<\/p>\n","protected":false},"author":13,"featured_media":0,"parent":0,"menu_order":0,"comment_status":"closed","ping_status":"closed","template":"","meta":[],"_links":{"self":[{"href":"https:\/\/itobuke.rs\/rs\/wp-json\/wp\/v2\/pages\/2604"}],"collection":[{"href":"https:\/\/itobuke.rs\/rs\/wp-json\/wp\/v2\/pages"}],"about":[{"href":"https:\/\/itobuke.rs\/rs\/wp-json\/wp\/v2\/types\/page"}],"author":[{"embeddable":true,"href":"https:\/\/itobuke.rs\/rs\/wp-json\/wp\/v2\/users\/13"}],"replies":[{"embeddable":true,"href":"https:\/\/itobuke.rs\/rs\/wp-json\/wp\/v2\/comments?post=2604"}],"version-history":[{"count":3,"href":"https:\/\/itobuke.rs\/rs\/wp-json\/wp\/v2\/pages\/2604\/revisions"}],"predecessor-version":[{"id":2648,"href":"https:\/\/itobuke.rs\/rs\/wp-json\/wp\/v2\/pages\/2604\/revisions\/2648"}],"wp:attachment":[{"href":"https:\/\/itobuke.rs\/rs\/wp-json\/wp\/v2\/media?parent=2604"}],"curies":[{"name":"wp","href":"https:\/\/api.w.org\/{rel}","templated":true}]}}