{"id":2757,"date":"2019-01-04T10:12:18","date_gmt":"2019-01-04T09:12:18","guid":{"rendered":"http:\/\/itobuke.rs\/?page_id=2757"},"modified":"2019-01-22T13:38:38","modified_gmt":"2019-01-22T12:38:38","slug":"programi-obuka-prekvalifikacije-za-zaposlene-2019","status":"publish","type":"page","link":"https:\/\/itobuke.rs\/rs\/programi-obuka-prekvalifikacije-za-zaposlene-2019\/","title":{"rendered":"Programi  obuka &#8211; prekvalifikacije za zaposlene 2019."},"content":{"rendered":"<p><a href=\"https:\/\/itobuke.rs\/rs\/ef-nis-net\/\">EF Ni\u0161\u00a0 &#8211; .NET<\/a><br \/>\n<a href=\"https:\/\/itobuke.rs\/rs\/etf-java\/\">ETF Java<\/a><br \/>\n<a href=\"https:\/\/itobuke.rs\/rs\/etf-linux\/\">ETF Linux<\/a><br \/>\n<a href=\"https:\/\/itobuke.rs\/rs\/etf-php\/\">ETF PHP<\/a><br \/>\n<a href=\"https:\/\/itobuke.rs\/rs\/fon-net\/\">FON &#8211; .NET<\/a><br \/>\n<a href=\"https:\/\/itobuke.rs\/rs\/fon-java-web\/\">FON &#8211; Java web<\/a><br \/>\n<a href=\"https:\/\/itobuke.rs\/rs\/fon-java\/\">FON &#8211; Java<\/a><br \/>\n<a href=\"https:\/\/itobuke.rs\/rs\/ftn-cacak-java\/\">FTN \u010cacak &#8211; Java<\/a><br \/>\n<a href=\"https:\/\/itobuke.rs\/rs\/ftn-cacak-razvoj-web-aplikacija\/\">FTN \u010cacak &#8211; Razvoj web aplikacija<\/a><br \/>\n<a href=\"https:\/\/itobuke.rs\/rs\/jisa\/\">JISA<\/a><br \/>\n<a href=\"https:\/\/itobuke.rs\/rs\/pmf-beograd\/\">Matemati\u010dki fakultet Beograd<\/a><br \/>\n<a href=\"https:\/\/itobuke.rs\/rs\/poslovni-inkubator-valjevo\/\">Poslovni inkubator Valjevo<\/a><br \/>\n<a href=\"https:\/\/itobuke.rs\/rs\/sanu-java\/\">SANU Java<\/a><br \/>\n<a href=\"https:\/\/itobuke.rs\/rs\/sanu-python\/\">SANU Python<\/a><br \/>\n<a href=\"https:\/\/itobuke.rs\/rs\/voict-net\/\">VOICT .NET<\/a><br \/>\n<a href=\"https:\/\/itobuke.rs\/rs\/voict-java\/\">VOICT Java<\/a><br \/>\n<a href=\"https:\/\/itobuke.rs\/rs\/vtsss-kragujevac\/\">VT\u0160SS Kragujevac<\/a><\/p>\n","protected":false},"excerpt":{"rendered":"<p>EF Ni\u0161\u00a0 &#8211; .NET ETF Java ETF Linux ETF PHP FON &#8211; .NET FON &#8211; Java web FON &#8211; Java FTN \u010cacak &#8211; Java FTN \u010cacak &#8211; Razvoj web aplikacija JISA Matemati\u010dki fakultet Beograd Poslovni inkubator Valjevo SANU Java SANU Python VOICT .NET VOICT Java VT\u0160SS Kragujevac<\/p>\n","protected":false},"author":13,"featured_media":0,"parent":0,"menu_order":0,"comment_status":"closed","ping_status":"closed","template":"","meta":[],"_links":{"self":[{"href":"https:\/\/itobuke.rs\/rs\/wp-json\/wp\/v2\/pages\/2757"}],"collection":[{"href":"https:\/\/itobuke.rs\/rs\/wp-json\/wp\/v2\/pages"}],"about":[{"href":"https:\/\/itobuke.rs\/rs\/wp-json\/wp\/v2\/types\/page"}],"author":[{"embeddable":true,"href":"https:\/\/itobuke.rs\/rs\/wp-json\/wp\/v2\/users\/13"}],"replies":[{"embeddable":true,"href":"https:\/\/itobuke.rs\/rs\/wp-json\/wp\/v2\/comments?post=2757"}],"version-history":[{"count":11,"href":"https:\/\/itobuke.rs\/rs\/wp-json\/wp\/v2\/pages\/2757\/revisions"}],"predecessor-version":[{"id":2947,"href":"https:\/\/itobuke.rs\/rs\/wp-json\/wp\/v2\/pages\/2757\/revisions\/2947"}],"wp:attachment":[{"href":"https:\/\/itobuke.rs\/rs\/wp-json\/wp\/v2\/media?parent=2757"}],"curies":[{"name":"wp","href":"https:\/\/api.w.org\/{rel}","templated":true}]}}