{"id":2763,"date":"2019-01-04T10:16:33","date_gmt":"2019-01-04T09:16:33","guid":{"rendered":"http:\/\/itobuke.rs\/?page_id=2763"},"modified":"2019-01-04T10:23:01","modified_gmt":"2019-01-04T09:23:01","slug":"etf-java","status":"publish","type":"page","link":"https:\/\/itobuke.rs\/rs\/etf-java\/","title":{"rendered":"ETF Java"},"content":{"rendered":"\n<table id=\"tablepress-35\" class=\"tablepress tablepress-id-35 tablepress-responsive\">\n<tbody class=\"row-hover\">\n<tr class=\"row-1 odd\">\n\t<td class=\"column-1\">Naziv \u0161kole<\/td><td class=\"column-2\">Elektrotehni\u010dki fakultet Univerziteta u Beogradu<\/td>\n<\/tr>\n<tr class=\"row-2 even\">\n\t<td class=\"column-1\">Mesto<\/td><td class=\"column-2\">Beograd<\/td>\n<\/tr>\n<tr class=\"row-3 odd\">\n\t<td class=\"column-1\">Programski jezik<\/td><td class=\"column-2\">Java<\/td>\n<\/tr>\n<tr class=\"row-4 even\">\n\t<td class=\"column-1\">Broj polaznika<\/td><td class=\"column-2\">20<\/td>\n<\/tr>\n<tr class=\"row-5 odd\">\n\t<td class=\"column-1\">Veli\u010dina pojedina\u010dne grupe (broj polaznika)<\/td><td class=\"column-2\">20<\/td>\n<\/tr>\n<tr class=\"row-6 even\">\n\t<td class=\"column-1\">Trajanje ukupnog programa (u nedeljama)<\/td><td class=\"column-2\">25<\/td>\n<\/tr>\n<tr class=\"row-7 odd\">\n\t<td class=\"column-1\">Trajanje obuka (broj nastavnih \u010dasova)<\/td><td class=\"column-2\">260<\/td>\n<\/tr>\n<tr class=\"row-8 even\">\n\t<td class=\"column-1\">Trajanje programa stru\u010dnih praksi<\/td><td class=\"column-2\">120<\/td>\n<\/tr>\n<tr class=\"row-9 odd\">\n\t<td class=\"column-1\">Broj mesta za stru\u010dnu praksu<\/td><td class=\"column-2\">20<\/td>\n<\/tr>\n<tr class=\"row-10 even\">\n\t<td class=\"column-1\">Firme u kojima \u0107e se sprovoditi stru\u010dna praksa i broj mesta u svakoj<\/td><td class=\"column-2\">Inovacioni centar ETFa i Ra\u010dunski centar ETF u saradnji sa vi\u0161e poznatih doma\u0107ih firmi<\/td>\n<\/tr>\n<tr class=\"row-11 odd\">\n\t<td class=\"column-1\">Raspored \u010dasova (dani i sati; navesti eventualne periode pauza u radu)<\/td><td class=\"column-2\">utorak-\u010detvrtak-subota ili ponedeljak-sreda-subota, radnim danom od 18 do 22, subtom 4h u periodu od 10 do 18h<\/td>\n<\/tr>\n<tr class=\"row-12 even\">\n\t<td class=\"column-1\">O\u010dekivanja od polaznika van nastave (okviran broj sati nedeljno za doma\u0107e zadatke, samostalan rad, itd)<\/td><td class=\"column-2\">12<\/td>\n<\/tr>\n<tr class=\"row-13 odd\">\n\t<td class=\"column-1\">Kriterijumi za izdavanje sertifikata o uspe\u0161no zavr\u0161enom programu<\/td><td class=\"column-2\">Prisustvo na \u010dasovima i realizovan projekat u okviru prakse<\/td>\n<\/tr>\n<tr class=\"row-14 even\">\n\t<td class=\"column-1\">O\u010dekivani ishodi\/rezultati programa<\/td><td class=\"column-2\">Cilj Java obuke je da polaznike osposobe da projektuju i pi\u0161u savremene aplikacije primenjuju\u0107i moderne koncepte programiranja u okviru programskog jezika Java. Pored osnova samog jezika, razmatra\u0107e se i napredne teme, ako \u0161to je povezivanje i efikasan rad sa bazom podataka, primena projektnih \u0161ablona, dizajniranje i testiranje softverskih sistema.<br \/>\nNa kraju odslu\u0161ane obuke polaznici \u0107e biti osposobljeni da uz pomo\u0107 savremenog razvojnog okru\u017eenja razvijaju samostalno ili u timu komercijalne aplikacije zasnovane na Java programskom jeziku objektno-orijentisane strukture koda ili u savremenim radnim okvirima zasnovanim na jeziku Java. Svi polaznici koji uspe\u0161no zavr\u0161e obuku bi\u0107e kompetentni da dizajniraju savremenu aplikaciju i postave je u radno okru\u017eenje, rade sa relacionim MySQL bazama podataka i koriste najsavremenije alate za programiranje aplikacija i sisteme za verzioniranje (Git, GitHub\/Bitbucket). Kroz programske koncepte koji \u0107e biti predavani, polaznicima \u0107e biti obja\u0161njavani i osnovni aspekti objektno-orijentisanog programiranja, algoritama i struktura podataka, neophodnih za projektovanje, implementaciju i testiranje savremenih sistema.<\/td>\n<\/tr>\n<tr class=\"row-15 odd\">\n\t<td class=\"column-1\">Kratak opis programa i metodologije (1-2 pasusa, uklju\u010duju\u0107i opis obuke, opis stru\u010dnih praksi, programe dodatnih ve\u0161tina i eventualne dodatne elemente)<\/td><td class=\"column-2\">Obuka se izvodi u ra\u010dunarskim laboratorijama, gde svaki polaznik ima svoj ra\u010dunar. Predvi\u0111eno je da svaki polaznik tokom celog trajanja obuke ima svoje rezervisano mesto na kome \u0107e raditi. \u010casovi \u0107e biti sa delom predavanja teorijskih koncepata i vi\u0161e bazirani na prakti\u010dnom znanju. Predava\u010di \u0107e koristiti ve\u0107 pripremljene PPT prezentacije i projektor, tablu i ra\u010dunar, na kome \u0107e pisati programe. Polaznici treba da prate predava\u010de i pi\u0161u programe istovremeno sa predava\u010dem (bi\u0107e mogu\u0107nost deljenja ekrana predava\u010da tj. svaki polaznik \u0107e videti i na projektoru i na svom ekranu \u0161ta je predava\u010d kodirao). Polaznici \u0107e imati priliku da tokom \u010dasova i u pauzama postave predava\u010dima pitanja, a nakon definisanja odre\u0111enih testova i doma\u0107ih zadataka bi\u0107e odr\u017eani i posebni konsultativni \u010dasovi. Svi polaznici \u0107e putem onlajn platforme na vreme dobijati materijale za u\u010denje, testove za proveru znanja i doma\u0107e zadatke. Na raspolaganju \u0107e im biti praktikumi i zbirke zadataka koji su autorsko delo predava\u010da na kursu. Na kraju kursa svaki polaznik \u0107e u timu od 4 do 5 osoba raditi na razvoju jednog realnog IT projekta sa ve\u0107 definisanom specifikacijom korisni\u010dkih zahteva.<\/td>\n<\/tr>\n<tr class=\"row-16 even\">\n\t<td class=\"column-1\">Link za detaljniji opis programa (kurikulum, materijali, metodologija)<\/td><td class=\"column-2\">http:\/\/projekti.rc.etf.rs\/kursevi-i-obrazovanje\/<\/td>\n<\/tr>\n<tr class=\"row-17 odd\">\n\t<td class=\"column-1\">Opis procesa selekcije (pisani test, razgovor, drugo)<\/td><td class=\"column-2\">Pisani test i razgovor<\/td>\n<\/tr>\n<tr class=\"row-18 even\">\n\t<td class=\"column-1\">Opis selekcije: test (broj pitanja, trajanje, na\u010din ocenjivanja, link ka primerima pitanja)<\/td><td class=\"column-2\">U okviru testa \u0107e biti definsao od 20 do 25 pitanja, koja \u0107e biti elementarna pitanja o poznavanju rada na ra\u010dunaru i logi\u010dkog razmi\u0161ljanja. Test \u0107e sadr\u017eati  pitanja o algoritamskoj logici re\u0161avanja nekih bazi\u010dnih problema<\/td>\n<\/tr>\n<tr class=\"row-19 odd\">\n\t<td class=\"column-1\">Opis selekcije: razgovor <\/td><td class=\"column-2\">Razgovor \u0107e se obaviti sa stru\u010dnim ekspertima u trajanju od 10 do 15 minuta<\/td>\n<\/tr>\n<tr class=\"row-20 even\">\n\t<td class=\"column-1\">Opis selekcije: (upisati)<\/td><td class=\"column-2\"><\/td>\n<\/tr>\n<\/tbody>\n<\/table>\n<!-- #tablepress-35 from cache -->\n","protected":false},"excerpt":{"rendered":"","protected":false},"author":13,"featured_media":0,"parent":0,"menu_order":0,"comment_status":"closed","ping_status":"closed","template":"","meta":[],"_links":{"self":[{"href":"https:\/\/itobuke.rs\/rs\/wp-json\/wp\/v2\/pages\/2763"}],"collection":[{"href":"https:\/\/itobuke.rs\/rs\/wp-json\/wp\/v2\/pages"}],"about":[{"href":"https:\/\/itobuke.rs\/rs\/wp-json\/wp\/v2\/types\/page"}],"author":[{"embeddable":true,"href":"https:\/\/itobuke.rs\/rs\/wp-json\/wp\/v2\/users\/13"}],"replies":[{"embeddable":true,"href":"https:\/\/itobuke.rs\/rs\/wp-json\/wp\/v2\/comments?post=2763"}],"version-history":[{"count":1,"href":"https:\/\/itobuke.rs\/rs\/wp-json\/wp\/v2\/pages\/2763\/revisions"}],"predecessor-version":[{"id":2765,"href":"https:\/\/itobuke.rs\/rs\/wp-json\/wp\/v2\/pages\/2763\/revisions\/2765"}],"wp:attachment":[{"href":"https:\/\/itobuke.rs\/rs\/wp-json\/wp\/v2\/media?parent=2763"}],"curies":[{"name":"wp","href":"https:\/\/api.w.org\/{rel}","templated":true}]}}