{"id":2768,"date":"2019-01-04T10:21:11","date_gmt":"2019-01-04T09:21:11","guid":{"rendered":"http:\/\/itobuke.rs\/?page_id=2768"},"modified":"2019-01-04T10:21:11","modified_gmt":"2019-01-04T09:21:11","slug":"etf-linux","status":"publish","type":"page","link":"https:\/\/itobuke.rs\/rs\/etf-linux\/","title":{"rendered":"ETF Linux"},"content":{"rendered":"\n<table id=\"tablepress-36\" class=\"tablepress tablepress-id-36 tablepress-responsive\">\n<tbody class=\"row-hover\">\n<tr class=\"row-1 odd\">\n\t<td class=\"column-1\">Naziv \u0161kole<\/td><td class=\"column-2\">Elektrotehni\u010dki fakultet Univerziteta u Beogradu<\/td>\n<\/tr>\n<tr class=\"row-2 even\">\n\t<td class=\"column-1\">Mesto<\/td><td class=\"column-2\">Beograd<\/td>\n<\/tr>\n<tr class=\"row-3 odd\">\n\t<td class=\"column-1\">Programski jezik<\/td><td class=\"column-2\">Linux<\/td>\n<\/tr>\n<tr class=\"row-4 even\">\n\t<td class=\"column-1\">Broj polaznika<\/td><td class=\"column-2\">20<\/td>\n<\/tr>\n<tr class=\"row-5 odd\">\n\t<td class=\"column-1\">Veli\u010dina pojedina\u010dne grupe (broj polaznika)<\/td><td class=\"column-2\">20<\/td>\n<\/tr>\n<tr class=\"row-6 even\">\n\t<td class=\"column-1\">Trajanje ukupnog programa (u nedeljama)<\/td><td class=\"column-2\">25<\/td>\n<\/tr>\n<tr class=\"row-7 odd\">\n\t<td class=\"column-1\">Trajanje obuka (broj nastavnih \u010dasova)<\/td><td class=\"column-2\">260<\/td>\n<\/tr>\n<tr class=\"row-8 even\">\n\t<td class=\"column-1\">Trajanje programa stru\u010dnih praksi<\/td><td class=\"column-2\">120<\/td>\n<\/tr>\n<tr class=\"row-9 odd\">\n\t<td class=\"column-1\">Broj mesta za stru\u010dnu praksu<\/td><td class=\"column-2\">20<\/td>\n<\/tr>\n<tr class=\"row-10 even\">\n\t<td class=\"column-1\">Firme u kojima \u0107e se sprovoditi stru\u010dna praksa i broj mesta u svakoj<\/td><td class=\"column-2\">Inovacioni centar ETFa i Ra\u010dunski centar ETF u saradnji sa vi\u0161e poznatih doma\u0107ih firmi<\/td>\n<\/tr>\n<tr class=\"row-11 odd\">\n\t<td class=\"column-1\">Raspored \u010dasova (dani i sati; navesti eventualne periode pauza u radu)<\/td><td class=\"column-2\">utorak-\u010detvrtak-subota ili ponedeljak-sreda-subota, radnim danom od 18 do 22, subtom 4h u periodu od 10 do 18h<\/td>\n<\/tr>\n<tr class=\"row-12 even\">\n\t<td class=\"column-1\">O\u010dekivanja od polaznika van nastave (okviran broj sati nedeljno za doma\u0107e zadatke, samostalan rad, itd)<\/td><td class=\"column-2\">12<\/td>\n<\/tr>\n<tr class=\"row-13 odd\">\n\t<td class=\"column-1\">Kriterijumi za izdavanje sertifikata o uspe\u0161no zavr\u0161enom programu<\/td><td class=\"column-2\">Prisustvo na \u010dasovima i realizovan projekat u okviru prakse<\/td>\n<\/tr>\n<tr class=\"row-14 even\">\n\t<td class=\"column-1\">O\u010dekivani ishodi\/rezultati programa<\/td><td class=\"column-2\">U okviru Linuks kursa polaznici bi se obu\u010dili za sistem administratora (eng. System Administrator). Kroz kurs, polaznici bi imali priliku da se upoznaju sa ovim popularnim i besplatnim operativnim sistemom. Kurs bi obuhvatio kako po\u010detni nivo tako i napredno kori\u0161\u0107enje Linuksa. Pretpostavka je da polaznici nemaju prethodna iskustva u radu sa Linuksom. U skladu sa time, kurs po\u010dinje od osnovnih koncepata i postepeno prelazi na napredne teme. Zatim \u0107e se korisnicima objasniti postupci kako da administriraju Linuks sistem i podese osnovne sistemske servise. Sadr\u017eaj kursa bi bio nezavistan od distribucije, i pokrivao sve glavne Linuks distribucije (Debian, Ubuntu, CentOS (RedHat debranded), Fedora, openSUSE i druge).<br \/>\nU okviru prvog dela kursa bi se predstavio Linuks operativni sistem, njegova istorija, osnovne karakteristike, licence, veza sa GNU sistemom, distribucije, sertifikati. Polaznici bi se upoznali sa open source filozofijom i poslovnim modelom. Razmatrale bi se osnovne karakteristike Linuksa, razlike u odnosu na Windows, zatim njegova instalacija i osnovna pode\u0161avanja, kao \u0161to su upravljanje softverskim paketima, instaliranje programa i a\u017euriranje sistema, upravljanje hardverom i instalacija drajvera. Predstavili bi se programi za svakodnevni rad - internet, multimedija, kancelarijski alati, grafika, programiranje, kao i osnove rada u mre\u017enom okru\u017eenju, pronala\u017eenje dokumentacije i uputstava, komande za rad sa lokalnim i udaljenim fajlovima i fajl sistemima, kontrola pristupa fajlovima.<br \/>\nU okviru drugog dela kursa bi se predstavio uvod u administraciju softverskih sistema, uloga sistemskog administratora i administracija korisnika i grupa.  Polaznici bi nau\u010dili kako mogu da izvr\u0161e automatizaciju aktivnosti pomo\u0107u skriptinga, da izvr\u0161e administraciju fajlova i fajl sistema, hijerarhiju fajl sistema i potrebu za particijama, ozna\u010davanje disk ure\u0111aja i particija, particionisanje, tipove fajl sistema, formatiranje, proveru ispravnosti i promenu veli\u010dine fajl sistema, atributi fajl sistema, pristupne liste. Upoznali bi se i sa osnovama hardverskih sistema, prepoznavanjem hardverskih komponenti, procesom startovanja sistema, i kontrolom procesa. Nau\u010dili bi rad sa podacima podataka, pravljenje rezervnih kopija podataka, kao i njiohovo vra\u0107anje. Tokom kursa bi se upoznali sa osnovama ra\u010dunarskih mre\u017ea, pode\u0161avanjem mre\u017enih parametara, alatkama za rad sa mre\u017eom i ispitivanjem mre\u017enih problema i osnovama mre\u017enih servisa.<br \/>\nUz veliki broj prakti\u010dnih primera, polaznici bi se osposobili, da i bez tehni\u010dkog predznanja, mogu samostalno da izvr\u0161e instalaciju i osnovna pode\u0161avanja i odr\u017eavanje Linuks operativnog sistema. U okviru \u010dasova polaznici bi imali mogu\u0107nost da se upoznaju i sa osnovnim pojmovima vezanim za hardverske komponente i ra\u010du nraske mre\u017ee, tako da nakon kursa budu osposebljni da realizju poslove tehni\u010dke podr\u0161ke.<br \/>\n<\/td>\n<\/tr>\n<tr class=\"row-15 odd\">\n\t<td class=\"column-1\">Kratak opis programa i metodologije (1-2 pasusa, uklju\u010duju\u0107i opis obuke, opis stru\u010dnih praksi, programe dodatnih ve\u0161tina i eventualne dodatne elemente)<\/td><td class=\"column-2\">Obuka se izvodi u ra\u010dunarskim laboratorijama, gde svaki polaznik ima svoj ra\u010dunar. Predvi\u0111eno je da svaki polaznik tokom celog trajanja obuke ima svoje rezervisano mesto na kome \u0107e raditi. \u010casovi \u0107e biti sa delom predavanja teorijskih koncepata i vi\u0161e bazirani na prakti\u010dnom znanju. Predava\u010di \u0107e koristiti ve\u0107 pripremljene PPT prezentacije i projektor, tablu i ra\u010dunar, na kome \u0107e pisati programe. Polaznici treba da prate predava\u010de i pi\u0161u programe istovremeno sa predava\u010dem (bi\u0107e mogu\u0107nost deljenja ekrana predava\u010da tj. svaki polaznik \u0107e videti i na projektoru i na svom ekranu \u0161ta je predava\u010d kodirao). Polaznici \u0107e imati priliku da tokom \u010dasova i u pauzama postave predava\u010dima pitanja, a nakon definisanja odre\u0111enih testova i doma\u0107ih zadataka bi\u0107e odr\u017eani i posebni konsultativni \u010dasovi. Svi polaznici \u0107e putem onlajn platforme na vreme dobijati materijale za u\u010denje, testove za proveru znanja i doma\u0107e zadatke. Na raspolaganju \u0107e im biti praktikumi i zbirke zadataka koji su autorsko delo predava\u010da na kursu. Na kraju kursa svaki polaznik \u0107e u timu od 4 do 5 osoba raditi na razvoju jednog realnog IT projekta sa ve\u0107 definisanom specifikacijom korisni\u010dkih zahteva.<\/td>\n<\/tr>\n<tr class=\"row-16 even\">\n\t<td class=\"column-1\">Link za detaljniji opis programa (kurikulum, materijali, metodologija)<\/td><td class=\"column-2\">http:\/\/projekti.rc.etf.rs\/kursevi-i-obrazovanje\/<\/td>\n<\/tr>\n<tr class=\"row-17 odd\">\n\t<td class=\"column-1\">Opis procesa selekcije (pisani test, razgovor, drugo)<\/td><td class=\"column-2\">Pisani test i razgovor<\/td>\n<\/tr>\n<tr class=\"row-18 even\">\n\t<td class=\"column-1\">Opis selekcije: test (broj pitanja, trajanje, na\u010din ocenjivanja, link ka primerima pitanja)<\/td><td class=\"column-2\">U okviru testa \u0107e biti definsao od 20 do 25 pitanja, koja \u0107e biti elementarna pitanja o poznavanju rada na ra\u010dunaru i logi\u010dkog razmi\u0161ljanja. Test \u0107e sadr\u017eati  pitanja o algoritamskoj logici re\u0161avanja nekih bazi\u010dnih problema<\/td>\n<\/tr>\n<tr class=\"row-19 odd\">\n\t<td class=\"column-1\">Opis selekcije: razgovor <\/td><td class=\"column-2\">Razgovor \u0107e se obaviti sa stru\u010dnim ekspertima u trajanju od 10 do 15 minuta<\/td>\n<\/tr>\n<tr class=\"row-20 even\">\n\t<td class=\"column-1\">Opis selekcije: (upisati)<\/td><td class=\"column-2\"><\/td>\n<\/tr>\n<\/tbody>\n<\/table>\n<!-- #tablepress-36 from cache -->\n","protected":false},"excerpt":{"rendered":"","protected":false},"author":13,"featured_media":0,"parent":0,"menu_order":0,"comment_status":"closed","ping_status":"closed","template":"","meta":[],"_links":{"self":[{"href":"https:\/\/itobuke.rs\/rs\/wp-json\/wp\/v2\/pages\/2768"}],"collection":[{"href":"https:\/\/itobuke.rs\/rs\/wp-json\/wp\/v2\/pages"}],"about":[{"href":"https:\/\/itobuke.rs\/rs\/wp-json\/wp\/v2\/types\/page"}],"author":[{"embeddable":true,"href":"https:\/\/itobuke.rs\/rs\/wp-json\/wp\/v2\/users\/13"}],"replies":[{"embeddable":true,"href":"https:\/\/itobuke.rs\/rs\/wp-json\/wp\/v2\/comments?post=2768"}],"version-history":[{"count":1,"href":"https:\/\/itobuke.rs\/rs\/wp-json\/wp\/v2\/pages\/2768\/revisions"}],"predecessor-version":[{"id":2770,"href":"https:\/\/itobuke.rs\/rs\/wp-json\/wp\/v2\/pages\/2768\/revisions\/2770"}],"wp:attachment":[{"href":"https:\/\/itobuke.rs\/rs\/wp-json\/wp\/v2\/media?parent=2768"}],"curies":[{"name":"wp","href":"https:\/\/api.w.org\/{rel}","templated":true}]}}