{"id":2792,"date":"2019-01-04T10:39:35","date_gmt":"2019-01-04T09:39:35","guid":{"rendered":"http:\/\/itobuke.rs\/?page_id=2792"},"modified":"2019-01-04T10:39:35","modified_gmt":"2019-01-04T09:39:35","slug":"ftn-cacak-razvoj-web-aplikacija","status":"publish","type":"page","link":"https:\/\/itobuke.rs\/rs\/ftn-cacak-razvoj-web-aplikacija\/","title":{"rendered":"FTN \u010cacak &#8211; Razvoj web aplikacija"},"content":{"rendered":"\n<table id=\"tablepress-42\" class=\"tablepress tablepress-id-42 tablepress-responsive\">\n<tbody class=\"row-hover\">\n<tr class=\"row-1 odd\">\n\t<td class=\"column-1\">Naziv \u0161kole<\/td><td class=\"column-2\">Fakultet tehni\u010dkih nauka \u010ca\u010dak<\/td>\n<\/tr>\n<tr class=\"row-2 even\">\n\t<td class=\"column-1\">Mesto<\/td><td class=\"column-2\">\u010ca\u010dak<\/td>\n<\/tr>\n<tr class=\"row-3 odd\">\n\t<td class=\"column-1\">Programski jezik<\/td><td class=\"column-2\">Razvoj Veb aplikacija (JavaScript \u0458\u0435zik, HTML5, CSS3, XML, JSON, AJAX, CMS,  CSS, napredni<br \/>\nJavaScript, Bootstrap CSS framework, PHP serverski skript jezik, JavaScript biblioteke \u2013 jQuery,<br \/>\nPHP servisi, Angular framework)<\/td>\n<\/tr>\n<tr class=\"row-4 even\">\n\t<td class=\"column-1\">Broj polaznika<\/td><td class=\"column-2\">20<\/td>\n<\/tr>\n<tr class=\"row-5 odd\">\n\t<td class=\"column-1\">Veli\u010dina pojedina\u010dne grupe (broj polaznika)<\/td><td class=\"column-2\">20<\/td>\n<\/tr>\n<tr class=\"row-6 even\">\n\t<td class=\"column-1\">Trajanje ukupnog programa (u nedeljama)<\/td><td class=\"column-2\">30<\/td>\n<\/tr>\n<tr class=\"row-7 odd\">\n\t<td class=\"column-1\">Trajanje obuka (broj nastavnih \u010dasova)<\/td><td class=\"column-2\">300<\/td>\n<\/tr>\n<tr class=\"row-8 even\">\n\t<td class=\"column-1\">Trajanje programa stru\u010dnih praksi<\/td><td class=\"column-2\">120 sati u roku od 3 meseca<\/td>\n<\/tr>\n<tr class=\"row-9 odd\">\n\t<td class=\"column-1\">Broj mesta za stru\u010dnu praksu<\/td><td class=\"column-2\">20<\/td>\n<\/tr>\n<tr class=\"row-10 even\">\n\t<td class=\"column-1\">Firme u kojima \u0107e se sprovoditi stru\u010dna praksa i broj mesta u svakoj<\/td><td class=\"column-2\">Quantox (10 mesta), Croonus Tech (2 mesta), Telekod (5 mesta), Docus (3 mesta)<\/td>\n<\/tr>\n<tr class=\"row-11 odd\">\n\t<td class=\"column-1\">Raspored \u010dasova (dani i sati; navesti eventualne periode pauza u radu)<\/td><td class=\"column-2\">Sreda i \u010detvrtak od 18 do 21 \u010das, subota od 10 do 13\u00a0\u010dasova, pauza od 19. jula do 19. avgusta<\/td>\n<\/tr>\n<tr class=\"row-12 even\">\n\t<td class=\"column-1\">O\u010dekivanja od polaznika van nastave (okviran broj sati nedeljno za doma\u0107e zadatke, samostalan rad, itd)<\/td><td class=\"column-2\">Od polaznika se o\u010dekuje samostalan rad kod ku\u0107e nakon svakog susreta, izrada doma\u0107ih zadataka i izrada projekta. Okvirno procenjeno vreme koje je neophodno za rad van nastave je 10 sati nedeljno.<\/td>\n<\/tr>\n<tr class=\"row-13 odd\">\n\t<td class=\"column-1\">Kriterijumi za izdavanje sertifikata o uspe\u0161no zavr\u0161enom programu<\/td><td class=\"column-2\">Sertifikati za zavr\u0161enu obuku \u0107e se dodeljivati polaznicima koji redovno budu prisutni na obukama <br \/>\n(maksimalno 20% neopravdanih izostanaka od ukupnog broja \u010dasova), aktivno u\u010destvuju u nastavi,<br \/>\nodbrane projektni zadatak i uspe\u0161no polo\u017ee zavr\u0161ni test (procenat uspe\u0161nosti na zavr\u0161nom testu<br \/>\n>50%).<\/td>\n<\/tr>\n<tr class=\"row-14 even\">\n\t<td class=\"column-1\">O\u010dekivani ishodi\/rezultati programa<\/td><td class=\"column-2\">Deo ishoda: Osposobljenost za rad sa razli\u010ditim aplikativnim programskim<br \/>\ninterfejsima HTML5 specifikacije uz kombinaciju sa JavaScript jezikom.<br \/>\no Poznavanje naprednih tehnika za rad sa nizovima, uklju\u010divanje JS koda u<br \/>\nHTML dokument, pra\u0107enje izlaza JS koda u dokumentu i na konzoli.<br \/>\no Osposobljenost za rad sa najnovijim JavaScript specifikacijama<br \/>\n(EcmaScript 5\/6\/7\/8) i pra\u0107enje izmena na teku\u0107oj i budu\u0107im<br \/>\nspecifikacijama sa ciljem da se uvek koriste najnoviji podr\u017eani<br \/>\nstandardi.<br \/>\no Poznavanje koncepata objektno orjentisanog programiranja u JavaScript<br \/>\njeziku, kori\u0161\u0107enju strict moda, kao i primena najboljih praksi u razvoju veb<br \/>\naplikacija primenom JavaScript jezika.Detaljan opis ostalih ishoda dat je\u00a0u dokumentu Razvoj Veb aplikacija na linku: http:\/\/ftn.kg.ac.rs\/aktuelnost-164<\/td>\n<\/tr>\n<tr class=\"row-15 odd\">\n\t<td class=\"column-1\">Kratak opis programa i metodologije (1-2 pasusa, uklju\u010duju\u0107i opis obuke, opis stru\u010dnih praksi, programe dodatnih ve\u0161tina i eventualne dodatne elemente)<\/td><td class=\"column-2\">Svrha obuke za\u00a0Razvoj veb aplikacija\u00a0je sticanje znanja i ve\u0161tina sa ciljem<br \/>\npove\u0107anja broja kvalifikovanih IT stru\u010dnjaka u moravi\u010dkom okrugu.<br \/>\nCilj realizacije ove obuke predstavlja osnovno uvo\u0111enje, upoznavanje i sticanje ve\u0161tina u oblasti\u00a0razvoja\u00a0Veb aplikacija\u00a0na na\u010din koji prati trenutne svetske trendove. Razvoj veb aplikaja obuhvata slede\u0107e module: Osnove veb tehnologija, Osnove HTML jezika, Uvod u<br \/>\nprogramiranje \u2013 JavaScript jezik, HTML5, CSS3, XML, JSON, AJAX, CMS, Osnove CSS, Napredni<br \/>\nJavaScript, Bootstrap CSS framework, PHP serverski skript jezik, JavaScript biblioteke \u2013 jQuery,<br \/>\nPHP servisi, Angular framework. Na raspolaganju je interaktivna onlajn platforma za komunikaciju, postavljanje materijala, re\u0161avanje zadataka... Polaznicima su obezbe\u0111ena mesta u IT kompaniajam gde \u0107e obaviti praksu u trajanju od 120 sati.<br \/>\nPredvi\u0111eno je 12 \u010dasova mekih ve\u0161tina. <\/td>\n<\/tr>\n<tr class=\"row-16 even\">\n\t<td class=\"column-1\">Link za detaljniji opis programa (kurikulum, materijali, metodologija)<\/td><td class=\"column-2\">http:\/\/ftn.kg.ac.rs\/aktuelnost-164<\/td>\n<\/tr>\n<tr class=\"row-17 odd\">\n\t<td class=\"column-1\">Opis procesa selekcije (pisani test, razgovor, drugo)<\/td><td class=\"column-2\">Nakon izvr\u0161enog kombinovanog testiranja (digitalna pismenost i logi\u010dko razmi\u0161ljanje), sprove\u0161\u0107e se intervju. Rand lista formira se sabiranjem bodova sa testa i intervjua. Osnovni kriterijumi za izbor polaznika bi\u0107e motivacija i spremnost za u\u010denje kao i zainteresovanost za Java programiranje.<\/td>\n<\/tr>\n<tr class=\"row-18 even\">\n\t<td class=\"column-1\">Opis selekcije: test (broj pitanja, trajanje, na\u010din ocenjivanja, link ka primerima pitanja)<\/td><td class=\"column-2\">Kombinovani test \u0107e sadr\u017eati ukupno 15 pitanja: 10 pitanja iz digitalne pismenosti i 5 pitanja iz logi\u010dkog razmi\u0161ljanja.  Predvi\u0111eno vreme za polaganje testa je 20 minuta. Za svako pitanje \u0107e biti ponu\u0111eno 4 do 6 odgovora, od kojih je ta\u010dan jedan ili vi\u0161e odgovora. Test \u0107e sadr\u017eati i pitanja gde je potrebno odrediti ta\u010dan redosled odre\u0111enih stavki.  Rezultati \u0107e biti sabrani na osnovu ukupnog broja ta\u010dnih odgovora, prema klju\u010du testa. Primer testa dat je na: http:\/\/ftn.kg.ac.rs\/aktuelnost-164<\/td>\n<\/tr>\n<tr class=\"row-19 odd\">\n\t<td class=\"column-1\">Opis selekcije: razgovor <\/td><td class=\"column-2\">Kroz usmeni intervju kandidati \u0107e biti u prilici da dodatno informi\u0161u FTN predstavnike o razlozima i motivaciji za prekvalifikaciju, kao i zainteresovanosti za u\u010denje Java programiranja.<\/td>\n<\/tr>\n<tr class=\"row-20 even\">\n\t<td class=\"column-1\">Opis selekcije: (upisati)<\/td><td class=\"column-2\">Nakon sprovo\u0111enja elektronskog testa svi kandidati se pozivaju na intervju. Rezultati testa i rezultati intervjua se sabiraju i formira se kona\u010dna rang lista. Prima se prvih 20 kandidata sa rang liste. <\/td>\n<\/tr>\n<\/tbody>\n<\/table>\n<!-- #tablepress-42 from cache -->\n","protected":false},"excerpt":{"rendered":"","protected":false},"author":13,"featured_media":0,"parent":0,"menu_order":0,"comment_status":"closed","ping_status":"closed","template":"","meta":[],"_links":{"self":[{"href":"https:\/\/itobuke.rs\/rs\/wp-json\/wp\/v2\/pages\/2792"}],"collection":[{"href":"https:\/\/itobuke.rs\/rs\/wp-json\/wp\/v2\/pages"}],"about":[{"href":"https:\/\/itobuke.rs\/rs\/wp-json\/wp\/v2\/types\/page"}],"author":[{"embeddable":true,"href":"https:\/\/itobuke.rs\/rs\/wp-json\/wp\/v2\/users\/13"}],"replies":[{"embeddable":true,"href":"https:\/\/itobuke.rs\/rs\/wp-json\/wp\/v2\/comments?post=2792"}],"version-history":[{"count":1,"href":"https:\/\/itobuke.rs\/rs\/wp-json\/wp\/v2\/pages\/2792\/revisions"}],"predecessor-version":[{"id":2793,"href":"https:\/\/itobuke.rs\/rs\/wp-json\/wp\/v2\/pages\/2792\/revisions\/2793"}],"wp:attachment":[{"href":"https:\/\/itobuke.rs\/rs\/wp-json\/wp\/v2\/media?parent=2792"}],"curies":[{"name":"wp","href":"https:\/\/api.w.org\/{rel}","templated":true}]}}