{"id":2795,"date":"2019-01-04T10:41:53","date_gmt":"2019-01-04T09:41:53","guid":{"rendered":"http:\/\/itobuke.rs\/?page_id=2795"},"modified":"2019-01-04T10:41:53","modified_gmt":"2019-01-04T09:41:53","slug":"jisa","status":"publish","type":"page","link":"https:\/\/itobuke.rs\/rs\/jisa\/","title":{"rendered":"JISA"},"content":{"rendered":"\n<table id=\"tablepress-43\" class=\"tablepress tablepress-id-43 tablepress-responsive\">\n<tbody class=\"row-hover\">\n<tr class=\"row-1 odd\">\n\t<td class=\"column-1\">Naziv \u0161kole<\/td><td class=\"column-2\">JISA (obuka se realizuje u Smart School u Novom Sadu)<\/td>\n<\/tr>\n<tr class=\"row-2 even\">\n\t<td class=\"column-1\">Mesto<\/td><td class=\"column-2\">Novi Sad<\/td>\n<\/tr>\n<tr class=\"row-3 odd\">\n\t<td class=\"column-1\">Programski jezik<\/td><td class=\"column-2\">Razvoj web aplikacija (HTML, CSS, JavaScript, jQuery,AJAX, \u00a0SASS, CEO, PHP i SQL)<\/td>\n<\/tr>\n<tr class=\"row-4 even\">\n\t<td class=\"column-1\">Broj polaznika<\/td><td class=\"column-2\">40<\/td>\n<\/tr>\n<tr class=\"row-5 odd\">\n\t<td class=\"column-1\">Veli\u010dina pojedina\u010dne grupe (broj polaznika)<\/td><td class=\"column-2\">20<\/td>\n<\/tr>\n<tr class=\"row-6 even\">\n\t<td class=\"column-1\">Trajanje ukupnog programa (u nedeljama)<\/td><td class=\"column-2\">I grupa 21 nedelja, II grupa 32 nedelja<\/td>\n<\/tr>\n<tr class=\"row-7 odd\">\n\t<td class=\"column-1\">Trajanje obuka (broj nastavnih \u010dasova)<\/td><td class=\"column-2\">250<\/td>\n<\/tr>\n<tr class=\"row-8 even\">\n\t<td class=\"column-1\">Trajanje programa stru\u010dnih praksi<\/td><td class=\"column-2\">120 sati<\/td>\n<\/tr>\n<tr class=\"row-9 odd\">\n\t<td class=\"column-1\">Broj mesta za stru\u010dnu praksu<\/td><td class=\"column-2\">40<\/td>\n<\/tr>\n<tr class=\"row-10 even\">\n\t<td class=\"column-1\">Firme u kojima \u0107e se sprovoditi stru\u010dna praksa i broj mesta u svakoj<\/td><td class=\"column-2\">NoSolution development - 3 mesta i Smart doo - 37 mesta<\/td>\n<\/tr>\n<tr class=\"row-11 odd\">\n\t<td class=\"column-1\">Raspored \u010dasova (dani i sati; navesti eventualne periode pauza u radu)<\/td><td class=\"column-2\">I grupa - ponedeljak, sreda i petak od 18.00 - 21.15h, II grupa utorak i \u010detvratak od 18.00-21.15h<\/td>\n<\/tr>\n<tr class=\"row-12 even\">\n\t<td class=\"column-1\">O\u010dekivanja od polaznika van nastave (okviran broj sati nedeljno za doma\u0107e zadatke, samostalan rad, itd)<\/td><td class=\"column-2\">8-12h nedeljno<\/td>\n<\/tr>\n<tr class=\"row-13 odd\">\n\t<td class=\"column-1\">Kriterijumi za izdavanje sertifikata o uspe\u0161no zavr\u0161enom programu<\/td><td class=\"column-2\">Provera znanja se vr\u0161i tokom trajanja obuke nakon svake celine. Finalni rezultat se dobija sumiranjem svih ostvarenih rezultata. <\/td>\n<\/tr>\n<tr class=\"row-14 even\">\n\t<td class=\"column-1\">O\u010dekivani ishodi\/rezultati programa<\/td><td class=\"column-2\">Polazni \u0107e nau\u010diti koji se alati koriste za web development. Savlada\u0107e osnovne koncepte funkcionisanja savremenog web-a, web pretra\u017eiva\u010da i interneta. Na prakti\u010dnim primerima \u0107e nau\u010diti kako se sajt postavlja na internet i kako da postane dostupan javnosti. Neu\u010di\u0107e mogu\u0107nosti HTML 5 i CSS 3-a, upoznati se sa pravila pisanja koda, asortimanom HTML tagova i CSS pravila.  Zna\u0107e kako se formiraju CSS putanje i kako se uklju\u010duje CSS kod. Savlada\u0107e mogu\u0107nosti JavaScript-a i JQuery-a, i na konkretnim primerima primenjivati uobi\u010dajene funkcionalnosti web strana \u2013 proveru ta\u010dnosti unosa, animiranje elemenata, dodavanje interaktivnih elemenata \u2013 kalendara, slajdera i dr. Kandidati \u0107e savladati rad sa prilagodljivim dizajnom, uvo\u0111enjem naprednijih tehnika u CSS3, rad sa manipulacijom elemenata DOM stabla koriste\u0107i jQuery, kao i rad sa objektima, upravljanje gre\u0161kama, funkcijama i ostalim naprednim konceptima u okviru JavaScripta.Upozna\u0107e se sa osnovama Bootstrap biblioteke i kreirnjem responsive stranice, takve da se lepo prikazuju i na malim i na velikim ekranima. U toku kursa polaznici \u0107e nau\u010diti objektno-orjentisane koncepte JavaScript-a. Nau\u010di\u0107e kako da preuzmu podatke koje je korisnik uneo na stranicu, kako da ih obrade i prika\u017eu. Savlada\u0107e bitne elemente jezika: promenljive, izraze, uslove, petlje, nizove, funkcije, klase, objekte. Ste\u0107i \u0107e dobar pregled ve\u0107 gotovih funkcija i biblioteka i nau\u010di\u0107e da koriste namespace i modules. Zatim \u0107e polaznici nau\u010diti da koriste SASS (CSS-ov prekompajler) i kako da unaprede pisanje CSS koda na br\u017ei i lak\u0161i na\u010din. Tako\u0111e \u0107e nau\u010diti kako da koriste\u0107i CEO tehnike unaprede svoj web sajt i omogu\u0107e bolje pozicioniranje u okviru search engine-a. Nau\u010di\u0107e razli\u010dite PHP funkcije, instalaciju PHP-a u lokalnom okru\u017eenju, upozna\u0107e se sa jezikom SQL, koji se koristi za upravljanje podacima u bazama podataka i prakti\u010dna upotreba kroz primere.<\/td>\n<\/tr>\n<tr class=\"row-15 odd\">\n\t<td class=\"column-1\">Kratak opis programa i metodologije (1-2 pasusa, uklju\u010duju\u0107i opis obuke, opis stru\u010dnih praksi, programe dodatnih ve\u0161tina i eventualne dodatne elemente)<\/td><td class=\"column-2\">Obuka se ralizuje sa ukupnim fondom od 250 \u010dasova teorijske i prakti\u010dne nastave. Akcenat je na prakti\u010dnoj nastavi. Polaznicima je <br \/>\nobezbe\u0111ena literatura kao i kori\u0161\u0107enje plaforme za onlajn u\u010denje. <br \/>\nProgram obuke za tzv. \"meke ve\u0161tine\" obezbe\u0111uje polaznicima dodatna znanja za dalji razvoj karijere. <br \/>\nStru\u010dna praksa - rad na projektima koji daju mogu\u0107nost primene i daljeg razvoja ste\u010denih znanja i ve\u0161tina. <\/td>\n<\/tr>\n<tr class=\"row-16 even\">\n\t<td class=\"column-1\">Link za detaljniji opis programa (kurikulum, materijali, metodologija)<\/td><td class=\"column-2\">http:\/\/www.jisa.rs\/<\/td>\n<\/tr>\n<tr class=\"row-17 odd\">\n\t<td class=\"column-1\">Opis procesa selekcije (pisani test, razgovor, drugo)<\/td><td class=\"column-2\">Informativni razgovor - kandidati se informi\u0161u o programu obuke, njihovim pravima i obavezama. Nakon prezentacije i informisanja kandidati se opredeljuju da li idu u dalji proces selekcije ili ne. <br \/>\nProvera znanja u oblasti informacionih tehnologija vr\u0161i se na platformi za onlajn testiranje i u skladu je sa ECDL standardom. <br \/>\nProvera znanja iz engleskog jezika se vr\u0161i na platformi za onlajn testiranje. Test obuhvata 30 pitanja, a predvi\u0111eno vreme za re\u0161avanje testa je 45 minuta. <\/td>\n<\/tr>\n<tr class=\"row-18 even\">\n\t<td class=\"column-1\">Opis selekcije: test (broj pitanja, trajanje, na\u010din ocenjivanja, link ka primerima pitanja)<\/td><td class=\"column-2\">Provera znanja u oblasti informacionih tehnologija - test obuhvata 55 pitanja. Predvi\u0111eno vreme za re\u0161avanje testa je 70 minuta. <br \/>\nPrag za prolaz je 75%.<br \/>\nProvera znanja iz engleskog jezika - test obuhvata 30 pitanja, a predvi\u0111eno vreme za re\u0161avanje testa je 45 minuta. Prag za prolaz je 75%.<br \/>\nNakon dobijenih rezultata pravi se rang lista. Ukoliko 2 kandidata imaju isti broj poena prednost ima kandidat koji je ostvario bolje rezultate <br \/>\nna testu za proveru znanja u oblasti informacionih tehnologija. <\/td>\n<\/tr>\n<tr class=\"row-19 odd\">\n\t<td class=\"column-1\">Opis selekcije: razgovor <\/td><td class=\"column-2\">Informativni razgovor - kandidati se informi\u0161u o programu obuke, njihovim pravima i obavezama. Nakon prezentacije i informisanja kandidati se opredeljuju da li idu u dalji proces selekcije ili ne. <br \/>\nProvera znanja u oblasti informacionih tehnologija vr\u0161i se na platformi za onlajn testiranje i u skladu je sa ECDL standardom. <br \/>\nProvera znanja iz engleskog jezika se vr\u0161i na platformi za onlajn testiranje. Test obuhvata 30 pitanja, a predvi\u0111eno vreme za re\u0161avanje testa je 45 minuta. <\/td>\n<\/tr>\n<tr class=\"row-20 even\">\n\t<td class=\"column-1\">Opis selekcije: (upisati)<\/td><td class=\"column-2\"><\/td>\n<\/tr>\n<\/tbody>\n<\/table>\n<!-- #tablepress-43 from cache -->\n","protected":false},"excerpt":{"rendered":"","protected":false},"author":13,"featured_media":0,"parent":0,"menu_order":0,"comment_status":"closed","ping_status":"closed","template":"","meta":[],"_links":{"self":[{"href":"https:\/\/itobuke.rs\/rs\/wp-json\/wp\/v2\/pages\/2795"}],"collection":[{"href":"https:\/\/itobuke.rs\/rs\/wp-json\/wp\/v2\/pages"}],"about":[{"href":"https:\/\/itobuke.rs\/rs\/wp-json\/wp\/v2\/types\/page"}],"author":[{"embeddable":true,"href":"https:\/\/itobuke.rs\/rs\/wp-json\/wp\/v2\/users\/13"}],"replies":[{"embeddable":true,"href":"https:\/\/itobuke.rs\/rs\/wp-json\/wp\/v2\/comments?post=2795"}],"version-history":[{"count":1,"href":"https:\/\/itobuke.rs\/rs\/wp-json\/wp\/v2\/pages\/2795\/revisions"}],"predecessor-version":[{"id":2798,"href":"https:\/\/itobuke.rs\/rs\/wp-json\/wp\/v2\/pages\/2795\/revisions\/2798"}],"wp:attachment":[{"href":"https:\/\/itobuke.rs\/rs\/wp-json\/wp\/v2\/media?parent=2795"}],"curies":[{"name":"wp","href":"https:\/\/api.w.org\/{rel}","templated":true}]}}