{"id":2800,"date":"2019-01-04T10:42:51","date_gmt":"2019-01-04T09:42:51","guid":{"rendered":"http:\/\/itobuke.rs\/?page_id=2800"},"modified":"2019-01-22T13:38:09","modified_gmt":"2019-01-22T12:38:09","slug":"pmf-beograd","status":"publish","type":"page","link":"https:\/\/itobuke.rs\/rs\/pmf-beograd\/","title":{"rendered":"Matemati\u010dki fakultet Beograd"},"content":{"rendered":"\n<table id=\"tablepress-44\" class=\"tablepress tablepress-id-44 tablepress-responsive\">\n<tbody class=\"row-hover\">\n<tr class=\"row-1 odd\">\n\t<td class=\"column-1\">Naziv \u0161kole<\/td><td class=\"column-2\">Matemati\u010dki fakultet, Univerzitet u Beogradu<\/td>\n<\/tr>\n<tr class=\"row-2 even\">\n\t<td class=\"column-1\">Mesto<\/td><td class=\"column-2\">Beograd<\/td>\n<\/tr>\n<tr class=\"row-3 odd\">\n\t<td class=\"column-1\">Programski jezik<\/td><td class=\"column-2\">Veb programiranje: HTML, CSS, JavaScript, PHP, SQL<\/td>\n<\/tr>\n<tr class=\"row-4 even\">\n\t<td class=\"column-1\">Broj polaznika<\/td><td class=\"column-2\">60<\/td>\n<\/tr>\n<tr class=\"row-5 odd\">\n\t<td class=\"column-1\">Veli\u010dina pojedina\u010dne grupe (broj polaznika)<\/td><td class=\"column-2\">20<\/td>\n<\/tr>\n<tr class=\"row-6 even\">\n\t<td class=\"column-1\">Trajanje ukupnog programa (u nedeljama)<\/td><td class=\"column-2\">oko 16 nedelja<\/td>\n<\/tr>\n<tr class=\"row-7 odd\">\n\t<td class=\"column-1\">Trajanje obuka (broj nastavnih \u010dasova)<\/td><td class=\"column-2\">po 250 nastavnih \u010dasova za svaku grupu<\/td>\n<\/tr>\n<tr class=\"row-8 even\">\n\t<td class=\"column-1\">Trajanje programa stru\u010dnih praksi<\/td><td class=\"column-2\">oko 12 nedelja<\/td>\n<\/tr>\n<tr class=\"row-9 odd\">\n\t<td class=\"column-1\">Broj mesta za stru\u010dnu praksu<\/td><td class=\"column-2\">60<\/td>\n<\/tr>\n<tr class=\"row-10 even\">\n\t<td class=\"column-1\">Firme u kojima \u0107e se sprovoditi stru\u010dna praksa i broj mesta u svakoj<\/td><td class=\"column-2\">Technodis<\/td>\n<\/tr>\n<tr class=\"row-11 odd\">\n\t<td class=\"column-1\">Raspored \u010dasova (dani i sati; navesti eventualne periode pauza u radu)<\/td><td class=\"column-2\">Nastava \u0107e se izvoditi vikendom od jutarnjih do popodnevnih termina sa pauzama. Svaka grupa \u0107e imati po 16 nastavnih \u010dasova tokom vikenda, po 8 \u010dasova subotom i nedeljom. Du\u017eina trajanja \u010dasa je 45 minuta. Pauze traju 15 minuta. U izuzetnim slu\u010dajevima, deo nastave \u0107e, umesto vikendom, biti odr\u017ean radnim danima od 18h, u dogovoru sa polaznicima. <\/td>\n<\/tr>\n<tr class=\"row-12 even\">\n\t<td class=\"column-1\">O\u010dekivanja od polaznika van nastave (okviran broj sati nedeljno za doma\u0107e zadatke, samostalan rad, itd)<\/td><td class=\"column-2\">O\u010dekivan broj sati rada van nastave (doma\u0107i zadaci i projekti) je okvirno isti kao i vreme provedeno na \u010dasovima nastave i iznosi oko 16 nastavnih \u010dasova.<\/td>\n<\/tr>\n<tr class=\"row-13 odd\">\n\t<td class=\"column-1\">Kriterijumi za izdavanje sertifikata o uspe\u0161no zavr\u0161enom programu<\/td><td class=\"column-2\">Na kraju kursa predvi\u0111eno je da polaznici rade zavr\u0161ni samostalni projekat koji \u0107e objedinjavati sve obra\u0111ene teme. Polaznici \u0107e osmisliti bazu podataka u skladu sa zadatim smernicama, implementirati odgovaraju\u0107i REST API u PHP-u i osmisliti dizajn i funkcionalnost klijentskog dela aplikacije. Ovaj projekat \u0107e se koristiti za sertifikaciju.<\/td>\n<\/tr>\n<tr class=\"row-14 even\">\n\t<td class=\"column-1\">O\u010dekivani ishodi\/rezultati programa<\/td><td class=\"column-2\">Cilj programa je da svaki polaznik stekne neophodne ve\u0161tine i nivo znanja koje \u0107e mu omogu\u0107iti da konkuri\u0161e za praksu ili posao iz ove oblasti. Nakon obuke, svaki polaznik \u0107e savladati osnove HTML-a, CSS-a, JavaScript-a, PHP-a i rada sa MySQL bazama podataka.<\/td>\n<\/tr>\n<tr class=\"row-15 odd\">\n\t<td class=\"column-1\">Kratak opis programa i metodologije (1-2 pasusa, uklju\u010duju\u0107i opis obuke, opis stru\u010dnih praksi, programe dodatnih ve\u0161tina i eventualne dodatne elemente)<\/td><td class=\"column-2\">Obuka je koncipirana tako da omogu\u0107ava sticanje znanja potrebnih za prakti\u010dan rad iz veb programiranja u IT sektoru, koji je veoma tra\u017een na tr\u017ei\u0161tu. Cilj je pru\u017eiti svakom polazniku potrebne ve\u0161tine i nivo znanja znanja koja mu omogu\u0107avaju da obavlja posao u ovoj oblasti. Nakon obuke, svaki polaznik \u0107e savladati osnove HTML-a, CSS-a, JavaScript-a, PHP-a i rada sa MySQL bazama podataka. Nastava \u0107e se za svaku grupu odvijati u dva dana nedeljno (vikendom), pri \u010demu \u0107e svakog od ta dva nastavna dana biti dr\u017eano po osam \u0161kolskih \u010dasova sa pauzama. Obuka \u0107e se izvoditi u u\u010dionicama Matemati\u010dkog fakulteta, za svakog polaznika \u0107e biti obezbe\u0111en ra\u010dunar sa pode\u0161enim okru\u017eenjem za rad. Polaznicima \u0107e biti dostupni svi relevantni materijali koji se obra\u0111uju na \u010dasovima obuke i materijali neophodni za samostalni rad. Radne sesije su osmi\u0161ljene kao kombinacija predavanja i prakti\u010dnih ve\u017ebi koje \u0107e omogu\u0107iti polaznicima efikasno usvajanje zvanja i ve\u0161tina potrebnih na tr\u017ei\u0161tu. <\/td>\n<\/tr>\n<tr class=\"row-16 even\">\n\t<td class=\"column-1\">Link za detaljniji opis programa (kurikulum, materijali, metodologija)<\/td><td class=\"column-2\"><a href=\"http:\/\/itobuka.matf.bg.ac.rs\/index.html\">MatF IT obuka<\/a><\/td>\n<\/tr>\n<tr class=\"row-17 odd\">\n\t<td class=\"column-1\">Opis procesa selekcije (pisani test, razgovor, drugo)<\/td><td class=\"column-2\">Pisani test i razgovor.<\/td>\n<\/tr>\n<tr class=\"row-18 even\">\n\t<td class=\"column-1\">Opis selekcije: test (broj pitanja, trajanje, na\u010din ocenjivanja, link ka primerima pitanja)<\/td><td class=\"column-2\">Svaki od kandidata polaga\u0107e test koji \u0107e sadr\u017eati pitanja koja se odnose na poznavanje osnovnih ra\u010dunarskih pojmova i logi\u010dkog razmi\u0161ljanja. Test \u0107e sadr\u017eati oko 30 pitanja, po 15 za svaku od oblasti.<\/td>\n<\/tr>\n<tr class=\"row-19 odd\">\n\t<td class=\"column-1\">Opis selekcije: razgovor <\/td><td class=\"column-2\">Sa kandidatima koji u\u0111u u u\u017ei izbor bi\u0107e organizovni intervjui pred tro\u010dlanom komisijom u trajanju od 10 do 15 minuta.<\/td>\n<\/tr>\n<tr class=\"row-20 even\">\n\t<td class=\"column-1\">Opis selekcije: (upisati)<\/td><td class=\"column-2\">Kona\u010dna grupa \u0107e se formirati na osnovu sumarnog utiska i plasmana kandidata. Prvih 60 kandidata sa liste \u0107e postati polaznici obuke.<\/td>\n<\/tr>\n<\/tbody>\n<\/table>\n<!-- #tablepress-44 from cache -->\n","protected":false},"excerpt":{"rendered":"","protected":false},"author":13,"featured_media":0,"parent":0,"menu_order":0,"comment_status":"closed","ping_status":"closed","template":"","meta":[],"_links":{"self":[{"href":"https:\/\/itobuke.rs\/rs\/wp-json\/wp\/v2\/pages\/2800"}],"collection":[{"href":"https:\/\/itobuke.rs\/rs\/wp-json\/wp\/v2\/pages"}],"about":[{"href":"https:\/\/itobuke.rs\/rs\/wp-json\/wp\/v2\/types\/page"}],"author":[{"embeddable":true,"href":"https:\/\/itobuke.rs\/rs\/wp-json\/wp\/v2\/users\/13"}],"replies":[{"embeddable":true,"href":"https:\/\/itobuke.rs\/rs\/wp-json\/wp\/v2\/comments?post=2800"}],"version-history":[{"count":2,"href":"https:\/\/itobuke.rs\/rs\/wp-json\/wp\/v2\/pages\/2800\/revisions"}],"predecessor-version":[{"id":2946,"href":"https:\/\/itobuke.rs\/rs\/wp-json\/wp\/v2\/pages\/2800\/revisions\/2946"}],"wp:attachment":[{"href":"https:\/\/itobuke.rs\/rs\/wp-json\/wp\/v2\/media?parent=2800"}],"curies":[{"name":"wp","href":"https:\/\/api.w.org\/{rel}","templated":true}]}}