{"id":2808,"date":"2019-01-04T10:46:20","date_gmt":"2019-01-04T09:46:20","guid":{"rendered":"http:\/\/itobuke.rs\/?page_id=2808"},"modified":"2019-01-04T10:46:20","modified_gmt":"2019-01-04T09:46:20","slug":"sanu-java","status":"publish","type":"page","link":"https:\/\/itobuke.rs\/rs\/sanu-java\/","title":{"rendered":"SANU Java"},"content":{"rendered":"\n<table id=\"tablepress-46\" class=\"tablepress tablepress-id-46 tablepress-responsive\">\n<tbody class=\"row-hover\">\n<tr class=\"row-1 odd\">\n\t<td class=\"column-1\">Naziv \u0161kole<\/td><td class=\"column-2\">Matemati\u010dki institut SANU <\/td>\n<\/tr>\n<tr class=\"row-2 even\">\n\t<td class=\"column-1\">Mesto<\/td><td class=\"column-2\">Ni\u0161<\/td>\n<\/tr>\n<tr class=\"row-3 odd\">\n\t<td class=\"column-1\">Programski jezik<\/td><td class=\"column-2\">Java<\/td>\n<\/tr>\n<tr class=\"row-4 even\">\n\t<td class=\"column-1\">Broj polaznika<\/td><td class=\"column-2\">17<\/td>\n<\/tr>\n<tr class=\"row-5 odd\">\n\t<td class=\"column-1\">Veli\u010dina pojedina\u010dne grupe (broj polaznika)<\/td><td class=\"column-2\">17<\/td>\n<\/tr>\n<tr class=\"row-6 even\">\n\t<td class=\"column-1\">Trajanje ukupnog programa (u nedeljama)<\/td><td class=\"column-2\">32<\/td>\n<\/tr>\n<tr class=\"row-7 odd\">\n\t<td class=\"column-1\">Trajanje obuka (broj nastavnih \u010dasova)<\/td><td class=\"column-2\">260<\/td>\n<\/tr>\n<tr class=\"row-8 even\">\n\t<td class=\"column-1\">Trajanje programa stru\u010dnih praksi<\/td><td class=\"column-2\">120<\/td>\n<\/tr>\n<tr class=\"row-9 odd\">\n\t<td class=\"column-1\">Broj mesta za stru\u010dnu praksu<\/td><td class=\"column-2\">17<\/td>\n<\/tr>\n<tr class=\"row-10 even\">\n\t<td class=\"column-1\">Firme u kojima \u0107e se sprovoditi stru\u010dna praksa i broj mesta u svakoj<\/td><td class=\"column-2\">Istra\u017eiva\u010dko razvojni centar \"ALFATEC\" d.o.o. (11) i TiCo Computers d.o.o. (6)<\/td>\n<\/tr>\n<tr class=\"row-11 odd\">\n\t<td class=\"column-1\">Raspored \u010dasova (dani i sati; navesti eventualne periode pauza u radu)<\/td><td class=\"column-2\">\u010casovi su odr\u017eavaju dva puta nedeljno u trajanju od 3h. Ta\u010dan raspored nastave bi\u0107e dogovoren u skladu sa obavezama primljenih polaznika. Pauza u periodu od 22.07.2019.god. do 26.08.2019. god.<\/td>\n<\/tr>\n<tr class=\"row-12 even\">\n\t<td class=\"column-1\">O\u010dekivanja od polaznika van nastave (okviran broj sati nedeljno za doma\u0107e zadatke, samostalan rad, itd)<\/td><td class=\"column-2\">O\u010dekivanja od polaznika van nastave su da uspe\u0161no usvoje gradivo koje je predjeno te nedelje. Vreme potrebno za usvajanje gradiva zavisi od prethodnog znanja i ve\u0161tina polaznika. Prema dosadanjem iskustvu, potrebno je kontinuirano raditi po 2h dnevno. <\/td>\n<\/tr>\n<tr class=\"row-13 odd\">\n\t<td class=\"column-1\">Kriterijumi za izdavanje sertifikata o uspe\u0161no zavr\u0161enom programu<\/td><td class=\"column-2\">Kursevi se realizuju u saradnji sa UC San Diego Extension. Za dobijanje sertifikata o zavr\u0161enom programu, potrebno je polo\u017eiti sve kurseve sa 60% poena. Ukoliko su ocene pojedina\u010dnih kurseva u okviru programa ni\u017ee od 60%, nije mogu\u0107e dobiti sertifikat. Sertifikati koje kandidati sti\u010du uspe\u0161nim polaganjem opisanih programa su akreditovani od strane Western Association of Schools and Colleges (WASC) Senior College i University Commission (WSCUC). To zna\u010di da su sertifikati zvani\u010dno me\u0111unarodno priznati, da nose odre\u0111eni broj kreditnih poena i da kandidati, ukoliko \u017eele, mogu nastaviti svoje usavr\u0161avanje na bilo kom Univerzitetu u svetu na kojima se prou\u010davaju opisani programi.<br \/>\n<\/td>\n<\/tr>\n<tr class=\"row-14 even\">\n\t<td class=\"column-1\">O\u010dekivani ishodi\/rezultati programa<\/td><td class=\"column-2\">Program je kocipiran i organizovan tako da je svaki kandidat nakon uspe\u0161no zavr\u0161enog programa osposobljen za rad. Program je zvani\u010dno akreditovan u Americi od strane Western Association of Schools and Colleges (WASC) Senior College i University Commission (WSCUC), \u0161to zna\u010di da svaki kandidat mo\u017ee da konkuri\u0161e za posao i bilo gde u svetu, jer je sertifikat koji dobija nakon uspe\u0161no zavr\u0161enog programa me\u0111unarodno priznat i overen od Univerziteta koji je zvani\u010dno 15. u svetu po kvalitetu obrazovanja, dok je Matemati\u010dki institut SANU najpesti\u017enija nau\u010dna ustanova u na\u0161oj zemlji.<\/td>\n<\/tr>\n<tr class=\"row-15 odd\">\n\t<td class=\"column-1\">Kratak opis programa i metodologije (1-2 pasusa, uklju\u010duju\u0107i opis obuke, opis stru\u010dnih praksi, programe dodatnih ve\u0161tina i eventualne dodatne elemente)<\/td><td class=\"column-2\">Program Java kursa pru\u017ea koncentrisano prou\u010davanje i prakti\u010dno znanje Java programskog jezika, kao i objektno-orijentisanog programiranja i dizajna. Kurikulum kursa po\u010dinje sa osnovnim konceptima Java programiranja, kre\u0107e se kroz klju\u010dne ve\u0161tine Java programiranja i kulminira Java konceptima i njihovim aplikacijama u stvarnom svetu. Polaznici \u0107e dobiti operativno znanje mnogih aspekata Java programskog jezika, uklju\u010duju\u0107i: Objektno orijentisano programiranje i tehnike dizajna; Fajlove, ulazno\/izlazne tokove; Razvoj aplikacija sa Grafi\u010dkim korisni\u010dkim interfejsom; Rukovanje izuzecima, rekurzija i vi\u0161enitno programiranje; Pra\u0107enje i rukovanje gre\u0161kama; Kori\u0161\u0107enje ugra\u0111enih relacionih baza podataka pomo\u0107u: JDBC drajvera, SQL i MYSQL baza podataka; Java virtuelnu ma\u0161inu (JVM) \u2013 upravljanje kreiranje objekata i upravljanje memorijom (garbage collection);<\/td>\n<\/tr>\n<tr class=\"row-16 even\">\n\t<td class=\"column-1\">Link za detaljniji opis programa (kurikulum, materijali, metodologija)<\/td><td class=\"column-2\">https:\/\/extension.ucsd.edu\/courses-and-programs\/java-programming<\/td>\n<\/tr>\n<tr class=\"row-17 odd\">\n\t<td class=\"column-1\">Opis procesa selekcije (pisani test, razgovor, drugo)<\/td><td class=\"column-2\">Proces selekcije kandidata od strane podnosioca prijave sastoji se iz dve faze: Intervju sa kandidatima koji se kvalifikuju nakon evaluacije upitnika, a koji se odnosi na znanja i ve\u0161tine kandidata; Testiranje nivoa znanja engleskog jezika<\/td>\n<\/tr>\n<tr class=\"row-18 even\">\n\t<td class=\"column-1\">Opis selekcije: test (broj pitanja, trajanje, na\u010din ocenjivanja, link ka primerima pitanja)<\/td><td class=\"column-2\">Test engleskog jezika sadr\u017ei 30 pitanja. Za uspe\u0161no polaganje testa potreban je srednji nivo znanja engleskog jezika (B1-B2). Trajanje testa je 45 minuta. <\/td>\n<\/tr>\n<tr class=\"row-19 odd\">\n\t<td class=\"column-1\">Opis selekcije: razgovor <\/td><td class=\"column-2\">Intervju sa kandidatima \u0107e biti obavljen u\u017eivo. Pitanja su koncipirana tako da se objektivno procene trenutne ve\u0161tine kandidata i spremnost za usvajanje novih znanja i ovladavanje novim ve\u0161tinama. Ina\u010de program je koncipiran tako da ga mogu pohadjati i kandidati koji se ranije nisu sretali sa Java programskim jezikom. <\/td>\n<\/tr>\n<tr class=\"row-20 even\">\n\t<td class=\"column-1\">Opis selekcije: (upisati)<\/td><td class=\"column-2\">Na osnovu sakupljenih poena na testu engleskog jezika i intervjua, pravi se rang lista kandidata.<\/td>\n<\/tr>\n<\/tbody>\n<\/table>\n<!-- #tablepress-46 from cache -->\n","protected":false},"excerpt":{"rendered":"","protected":false},"author":13,"featured_media":0,"parent":0,"menu_order":0,"comment_status":"closed","ping_status":"closed","template":"","meta":[],"_links":{"self":[{"href":"https:\/\/itobuke.rs\/rs\/wp-json\/wp\/v2\/pages\/2808"}],"collection":[{"href":"https:\/\/itobuke.rs\/rs\/wp-json\/wp\/v2\/pages"}],"about":[{"href":"https:\/\/itobuke.rs\/rs\/wp-json\/wp\/v2\/types\/page"}],"author":[{"embeddable":true,"href":"https:\/\/itobuke.rs\/rs\/wp-json\/wp\/v2\/users\/13"}],"replies":[{"embeddable":true,"href":"https:\/\/itobuke.rs\/rs\/wp-json\/wp\/v2\/comments?post=2808"}],"version-history":[{"count":1,"href":"https:\/\/itobuke.rs\/rs\/wp-json\/wp\/v2\/pages\/2808\/revisions"}],"predecessor-version":[{"id":2810,"href":"https:\/\/itobuke.rs\/rs\/wp-json\/wp\/v2\/pages\/2808\/revisions\/2810"}],"wp:attachment":[{"href":"https:\/\/itobuke.rs\/rs\/wp-json\/wp\/v2\/media?parent=2808"}],"curies":[{"name":"wp","href":"https:\/\/api.w.org\/{rel}","templated":true}]}}