{"id":2812,"date":"2019-01-04T10:47:57","date_gmt":"2019-01-04T09:47:57","guid":{"rendered":"http:\/\/itobuke.rs\/?page_id=2812"},"modified":"2019-01-04T10:47:57","modified_gmt":"2019-01-04T09:47:57","slug":"sanu-python","status":"publish","type":"page","link":"https:\/\/itobuke.rs\/rs\/sanu-python\/","title":{"rendered":"SANU Python"},"content":{"rendered":"\n<table id=\"tablepress-47\" class=\"tablepress tablepress-id-47 tablepress-responsive\">\n<tbody class=\"row-hover\">\n<tr class=\"row-1 odd\">\n\t<td class=\"column-1\">Naziv \u0161kole<\/td><td class=\"column-2\">Matemati\u010dki institut SANU<\/td>\n<\/tr>\n<tr class=\"row-2 even\">\n\t<td class=\"column-1\">Mesto<\/td><td class=\"column-2\">Ni\u0161<\/td>\n<\/tr>\n<tr class=\"row-3 odd\">\n\t<td class=\"column-1\">Programski jezik<\/td><td class=\"column-2\">Pajton<\/td>\n<\/tr>\n<tr class=\"row-4 even\">\n\t<td class=\"column-1\">Broj polaznika<\/td><td class=\"column-2\">17<\/td>\n<\/tr>\n<tr class=\"row-5 odd\">\n\t<td class=\"column-1\">Veli\u010dina pojedina\u010dne grupe (broj polaznika)<\/td><td class=\"column-2\">17<\/td>\n<\/tr>\n<tr class=\"row-6 even\">\n\t<td class=\"column-1\">Trajanje ukupnog programa (u nedeljama)<\/td><td class=\"column-2\">32<\/td>\n<\/tr>\n<tr class=\"row-7 odd\">\n\t<td class=\"column-1\">Trajanje obuka (broj nastavnih \u010dasova)<\/td><td class=\"column-2\">260<\/td>\n<\/tr>\n<tr class=\"row-8 even\">\n\t<td class=\"column-1\">Trajanje programa stru\u010dnih praksi<\/td><td class=\"column-2\">120<\/td>\n<\/tr>\n<tr class=\"row-9 odd\">\n\t<td class=\"column-1\">Broj mesta za stru\u010dnu praksu<\/td><td class=\"column-2\">17<\/td>\n<\/tr>\n<tr class=\"row-10 even\">\n\t<td class=\"column-1\">Firme u kojima \u0107e se sprovoditi stru\u010dna praksa i broj mesta u svakoj<\/td><td class=\"column-2\">Istra\u017eiva\u010dko razvojni centar \"ALFATEC\" d.o.o. (11) i TiCo Computers d.o.o. (6)<\/td>\n<\/tr>\n<tr class=\"row-11 odd\">\n\t<td class=\"column-1\">Raspored \u010dasova (dani i sati; navesti eventualne periode pauza u radu)<\/td><td class=\"column-2\">\u010casovi su odr\u017eavaju dva puta nedeljno u trajanju od 3h. Ta\u010dan raspored nastave bi\u0107e dogovoren u skladu sa obavezama primljenih polaznika. Pauza u periodu od 22.07.2019.god. do 26.08.2019. god.<\/td>\n<\/tr>\n<tr class=\"row-12 even\">\n\t<td class=\"column-1\">O\u010dekivanja od polaznika van nastave (okviran broj sati nedeljno za doma\u0107e zadatke, samostalan rad, itd)<\/td><td class=\"column-2\">O\u010dekivanja od polaznika van nastave su da uspe\u0161no usvoje gradivo koje je predjeno te nedelje. Vreme potrebno za usvajanje gradiva zavisi od prethodnog znanja i ve\u0161tina polaznika. Prema dosadanjem iskustvu, potrebno je kontinuirano raditi po 2h dnevno. <\/td>\n<\/tr>\n<tr class=\"row-13 odd\">\n\t<td class=\"column-1\">Kriterijumi za izdavanje sertifikata o uspe\u0161no zavr\u0161enom programu<\/td><td class=\"column-2\">Kursevi se realizuju u saradnji sa UC San Diego Extension. Za dobijanje sertifikata o zavr\u0161enom programu, potrebno je polo\u017eiti sve kurseve sa 60% poena. Ukoliko su ocene pojedina\u010dnih kurseva u okviru programa ni\u017ee od 60%, nije mogu\u0107e dobiti sertifikat. Sertifikati koje kandidati sti\u010du uspe\u0161nim polaganjem opisanih programa su akreditovani od strane Western Association of Schools and Colleges (WASC) Senior College i University Commission (WSCUC). To zna\u010di da su sertifikati zvani\u010dno me\u0111unarodno priznati, da nose odre\u0111eni broj kreditnih poena i da kandidati, ukoliko \u017eele, mogu nastaviti svoje usavr\u0161avanje na bilo kom Univerzitetu u svetu na kojima se prou\u010davaju opisani programi.<br \/>\n<\/td>\n<\/tr>\n<tr class=\"row-14 even\">\n\t<td class=\"column-1\">O\u010dekivani ishodi\/rezultati programa<\/td><td class=\"column-2\">Program je kocipiran i organizovan tako da je svaki kandidat nakon uspe\u0161no zavr\u0161enog programa osposobljen za rad. Program je zvani\u010dno akreditovan u Americi od strane Western Association of Schools and Colleges (WASC) Senior College i University Commission (WSCUC), \u0161to zna\u010di da svaki kandidat mo\u017ee da konkuri\u0161e za posao i bilo gde u svetu, jer je sertifikat koji dobija nakon uspe\u0161no zavr\u0161enog programa me\u0111unarodno priznat i overen od Univerziteta koji je zvani\u010dno 15. u svetu po kvalitetu obrazovanja, dok je Matemati\u010dki institut SANU najpesti\u017enija nau\u010dna ustanova u na\u0161oj zemlji.<\/td>\n<\/tr>\n<tr class=\"row-15 odd\">\n\t<td class=\"column-1\">Kratak opis programa i metodologije (1-2 pasusa, uklju\u010duju\u0107i opis obuke, opis stru\u010dnih praksi, programe dodatnih ve\u0161tina i eventualne dodatne elemente)<\/td><td class=\"column-2\">U okviru ovog programa, kandidati sti\u010du operativno znanje o mnogim aspektima Pajton programskog jezika, uklju\u010duju\u0107i: Op\u0161te programske koncepte, varijable, izraze, funkcije, naredbe za kontrolu toka, izvo\u0111enje petlji i skladi\u0161tenje podataka; Objektno orjentisano programiranje, testiranje, razvojni koncepti bazirani na testovima; Najbolje prakse za okru\u017eenja radnih projekata, stilove kodiranja i dokumentaciju; Rad sa Pajton standardnim bibliotekama i paketima tre\u0107ih strana; Izbor i rad sa jezikom Pajton web framework, uklju\u010duju\u0107i i Flask, Django i Pyramids; Analitika podataka koriste\u0107i popularan i veoma prakti\u010dan Pajton ekosistem za analizu podataka; Pajton jedini\u010dno testiranje koriste\u0107i Pajton ugra\u0111eni jedini\u010dni test modul i Pytest modul. Kandidati sti\u010du ne samo Pajton ve\u0161tine, ve\u0107 i op\u0161te programske sposobnosti. Benefiti programa se ogledaju u slede\u0107em: u\u010denje programskog jezika koji se mo\u017ee primeniti u nauci o podacima, finansijama, ra\u010dunovodstvu, web razvoju i ma\u0161inskom u\u010denju; prakti\u010dno iskustvo u dizajniranju, pisanju i otklanjanju gre\u0161aka ra\u010dunarskih programa; primena koncepata i tehnika jezika Pajton kako bi se dobila optimalna re\u0161enja za razne softverske probleme.<\/td>\n<\/tr>\n<tr class=\"row-16 even\">\n\t<td class=\"column-1\">Link za detaljniji opis programa (kurikulum, materijali, metodologija)<\/td><td class=\"column-2\">https:\/\/extension.ucsd.edu\/courses-and-programs\/python-programming<\/td>\n<\/tr>\n<tr class=\"row-17 odd\">\n\t<td class=\"column-1\">Opis procesa selekcije (pisani test, razgovor, drugo)<\/td><td class=\"column-2\">Proces selekcije kandidata od strane podnosioca prijave sastoji se iz dve faze: Intervju sa kandidatima koji se kvalifikuju nakon evaluacije upitnika, a koji se odnosi na znanja i ve\u0161tine kandidata; Testiranje nivoa znanja engleskog jezika<\/td>\n<\/tr>\n<tr class=\"row-18 even\">\n\t<td class=\"column-1\">Opis selekcije: test (broj pitanja, trajanje, na\u010din ocenjivanja, link ka primerima pitanja)<\/td><td class=\"column-2\">Test engleskog jezika sadr\u017ei 30 pitanja. Za uspe\u0161no polaganje testa potreban je srednji nivo znanja engleskog jezika.<\/td>\n<\/tr>\n<tr class=\"row-19 odd\">\n\t<td class=\"column-1\">Opis selekcije: razgovor <\/td><td class=\"column-2\">Intervju sa kandidatima \u0107e biti obavljen u\u017eivo. Pitanja su koncipirana tako da se objektivno procene trenutne ve\u0161tine kandidata i spremnost za usvajanje novih znanja i ovladavanje novim ve\u0161tinama. Ina\u010de program je koncipiran tako da ga mogu pohadjati i kandidati koji se ranije nisu sretali sa Pajton programskim jezikom. <\/td>\n<\/tr>\n<tr class=\"row-20 even\">\n\t<td class=\"column-1\">Opis selekcije: (upisati)<\/td><td class=\"column-2\">Na osnovu sakupljenih poena na testu engleskog jezika i intervjua, pravi se rang lista kandidata.<\/td>\n<\/tr>\n<\/tbody>\n<\/table>\n<!-- #tablepress-47 from cache -->\n","protected":false},"excerpt":{"rendered":"","protected":false},"author":13,"featured_media":0,"parent":0,"menu_order":0,"comment_status":"closed","ping_status":"closed","template":"","meta":[],"_links":{"self":[{"href":"https:\/\/itobuke.rs\/rs\/wp-json\/wp\/v2\/pages\/2812"}],"collection":[{"href":"https:\/\/itobuke.rs\/rs\/wp-json\/wp\/v2\/pages"}],"about":[{"href":"https:\/\/itobuke.rs\/rs\/wp-json\/wp\/v2\/types\/page"}],"author":[{"embeddable":true,"href":"https:\/\/itobuke.rs\/rs\/wp-json\/wp\/v2\/users\/13"}],"replies":[{"embeddable":true,"href":"https:\/\/itobuke.rs\/rs\/wp-json\/wp\/v2\/comments?post=2812"}],"version-history":[{"count":1,"href":"https:\/\/itobuke.rs\/rs\/wp-json\/wp\/v2\/pages\/2812\/revisions"}],"predecessor-version":[{"id":2814,"href":"https:\/\/itobuke.rs\/rs\/wp-json\/wp\/v2\/pages\/2812\/revisions\/2814"}],"wp:attachment":[{"href":"https:\/\/itobuke.rs\/rs\/wp-json\/wp\/v2\/media?parent=2812"}],"curies":[{"name":"wp","href":"https:\/\/api.w.org\/{rel}","templated":true}]}}