{"id":2817,"date":"2019-01-04T10:49:21","date_gmt":"2019-01-04T09:49:21","guid":{"rendered":"http:\/\/itobuke.rs\/?page_id=2817"},"modified":"2019-01-04T10:49:21","modified_gmt":"2019-01-04T09:49:21","slug":"voict-net","status":"publish","type":"page","link":"https:\/\/itobuke.rs\/rs\/voict-net\/","title":{"rendered":"VOICT .NET"},"content":{"rendered":"\n<table id=\"tablepress-48\" class=\"tablepress tablepress-id-48 tablepress-responsive\">\n<tbody class=\"row-hover\">\n<tr class=\"row-1 odd\">\n\t<td class=\"column-1\">Naziv \u0161kole<\/td><td class=\"column-2\">Vojvo\u0111anski IKT klaster<\/td>\n<\/tr>\n<tr class=\"row-2 even\">\n\t<td class=\"column-1\">Mesto<\/td><td class=\"column-2\">Novi Sad<\/td>\n<\/tr>\n<tr class=\"row-3 odd\">\n\t<td class=\"column-1\">Programski jezik<\/td><td class=\"column-2\">.NET<\/td>\n<\/tr>\n<tr class=\"row-4 even\">\n\t<td class=\"column-1\">Broj polaznika<\/td><td class=\"column-2\">20<\/td>\n<\/tr>\n<tr class=\"row-5 odd\">\n\t<td class=\"column-1\">Veli\u010dina pojedina\u010dne grupe (broj polaznika)<\/td><td class=\"column-2\">20<\/td>\n<\/tr>\n<tr class=\"row-6 even\">\n\t<td class=\"column-1\">Trajanje ukupnog programa (u nedeljama)<\/td><td class=\"column-2\">33<\/td>\n<\/tr>\n<tr class=\"row-7 odd\">\n\t<td class=\"column-1\">Trajanje obuka (broj nastavnih \u010dasova)<\/td><td class=\"column-2\">292<\/td>\n<\/tr>\n<tr class=\"row-8 even\">\n\t<td class=\"column-1\">Trajanje programa stru\u010dnih praksi<\/td><td class=\"column-2\">120 sati<\/td>\n<\/tr>\n<tr class=\"row-9 odd\">\n\t<td class=\"column-1\">Broj mesta za stru\u010dnu praksu<\/td><td class=\"column-2\">20<\/td>\n<\/tr>\n<tr class=\"row-10 even\">\n\t<td class=\"column-1\">Firme u kojima \u0107e se sprovoditi stru\u010dna praksa i broj mesta u svakoj<\/td><td class=\"column-2\">ComData (3), Devoteam (4), Execom (2), GreenSoft (15), Intens (4), Levi9 (5), TIAC (5), Zesium (2)<\/td>\n<\/tr>\n<tr class=\"row-11 odd\">\n\t<td class=\"column-1\">Raspored \u010dasova (dani i sati; navesti eventualne periode pauza u radu)<\/td><td class=\"column-2\">ponedeljak, sreda, petak, u ve\u010dernjim \u010dasovima, po tri \u010dasa u svakom terminu, pauze izme\u0111u modula i pred ispite.<\/td>\n<\/tr>\n<tr class=\"row-12 even\">\n\t<td class=\"column-1\">O\u010dekivanja od polaznika van nastave (okviran broj sati nedeljno za doma\u0107e zadatke, samostalan rad, itd)<\/td><td class=\"column-2\">Minimum 15 sati nedeljno<\/td>\n<\/tr>\n<tr class=\"row-13 odd\">\n\t<td class=\"column-1\">Kriterijumi za izdavanje sertifikata o uspe\u0161no zavr\u0161enom programu<\/td><td class=\"column-2\">-\t90 i vi\u0161e ukupnih bodova: diploma o uspe\u0161no zavr\u0161enoj obuci i posebna pohvala<br \/>\n-\t60 do 89 ukupnih bodova: diploma o uspe\u0161no zavr\u0161enoj obuci<br \/>\n-\tManje od 60 bodova i minimalno 80% prisutnosti na nastavi: diploma o poha\u0111anoj obuci<br \/>\n-\tManje od 60 bodova i manje od 80% prisutnosti na nastavi: bez diplome<\/td>\n<\/tr>\n<tr class=\"row-14 even\">\n\t<td class=\"column-1\">O\u010dekivani ishodi\/rezultati programa<\/td><td class=\"column-2\">Znanje neophodno da samostalno mogu da izrade aplikacije niske i srednje kompleksnosti. Ovladavanje principima i tehnikama izrade proceduralnih programa i upoznavanje sa strukturama podataka. Ovladavanje principima, tehnikama i na\u010dinom upotrebe objektne metodologije i tehnologije za izradu softvera upotrebom programskog jezika. Polaznici se osposobljavaju i za ovladavanje osnovnim pojmovima u oblasti baza podataka i osnovnim tehnikama implementacije i kori\u0161\u0107enja baza podataka. Osposobljavanje polaznika za re\u0161avanje problema iz oblasti Web programiranja, \u0161to obuhvata poznavanje HTTP protokola, programskih jezika HTML, CSS, JavaScript kao i organizaciju i arhitekturu Web aplikacija. Obuka cilja i da pru\u017ei dobru osnovu za samostalno izu\u010davanje i produbljivanje znanja programiranja i programerskih ve\u0161tina.<\/td>\n<\/tr>\n<tr class=\"row-15 odd\">\n\t<td class=\"column-1\">Kratak opis programa i metodologije (1-2 pasusa, uklju\u010duju\u0107i opis obuke, opis stru\u010dnih praksi, programe dodatnih ve\u0161tina i eventualne dodatne elemente)<\/td><td class=\"column-2\">Program se izvodi kroz predavanja i ve\u017ebe, po modulima: Osnove proceduralnog programiranja, Objektno-orijentisano programiranje, Baze podataka, Back-end, Front-end.<br \/>\nNa raspolaganju je onlajn platforma za postavljanje zadataka, pitanja i odgovora, komunikaciju me\u0111u polaznicima i sa predava\u010dima.<br \/>\nU program je uklju\u010deno i 20 \u010dasova na temu karijerjnog vo\u0111enja, sa posetama kompanijama.<br \/>\nTokom izvo\u0111enja programa se vodi evidencija o pokazanom znanju, inicijativi, timskom radu, aktivnosti na \u010dasu i na forumu - \u0161to se sve uzima u obzir u pisanju individualne preporuke\/mi\u0161ljenja za svakog polaznika.<\/td>\n<\/tr>\n<tr class=\"row-16 even\">\n\t<td class=\"column-1\">Link za detaljniji opis programa (kurikulum, materijali, metodologija)<\/td><td class=\"column-2\"><\/td>\n<\/tr>\n<tr class=\"row-17 odd\">\n\t<td class=\"column-1\">Opis procesa selekcije (pisani test, razgovor, drugo)<\/td><td class=\"column-2\">Pisani testovi iz oblasti a) informatika i logika i b) engleski jezik<br \/>\nNa osnovu rezultata sa ovih testova se u\u017ei krug kandidata poziva na intervju, a zatim se formira kona\u010dna rang lista.<\/td>\n<\/tr>\n<tr class=\"row-18 even\">\n\t<td class=\"column-1\">Opis selekcije: test (broj pitanja, trajanje, na\u010din ocenjivanja, link ka primerima pitanja)<\/td><td class=\"column-2\">Kandidati pola\u017eu pismeni test od 20 pitanja. Deset pitanja je iz logike, dok je drugih deset pitanja iz informatike. Pitanja su takva da nije potrebno stru\u010dno znanje oblasti informacionih tehnologija. Maksimalni broj bodova koji se  mo\u017ee osvojiti na ovom testu je 200 (100 na logici i 100 na informatici).   <br \/>\nProvera znanja kandidata iz engleskog jezika je u vidu pismenog testa od 10 pitanja. Ukupan broj bodova na ovom testu je 100.<\/td>\n<\/tr>\n<tr class=\"row-19 odd\">\n\t<td class=\"column-1\">Opis selekcije: razgovor <\/td><td class=\"column-2\">Pored pismenog testa iz oblasti informacionih tehnologija i engleskog jezika sa kandidatima \u0107e se obaviti intervju koji obuhvata procenu motivacije, komunikativnosti i sklonosti ka timskom radu. Svaki od ova tri dela boduje se bodovima od 0 do 100. Ukupan broj bodova koji kandidat mo\u017ee osvojiti na intervjuu je 100.<\/td>\n<\/tr>\n<tr class=\"row-20 even\">\n\t<td class=\"column-1\">Opis selekcije: (upisati)<\/td><td class=\"column-2\"><\/td>\n<\/tr>\n<\/tbody>\n<\/table>\n<!-- #tablepress-48 from cache -->\n","protected":false},"excerpt":{"rendered":"","protected":false},"author":13,"featured_media":0,"parent":0,"menu_order":0,"comment_status":"closed","ping_status":"closed","template":"","meta":[],"_links":{"self":[{"href":"https:\/\/itobuke.rs\/rs\/wp-json\/wp\/v2\/pages\/2817"}],"collection":[{"href":"https:\/\/itobuke.rs\/rs\/wp-json\/wp\/v2\/pages"}],"about":[{"href":"https:\/\/itobuke.rs\/rs\/wp-json\/wp\/v2\/types\/page"}],"author":[{"embeddable":true,"href":"https:\/\/itobuke.rs\/rs\/wp-json\/wp\/v2\/users\/13"}],"replies":[{"embeddable":true,"href":"https:\/\/itobuke.rs\/rs\/wp-json\/wp\/v2\/comments?post=2817"}],"version-history":[{"count":1,"href":"https:\/\/itobuke.rs\/rs\/wp-json\/wp\/v2\/pages\/2817\/revisions"}],"predecessor-version":[{"id":2818,"href":"https:\/\/itobuke.rs\/rs\/wp-json\/wp\/v2\/pages\/2817\/revisions\/2818"}],"wp:attachment":[{"href":"https:\/\/itobuke.rs\/rs\/wp-json\/wp\/v2\/media?parent=2817"}],"curies":[{"name":"wp","href":"https:\/\/api.w.org\/{rel}","templated":true}]}}