{"id":2823,"date":"2019-01-04T10:51:47","date_gmt":"2019-01-04T09:51:47","guid":{"rendered":"http:\/\/itobuke.rs\/?page_id=2823"},"modified":"2019-01-04T10:51:47","modified_gmt":"2019-01-04T09:51:47","slug":"vtsss-kragujevac","status":"publish","type":"page","link":"https:\/\/itobuke.rs\/rs\/vtsss-kragujevac\/","title":{"rendered":"VT\u0160SS Kragujevac"},"content":{"rendered":"\n<table id=\"tablepress-50\" class=\"tablepress tablepress-id-50 tablepress-responsive\">\n<tbody class=\"row-hover\">\n<tr class=\"row-1 odd\">\n\t<td class=\"column-1\">Naziv \u0161kole<\/td><td class=\"column-2\">Visoka tehni\u010dka \u0161kola strukovnih studija u Kragujevcu<\/td>\n<\/tr>\n<tr class=\"row-2 even\">\n\t<td class=\"column-1\">Mesto<\/td><td class=\"column-2\">Kragujevac<\/td>\n<\/tr>\n<tr class=\"row-3 odd\">\n\t<td class=\"column-1\">Programski jezik<\/td><td class=\"column-2\">Java<\/td>\n<\/tr>\n<tr class=\"row-4 even\">\n\t<td class=\"column-1\">Broj polaznika<\/td><td class=\"column-2\">17<\/td>\n<\/tr>\n<tr class=\"row-5 odd\">\n\t<td class=\"column-1\">Veli\u010dina pojedina\u010dne grupe (broj polaznika)<\/td><td class=\"column-2\">17<\/td>\n<\/tr>\n<tr class=\"row-6 even\">\n\t<td class=\"column-1\">Trajanje ukupnog programa (u nedeljama)<\/td><td class=\"column-2\">28<\/td>\n<\/tr>\n<tr class=\"row-7 odd\">\n\t<td class=\"column-1\">Trajanje obuka (broj nastavnih \u010dasova)<\/td><td class=\"column-2\">400<\/td>\n<\/tr>\n<tr class=\"row-8 even\">\n\t<td class=\"column-1\">Trajanje programa stru\u010dnih praksi<\/td><td class=\"column-2\">120<\/td>\n<\/tr>\n<tr class=\"row-9 odd\">\n\t<td class=\"column-1\">Broj mesta za stru\u010dnu praksu<\/td><td class=\"column-2\">17<\/td>\n<\/tr>\n<tr class=\"row-10 even\">\n\t<td class=\"column-1\">Firme u kojima \u0107e se sprovoditi stru\u010dna praksa i broj mesta u svakoj<\/td><td class=\"column-2\">\u2022        Inovatec DOO;<br \/>\n\u2022        Intranea DOO<br \/>\n<\/td>\n<\/tr>\n<tr class=\"row-11 odd\">\n\t<td class=\"column-1\">Raspored \u010dasova (dani i sati; navesti eventualne periode pauza u radu)<\/td><td class=\"column-2\">\u010detvrtkom 18-22, subota 9 - 13, nedelja 9-13, link: https:\/\/drive.google.com\/drive\/my-drive?ogsrc=32<\/td>\n<\/tr>\n<tr class=\"row-12 even\">\n\t<td class=\"column-1\">O\u010dekivanja od polaznika van nastave (okviran broj sati nedeljno za doma\u0107e zadatke, samostalan rad, itd)<\/td><td class=\"column-2\">Predvi\u0111eno je da polaznik ulo\u017ei 2-3 sata dnevno za izradu predispitnih obaveza - u proseku 15-20 sati nedeljno<\/td>\n<\/tr>\n<tr class=\"row-13 odd\">\n\t<td class=\"column-1\">Kriterijumi za izdavanje sertifikata o uspe\u0161no zavr\u0161enom programu<\/td><td class=\"column-2\">Polo\u0111eni svi ispiti i potvrda o uspe\u0161no zavr\u0161enoj stru\u010dnoj praksi<\/td>\n<\/tr>\n<tr class=\"row-14 even\">\n\t<td class=\"column-1\">O\u010dekivani ishodi\/rezultati programa<\/td><td class=\"column-2\">Osposobljenost kandidata za obavljanje poslova junior Java programera<\/td>\n<\/tr>\n<tr class=\"row-15 odd\">\n\t<td class=\"column-1\">Kratak opis programa i metodologije (1-2 pasusa, uklju\u010duju\u0107i opis obuke, opis stru\u010dnih praksi, programe dodatnih ve\u0161tina i eventualne dodatne elemente)<\/td><td class=\"column-2\">Projekat je osmi\u0161ljen kao sveobuhvatan kurs programskog jezika Java koji predstavlja najtra\u017eeniji programski jezik na tr\u017ei\u0161tu. Program je osmi\u0161ljen tako da polazniku pru\u017ei upravo ona znanja neophodna za trenutno uklju\u010divanje u rad neke softverske kompanije i trenutan uspeh na intervjuu za posao junior Java programera. Polaznici \u0107e po\u010deti od po\u010detka, budu\u0107i da se o\u010dekuju i polaznici bez programerskog iskustva, - osnova programiranja u Javi, izu\u010dava\u0107e kreiranje programa sa objektno - orijentisanom strukturom i grafi\u010dkim korisni\u010dkim interfejsom. Nakon savladavanja bazi\u010dnih tema, polaznici \u0107e pre\u0107i na kreiranje programa nad bazama podataka, upravljanje gre\u0161kama u Java programina i pisanje jedini\u010dnih testova. Nakon ovoga, polaznik \u0107e biti osposobljen da izu\u010dava i koristi alate i tehnologije neophodne za kreiranje naprednih programa u formi veb aplikacija nad Java Enterprise Edition platformom. Korisnici \u0107e biti upoznati sa razvojem JEE aplikacija i primenom Spring Boot okvira i podr\u017eanih novih savremenih jezika i okvira Groovy i Grails. Savladavanjem ovih naprednih Java alata i tehnologija polaznici \u0107e biti osposobljeni da na realnim projektima aktivno primenjuju najpopularnije i najtra\u017eenije alate i tehnologije na IT tr\u017ei\u0161tu. Obuka iz Jave se izvodi temeljno i postupno, po savremenom principu \"kora po korak\", a to podrazumeva kratko teorijsko izlaganje, zatim demonstracija izlo\u017eene teorije kroz pokazne primere i kona\u010dno samostalni rad polaznika na konkretnim problemima uz podr\u0161ku predava\u010da. Nakon izu\u010davanja Jave, pristupa se izu\u010davanju ve\u0161tina tra\u017eenja posla Java programera, kao i upravljanja softverskim projektima. Polaznik koji uspe\u0161no savlada navedene treninge u ra\u010dunarskoj u\u010dionici upu\u0107uje se na stru\u010dnu praksu gde \u0107e ste\u010deno znanje nau\u010diti da primenjuje u uslovima izvo\u0111enja realnih softverskih projekata u softverskim firmama partnerima.<\/td>\n<\/tr>\n<tr class=\"row-16 even\">\n\t<td class=\"column-1\">Link za detaljniji opis programa (kurikulum, materijali, metodologija)<\/td><td class=\"column-2\">Kurikulum i materijali : https:\/\/drive.google.com\/drive\/folders\/1-HIC3Fy2yU-ZrwysynqKXRr1ItHZN0gQ?ogsrc=32  https:\/\/drive.google.com\/drive\/folders\/1VkFoKnqpm0X4D115WaFrOnpL_p2fqnsu?ogsrc=32<\/td>\n<\/tr>\n<tr class=\"row-17 odd\">\n\t<td class=\"column-1\">Opis procesa selekcije (pisani test, razgovor, drugo)<\/td><td class=\"column-2\">Selekcija se obavlja u dva koraka: izrada pisanog testa i intervju sa kandidatima. <\/td>\n<\/tr>\n<tr class=\"row-18 even\">\n\t<td class=\"column-1\">Opis selekcije: test (broj pitanja, trajanje, na\u010din ocenjivanja, link ka primerima pitanja)<\/td><td class=\"column-2\">Kandidati prvo pristupaju izradi testa za snala\u017eenje u re\u0161avanju logi\u010dkih problema u, za tu  svrhu, posebno pripremljenoj ra\u010dunarskoj u\u010dionici u prostorijama VT\u0160SS u Kragujevcu. Test se sastoji od 10 pitanja od kojih se svako mo\u017ee da donese do 2 poena na na\u010din jasno predo\u010den polaznicima kursa. Trajanje izrade testa je 20 minuta. Nakon izrade testa vr\u0161i se bodovanje i formira se nova - privremena rang lista kandidata. <\/td>\n<\/tr>\n<tr class=\"row-19 odd\">\n\t<td class=\"column-1\">Opis selekcije: razgovor <\/td><td class=\"column-2\">Kroz intervju, svaki od kandidata mo\u017ee da zaradi dodatnih 20 bodova, koji se ostvaruju na slede\u0107i na\u010din:<br \/>\n<br \/>\n\u2022\t0 poena dobijaju kandidati koji se nisu pojavili na intervjuu \u2013 nemotivisani kandidati;<br \/>\n\u2022\t1 - 5 poena dobijaju kandidati koji su se pojavili na intervjuu ali se nisu potrudili da se informi\u0161u u vezi sa programskim jezikom koji se izu\u010dava na \u010dasovima nastave i radionicama \u2013 slabo motivisani kandidati;<br \/>\n\u2022\t6 \u2013 10 poena dobijaju kandidati koji su se pojavili na intervjuu i stekli su samostalno neke osnovne informacije u vezi sa problematikom koja se izu\u010dava na \u010dasovima nastave i radionicama. Ovakvi kandidati pokazuju ve\u0107i stepen motivisanosti od prethodne dve grupe kandidata za savladavanje predvi\u0111enog gradiva \u2013 dobro motivisani kandidati;<br \/>\n\u2022\t11 \u2013 15 poena dobijaju kandidati koji su se pojavili na intervjuu i stekli su samostalno ve\u0107i broj informacija u vezi sa programskim jezikom koji se izu\u010dava na \u010dasovima nastave i radionicama \u2013 jako motivisani kandidati; <br \/>\n\u2022\t16 \u2013 20 poena dobijaju kandidati koji su se pojavili na intervjuu i pokazali veoma veliki stepen motivisanosti da savladaju kompletno gradivo koje se izu\u010dava na \u010dasovima nastave i radionicama. Ovi kandidati su samostalno poku\u0161ali da u\u010de neki programski jezik, imaju jasnu ideju kako bi potra\u017eili re\u0161enje nekog problema u slu\u010daju da trenutno ne mogu da se obrate nekom iskusnijem programeru, imaju jasnu ideju gde i na kojim programerskim poslovima bi \u017eeleli da rade \u2013 izuzetno motivisani kandidati.<br \/>\n<br \/>\nNakon obavljenog intervjua sa svim kandidatima i obavljenog bodovanja na opisani na\u010din formira se nova privremena rang lista. Nakon zavr\u0161enog roka za \u017ealbe i prigovore, i eventualnih uva\u017eenih opravdanih prigovora, formira se kona\u010dna rang lista kandidata.<br \/>\n<\/td>\n<\/tr>\n<tr class=\"row-20 even\">\n\t<td class=\"column-1\">Opis selekcije: (upisati)<\/td><td class=\"column-2\">\/<\/td>\n<\/tr>\n<\/tbody>\n<\/table>\n<!-- #tablepress-50 from cache -->\n","protected":false},"excerpt":{"rendered":"","protected":false},"author":13,"featured_media":0,"parent":0,"menu_order":0,"comment_status":"closed","ping_status":"closed","template":"","meta":[],"_links":{"self":[{"href":"https:\/\/itobuke.rs\/rs\/wp-json\/wp\/v2\/pages\/2823"}],"collection":[{"href":"https:\/\/itobuke.rs\/rs\/wp-json\/wp\/v2\/pages"}],"about":[{"href":"https:\/\/itobuke.rs\/rs\/wp-json\/wp\/v2\/types\/page"}],"author":[{"embeddable":true,"href":"https:\/\/itobuke.rs\/rs\/wp-json\/wp\/v2\/users\/13"}],"replies":[{"embeddable":true,"href":"https:\/\/itobuke.rs\/rs\/wp-json\/wp\/v2\/comments?post=2823"}],"version-history":[{"count":1,"href":"https:\/\/itobuke.rs\/rs\/wp-json\/wp\/v2\/pages\/2823\/revisions"}],"predecessor-version":[{"id":2826,"href":"https:\/\/itobuke.rs\/rs\/wp-json\/wp\/v2\/pages\/2823\/revisions\/2826"}],"wp:attachment":[{"href":"https:\/\/itobuke.rs\/rs\/wp-json\/wp\/v2\/media?parent=2823"}],"curies":[{"name":"wp","href":"https:\/\/api.w.org\/{rel}","templated":true}]}}